{"id":2299,"date":"2025-02-18T10:42:23","date_gmt":"2025-02-18T09:42:23","guid":{"rendered":"https:\/\/wiejskieprzysmaki.estima.site\/produkt\/herbatniki-orkiszowe-z-mleczna-czekolada-fair-trade-bio-28-g-alce-nero\/"},"modified":"2025-02-18T10:42:34","modified_gmt":"2025-02-18T09:42:34","slug":"herbatniki-orkiszowe-z-mleczna-czekolada-fair-trade-bio-28-g-alce-nero","status":"publish","type":"product","link":"https:\/\/wiejskieprzysmaki.estima.site\/en\/product\/herbatniki-orkiszowe-z-mleczna-czekolada-fair-trade-bio-28-g-alce-nero\/","title":{"rendered":"HERBATNIKI ORKISZOWE Z MLECZN\u0104 CZEKOLAD\u0104 FAIR TRADE BIO 28 g &#8211; ALCE NERO"},"content":{"rendered":"<p>SK\u0141ADNIKI<br \/>herbatnik* (57 %): m\u0105ka z PSZENICY ORKISZ* (67 %), cukier trzcinowy*, oliwa z oliwek extra virgin* (5,6 %), olej s\u0142onecznikowy*, skrobia PSZENNA*, pasta z ORZECH\u00d3W LASKOWYCH*, mi\u00f3d*, m\u0105ka z p\u0142atk\u00f3w OWSIANYCH*, substancja spulchniaj\u0105ca (w\u0119glany sodu), s\u00f3l. Mleczna czekolada* (43 %), masa kakaowa min. 25 %: cukier trzcinowy*, t\u0142uszcz kakaowy* (18 %), MLEKO pe\u0142ne w proszku* (14 %), miazga kakaowa* (10 %), emulgator: lecytyny (ze s\u0142onecznika*), wanilia w proszku* (*certyfikowany sk\u0142adnik ekologiczny).<br \/>Masa kakaowa minimum 25 %.<\/p>\n<p>WARTO\u015a\u0106 OD\u017bYWCZA W 100 g<br \/>Warto\u015b\u0107 energetyczna &#8211; 1999 kJ \/ 476 kcal<br \/>T\u0142uszcz &#8211; 19 g<br \/>w tym kwasy t\u0142uszczowe nasycone &#8211; 7,0 g<br \/>W\u0119glowodany &#8211; 68 g<br \/>w tym cukry &#8211; 38 g<br \/>Bia\u0142ko &#8211; 7,2 g<br \/>S\u00f3l &#8211; 0,18 g<\/p>\n<p>INFORMACJA ALERGENNA<br \/>Mo\u017ce zawiera\u0107 inne ZBO\u017bA ZAWIERAJ\u0104CE GLUTEN, JAJA, inne ORZECHY, GORCZYC\u0118, SOJ\u0118.<\/p>\n<p>ZALECANE WARUNKI PRZECHOWYWANIA<br \/>Przechowywa\u0107 w suchym i ch\u0142odnym miejscu.<\/p>","protected":false},"excerpt":{"rendered":"<p>SK\u0141ADNIKIherbatnik* (57 %): m\u0105ka z PSZENICY ORKISZ* (67 %), cukier trzcinowy*, oliwa z oliwek extra virgin* (5,6 %), olej s\u0142onecznikowy*, skrobia PSZENNA*, pasta z ORZECH\u00d3W LASKOWYCH*, mi\u00f3d*, m\u0105ka z p\u0142atk\u00f3w OWSIANYCH*, substancja spulchniaj\u0105ca (w\u0119glany sodu), s\u00f3l. Mleczna czekolada* (43 %), masa kakaowa min. 25 %: cukier trzcinowy*, t\u0142uszcz kakaowy* (18 %), MLEKO pe\u0142ne w proszku* [&hellip;]<\/p>","protected":false},"featured_media":2300,"comment_status":"closed","ping_status":"open","template":"","meta":{"_acf_changed":false},"product_brand":[],"product_cat":[1434,139],"product_tag":[],"class_list":{"0":"post-2299","1":"product","2":"type-product","3":"status-publish","4":"has-post-thumbnail","6":"product_cat-ciastka","7":"product_cat-slodycze-i-przekaski","8":"pa_ean-matka-2190","9":"pa_gwarancja-przydatnosci-324","10":"pa_ilosc-w-opakowaniu-454","11":"pa_jednostka-podstawowa-szt","12":"pa_kod-cn-1905-31-19","13":"pa_kraj-pochodzenia-skladnikow-turcja","14":"pa_masa-netto-2188","15":"pa_objetosc-brutto-2189","16":"pa_producent-alce-nero-wloskie-produkty","17":"pa_producent-nazwa-adres-alce-nero-s-p-a-via-palazzetti-5c-40068-san-lazzaro-di-savena-bo","18":"pa_tagi-certyfikat-bio","19":"pa_tagi-wegetarianski","21":"first","22":"instock","23":"taxable","24":"shipping-taxable","25":"purchasable","26":"product-type-simple"},"acf":[],"_links":{"self":[{"href":"https:\/\/wiejskieprzysmaki.estima.site\/en\/wp-json\/wp\/v2\/product\/2299","targetHints":{"allow":["GET"]}}],"collection":[{"href":"https:\/\/wiejskieprzysmaki.estima.site\/en\/wp-json\/wp\/v2\/product"}],"about":[{"href":"https:\/\/wiejskieprzysmaki.estima.site\/en\/wp-json\/wp\/v2\/types\/product"}],"replies":[{"embeddable":true,"href":"https:\/\/wiejskieprzysmaki.estima.site\/en\/wp-json\/wp\/v2\/comments?post=2299"}],"wp:featuredmedia":[{"embeddable":true,"href":"https:\/\/wiejskieprzysmaki.estima.site\/en\/wp-json\/wp\/v2\/media\/2300"}],"wp:attachment":[{"href":"https:\/\/wiejskieprzysmaki.estima.site\/en\/wp-json\/wp\/v2\/media?parent=2299"}],"wp:term":[{"taxonomy":"product_brand","embeddable":true,"href":"https:\/\/wiejskieprzysmaki.estima.site\/en\/wp-json\/wp\/v2\/product_brand?post=2299"},{"taxonomy":"product_cat","embeddable":true,"href":"https:\/\/wiejskieprzysmaki.estima.site\/en\/wp-json\/wp\/v2\/product_cat?post=2299"},{"taxonomy":"product_tag","embeddable":true,"href":"https:\/\/wiejskieprzysmaki.estima.site\/en\/wp-json\/wp\/v2\/product_tag?post=2299"}],"curies":[{"name":"wp","href":"https:\/\/api.w.org\/{rel}","templated":true}]}}