{"id":2307,"date":"2025-02-18T10:42:36","date_gmt":"2025-02-18T09:42:36","guid":{"rendered":"https:\/\/wiejskieprzysmaki.estima.site\/produkt\/syrop-malinowy-bio-750-ml-batom\/"},"modified":"2025-02-18T10:42:36","modified_gmt":"2025-02-18T09:42:36","slug":"syrop-malinowy-bio-750-ml-batom","status":"publish","type":"product","link":"https:\/\/wiejskieprzysmaki.estima.site\/en\/product\/syrop-malinowy-bio-750-ml-batom\/","title":{"rendered":"SYROP MALINOWY BIO 750 ml &#8211; BATOM"},"content":{"rendered":"<p>SK\u0141ADNIKI<br \/>sok malinowy* (70 %), cukier trzcinowy* (30 %) (*certyfikowany sk\u0142adnik ekologiczny)<\/p>\n<p>OPIS<br \/>Sok t\u0142oczony ze \u015bwie\u017cych, ekologicznych malin z dodatkiem cukru trzcinowego, pasteryzowany. Doskona\u0142y do picia po rozcie\u0144czeniu jako dodatek do deser\u00f3w i napoj\u00f3w.<\/p>\n<p>WARTO\u015a\u0106 OD\u017bYWCZA W 100 g<br \/>Warto\u015b\u0107 energetyczna &#8211; 724 kJ\/171 kcal<br \/>T\u0142uszcz &#8211; 0,2 g<br \/>w tym kwasy t\u0142uszczowe nasycone &#8211; 0,1 g<br \/>W\u0119glowodany &#8211; 42 g<br \/>w tym cukry &#8211; 40 g<br \/>Bia\u0142ko &#8211; 0,2 g<br \/>S\u00f3l &#8211; 0,01 g<\/p>\n<p>UWAGI<br \/>Przed otwarciem wstrz\u0105sn\u0105\u0107. M\u0119tno\u015b\u0107 i osad tworz\u0105 naturalne cz\u0105steczki owoc\u00f3w.<\/p>\n<p>ZALECANE WARUNKI PRZECHOWYWANIA<br \/>Przechowywa\u0107 w ch\u0142odnym i ciemnym miejscu (po otwarciu przez kilka dni w lod\u00f3wce)  <\/p>","protected":false},"excerpt":{"rendered":"<p>SK\u0141ADNIKIsok malinowy* (70 %), cukier trzcinowy* (30 %) (*certyfikowany sk\u0142adnik ekologiczny) OPISSok t\u0142oczony ze \u015bwie\u017cych, ekologicznych malin z dodatkiem cukru trzcinowego, pasteryzowany. Doskona\u0142y do picia po rozcie\u0144czeniu jako dodatek do deser\u00f3w i napoj\u00f3w. WARTO\u015a\u0106 OD\u017bYWCZA W 100 gWarto\u015b\u0107 energetyczna &#8211; 724 kJ\/171 kcalT\u0142uszcz &#8211; 0,2 gw tym kwasy t\u0142uszczowe nasycone &#8211; 0,1 gW\u0119glowodany &#8211; 42 [&hellip;]<\/p>","protected":false},"featured_media":2308,"comment_status":"closed","ping_status":"open","template":"","meta":{"_acf_changed":false},"product_brand":[],"product_cat":[134,744],"product_tag":[],"class_list":{"0":"post-2307","1":"product","2":"type-product","3":"status-publish","4":"has-post-thumbnail","6":"product_cat-napoje","7":"product_cat-syropy-owocowe-i-inne","8":"pa_ean-matka-2194","9":"pa_gwarancja-przydatnosci-311","10":"pa_ilosc-w-opakowaniu-350","11":"pa_jednostka-podstawowa-szt","12":"pa_kod-cn-2009-89-79","13":"pa_objetosc-brutto-2185","14":"pa_objetosc-netto-450","15":"pa_producent-batom-oleje-soki-sole-kapielowe","16":"pa_producent-nazwa-adres-batom-pl-jozef-lesniak-hurtownia-zdrowej-zywnosci-generala-augusta-fieldorfa-nila-17-31-209-krakow","17":"pa_tagi-bez-glutenu-w-skladnikach","18":"pa_tagi-certyfikat-bio","19":"pa_tagi-weganski","20":"pa_tagi-wegetarianski","22":"first","23":"instock","24":"taxable","25":"shipping-taxable","26":"purchasable","27":"product-type-simple"},"acf":[],"_links":{"self":[{"href":"https:\/\/wiejskieprzysmaki.estima.site\/en\/wp-json\/wp\/v2\/product\/2307","targetHints":{"allow":["GET"]}}],"collection":[{"href":"https:\/\/wiejskieprzysmaki.estima.site\/en\/wp-json\/wp\/v2\/product"}],"about":[{"href":"https:\/\/wiejskieprzysmaki.estima.site\/en\/wp-json\/wp\/v2\/types\/product"}],"replies":[{"embeddable":true,"href":"https:\/\/wiejskieprzysmaki.estima.site\/en\/wp-json\/wp\/v2\/comments?post=2307"}],"wp:featuredmedia":[{"embeddable":true,"href":"https:\/\/wiejskieprzysmaki.estima.site\/en\/wp-json\/wp\/v2\/media\/2308"}],"wp:attachment":[{"href":"https:\/\/wiejskieprzysmaki.estima.site\/en\/wp-json\/wp\/v2\/media?parent=2307"}],"wp:term":[{"taxonomy":"product_brand","embeddable":true,"href":"https:\/\/wiejskieprzysmaki.estima.site\/en\/wp-json\/wp\/v2\/product_brand?post=2307"},{"taxonomy":"product_cat","embeddable":true,"href":"https:\/\/wiejskieprzysmaki.estima.site\/en\/wp-json\/wp\/v2\/product_cat?post=2307"},{"taxonomy":"product_tag","embeddable":true,"href":"https:\/\/wiejskieprzysmaki.estima.site\/en\/wp-json\/wp\/v2\/product_tag?post=2307"}],"curies":[{"name":"wp","href":"https:\/\/api.w.org\/{rel}","templated":true}]}}