{"id":2334,"date":"2025-02-18T10:42:36","date_gmt":"2025-02-18T09:42:36","guid":{"rendered":"https:\/\/wiejskieprzysmaki.estima.site\/produkt\/kawa-mielona-arabica-100-yirgacheffe-etiopia-fair-trade-bio-250-g-oxfam\/"},"modified":"2025-02-20T15:24:02","modified_gmt":"2025-02-20T14:24:02","slug":"kawa-mielona-arabica-100-yirgacheffe-etiopia-fair-trade-bio-250-g-oxfam","status":"publish","type":"product","link":"https:\/\/wiejskieprzysmaki.estima.site\/en\/product\/kawa-mielona-arabica-100-yirgacheffe-etiopia-fair-trade-bio-250-g-oxfam\/","title":{"rendered":"KAWA MIELONA ARABICA 100 % YIRGACHEFFE ETIOPIA FAIR TRADE BIO 250 g &#8211; OXFAM"},"content":{"rendered":"<p>SK\u0141ADNIKI <br \/>kawa arabica* 100 %. (*certyfikowany sk\u0142adnik ekologiczny)<\/p>\n<p>OPIS<br \/>Jasno palona, o lekkiej cielisto\u015bci z bogat\u0105 kwiatow\u0105 palet\u0105 smak\u00f3w, o niskiej kwasowo\u015bci, typowa dla regionu kawowego w po\u0142udniowej Etiopii.<br \/>Pakowano w atmosferze ochronnej.<\/p>\n<p>SPOS\u00d3B PRZYGOTOWANIA<br \/>Kaw\u0119 mo\u017cna zaparza\u0107 tradycyjnie w fili\u017cance zalewaj\u0105c wrz\u0105tkiem, przy u\u017cyciu filtra lub kawiarki.<\/p>\n<p>ZALECANE WARUNKI PRZECHOWYWANIA  <br \/>Przechowywa\u0107 w suchym i ch\u0142odnym miejscu.<\/p>","protected":false},"excerpt":{"rendered":"<p>SK\u0141ADNIKI kawa arabica* 100 %. (*certyfikowany sk\u0142adnik ekologiczny) OPISJasno palona, o lekkiej cielisto\u015bci z bogat\u0105 kwiatow\u0105 palet\u0105 smak\u00f3w, o niskiej kwasowo\u015bci, typowa dla regionu kawowego w po\u0142udniowej Etiopii.Pakowano w atmosferze ochronnej. SPOS\u00d3B PRZYGOTOWANIAKaw\u0119 mo\u017cna zaparza\u0107 tradycyjnie w fili\u017cance zalewaj\u0105c wrz\u0105tkiem, przy u\u017cyciu filtra lub kawiarki. ZALECANE WARUNKI PRZECHOWYWANIA Przechowywa\u0107 w suchym i ch\u0142odnym miejscu.<\/p>","protected":false},"featured_media":2335,"comment_status":"closed","ping_status":"open","template":"","meta":{"_acf_changed":false},"product_brand":[],"product_cat":[897],"product_tag":[],"class_list":{"0":"post-2334","1":"product","2":"type-product","3":"status-publish","4":"has-post-thumbnail","6":"product_cat-kawa-i-kakao","7":"pa_ean-matka-2212","8":"pa_gwarancja-przydatnosci-320","9":"pa_ilosc-w-opakowaniu-374","10":"pa_jednostka-podstawowa-szt","11":"pa_kod-cn-0901-21-00","12":"pa_masa-netto-480","13":"pa_objetosc-brutto-2211","14":"pa_producent-oxfam-fair-trade-ft-kawy-i-inne-produkty-ft","15":"pa_producent-nazwa-adres-oxfam-fair-trade-ververijstraat-15-9000-gent","16":"pa_tagi-bez-cukru-w-skladnikach","17":"pa_tagi-bez-glutenu-w-skladnikach","18":"pa_tagi-certyfikat-bio","19":"pa_tagi-weganski","20":"pa_tagi-wegetarianski","22":"first","23":"instock","24":"taxable","25":"shipping-taxable","26":"purchasable","27":"product-type-simple"},"acf":[],"_links":{"self":[{"href":"https:\/\/wiejskieprzysmaki.estima.site\/en\/wp-json\/wp\/v2\/product\/2334","targetHints":{"allow":["GET"]}}],"collection":[{"href":"https:\/\/wiejskieprzysmaki.estima.site\/en\/wp-json\/wp\/v2\/product"}],"about":[{"href":"https:\/\/wiejskieprzysmaki.estima.site\/en\/wp-json\/wp\/v2\/types\/product"}],"replies":[{"embeddable":true,"href":"https:\/\/wiejskieprzysmaki.estima.site\/en\/wp-json\/wp\/v2\/comments?post=2334"}],"wp:featuredmedia":[{"embeddable":true,"href":"https:\/\/wiejskieprzysmaki.estima.site\/en\/wp-json\/wp\/v2\/media\/2335"}],"wp:attachment":[{"href":"https:\/\/wiejskieprzysmaki.estima.site\/en\/wp-json\/wp\/v2\/media?parent=2334"}],"wp:term":[{"taxonomy":"product_brand","embeddable":true,"href":"https:\/\/wiejskieprzysmaki.estima.site\/en\/wp-json\/wp\/v2\/product_brand?post=2334"},{"taxonomy":"product_cat","embeddable":true,"href":"https:\/\/wiejskieprzysmaki.estima.site\/en\/wp-json\/wp\/v2\/product_cat?post=2334"},{"taxonomy":"product_tag","embeddable":true,"href":"https:\/\/wiejskieprzysmaki.estima.site\/en\/wp-json\/wp\/v2\/product_tag?post=2334"}],"curies":[{"name":"wp","href":"https:\/\/api.w.org\/{rel}","templated":true}]}}