{"id":2340,"date":"2025-02-18T10:42:36","date_gmt":"2025-02-18T09:42:36","guid":{"rendered":"https:\/\/wiejskieprzysmaki.estima.site\/produkt\/kawa-ziarnista-arabica-robusta-wysokogorska-fair-trade-bio-250-g-oxfam\/"},"modified":"2025-02-20T15:24:04","modified_gmt":"2025-02-20T14:24:04","slug":"kawa-ziarnista-arabica-robusta-wysokogorska-fair-trade-bio-250-g-oxfam","status":"publish","type":"product","link":"https:\/\/wiejskieprzysmaki.estima.site\/en\/product\/kawa-ziarnista-arabica-robusta-wysokogorska-fair-trade-bio-250-g-oxfam\/","title":{"rendered":"KAWA ZIARNISTA ARABICA\/ROBUSTA WYSOKOG\u00d3RSKA FAIR TRADE BIO 250 g &#8211; OXFAM"},"content":{"rendered":"<p>SK\u0141ADNIKI<br \/>ekologiczna kawa ziarnista arabica i robusta palona. Minimum 90 % kawy arabica.<\/p>\n<p>OPIS<br \/>Ekologiczna kawa wysokog\u00f3rska sk\u0142ada si\u0119 z mieszanki \u015bci\u015ble kontrolowanych upraw kaw Arabica \/ Robusta.<br \/>Kawa pochodzi z Hondurasu, Peru, Kongo i jest uprawiana na wysoko\u015bci od 1400 do 1800 m. n. p. m.<br \/>Nadaje to kawie przyjemn\u0105 kwasowo\u015b\u0107 po\u0142\u0105czon\u0105 z owocowymi aromatami.<br \/>Palenie kawy odbywa si\u0119 na poziomach od \u015bredniego do jasnego, dzi\u0119ki czemu zachowuje ona wyj\u0105tkowe w\u0142a\u015bciwo\u015bci aromatyczne.<br \/>Kawa o \u0142agodnej kwasowo\u015bci i owocowym posmaku.<\/p>\n<p>Pakowano w atmosferze ochronnej.<\/p>\n<p>ZALECANE WARUNKI PRZECHOWYWANIA  <br \/>Przechowywa\u0107 w szczelnie zamkni\u0119tym opakowaniu w zacienionym miejscu.<\/p>","protected":false},"excerpt":{"rendered":"<p>SK\u0141ADNIKIekologiczna kawa ziarnista arabica i robusta palona. Minimum 90 % kawy arabica. OPISEkologiczna kawa wysokog\u00f3rska sk\u0142ada si\u0119 z mieszanki \u015bci\u015ble kontrolowanych upraw kaw Arabica \/ Robusta.Kawa pochodzi z Hondurasu, Peru, Kongo i jest uprawiana na wysoko\u015bci od 1400 do 1800 m. n. p. m.Nadaje to kawie przyjemn\u0105 kwasowo\u015b\u0107 po\u0142\u0105czon\u0105 z owocowymi aromatami.Palenie kawy odbywa si\u0119 [&hellip;]<\/p>","protected":false},"featured_media":2341,"comment_status":"closed","ping_status":"open","template":"","meta":{"_acf_changed":false},"product_brand":[],"product_cat":[897],"product_tag":[],"class_list":{"0":"post-2340","1":"product","2":"type-product","3":"status-publish","4":"has-post-thumbnail","6":"product_cat-kawa-i-kakao","7":"pa_ean-matka-2215","8":"pa_gwarancja-przydatnosci-320","9":"pa_ilosc-w-opakowaniu-374","10":"pa_jednostka-podstawowa-szt","11":"pa_kod-cn-0901-21-00","12":"pa_masa-netto-480","13":"pa_objetosc-brutto-2211","14":"pa_producent-oxfam-fair-trade-ft-kawy-i-inne-produkty-ft","15":"pa_producent-nazwa-adres-oxfam-fair-trade-ververijstraat-15-9000-gent","16":"pa_tagi-bez-cukru-w-skladnikach","17":"pa_tagi-bez-glutenu-w-skladnikach","18":"pa_tagi-certyfikat-bio","19":"pa_tagi-weganski","20":"pa_tagi-wegetarianski","22":"first","23":"instock","24":"taxable","25":"shipping-taxable","26":"purchasable","27":"product-type-simple"},"acf":[],"_links":{"self":[{"href":"https:\/\/wiejskieprzysmaki.estima.site\/en\/wp-json\/wp\/v2\/product\/2340","targetHints":{"allow":["GET"]}}],"collection":[{"href":"https:\/\/wiejskieprzysmaki.estima.site\/en\/wp-json\/wp\/v2\/product"}],"about":[{"href":"https:\/\/wiejskieprzysmaki.estima.site\/en\/wp-json\/wp\/v2\/types\/product"}],"replies":[{"embeddable":true,"href":"https:\/\/wiejskieprzysmaki.estima.site\/en\/wp-json\/wp\/v2\/comments?post=2340"}],"wp:featuredmedia":[{"embeddable":true,"href":"https:\/\/wiejskieprzysmaki.estima.site\/en\/wp-json\/wp\/v2\/media\/2341"}],"wp:attachment":[{"href":"https:\/\/wiejskieprzysmaki.estima.site\/en\/wp-json\/wp\/v2\/media?parent=2340"}],"wp:term":[{"taxonomy":"product_brand","embeddable":true,"href":"https:\/\/wiejskieprzysmaki.estima.site\/en\/wp-json\/wp\/v2\/product_brand?post=2340"},{"taxonomy":"product_cat","embeddable":true,"href":"https:\/\/wiejskieprzysmaki.estima.site\/en\/wp-json\/wp\/v2\/product_cat?post=2340"},{"taxonomy":"product_tag","embeddable":true,"href":"https:\/\/wiejskieprzysmaki.estima.site\/en\/wp-json\/wp\/v2\/product_tag?post=2340"}],"curies":[{"name":"wp","href":"https:\/\/api.w.org\/{rel}","templated":true}]}}