{"id":2342,"date":"2025-02-18T10:42:36","date_gmt":"2025-02-18T09:42:36","guid":{"rendered":"https:\/\/wiejskieprzysmaki.estima.site\/produkt\/kawa-ziarnista-arabica-robusta-wysokogorska-fair-trade-bio-1-kg-oxfam\/"},"modified":"2025-02-20T15:24:04","modified_gmt":"2025-02-20T14:24:04","slug":"kawa-ziarnista-arabica-robusta-wysokogorska-fair-trade-bio-1-kg-oxfam","status":"publish","type":"product","link":"https:\/\/wiejskieprzysmaki.estima.site\/en\/product\/kawa-ziarnista-arabica-robusta-wysokogorska-fair-trade-bio-1-kg-oxfam\/","title":{"rendered":"KAWA ZIARNISTA ARABICA\/ROBUSTA WYSOKOG\u00d3RSKA FAIR TRADE BIO 1 kg &#8211; OXFAM"},"content":{"rendered":"<p>SK\u0141ADNIKI<br \/>ekologiczna kawa ziarnista arabica i robusta palona. Minimum 90 % kawy arabica.<\/p>\n<p>OPIS<br \/>Ekologiczna kawa wysokog\u00f3rska sk\u0142ada si\u0119 z mieszanki \u015bci\u015ble kontrolowanych upraw kaw Arabica \/ Robusta.<br \/>Kawa pochodzi z Hondurasu, Peru, Kongo i jest uprawiana na wysoko\u015bci od 1400 do 1800 m. n. p. m.<br \/>Nadaje to kawie przyjemn\u0105 kwasowo\u015b\u0107 po\u0142\u0105czon\u0105 z owocowymi aromatami. <br \/>Palenie kawy odbywa si\u0119 na poziomach od \u015bredniego do jasnego, dzi\u0119ki czemu zachowuje ona wyj\u0105tkowe w\u0142a\u015bciwo\u015bci aromatyczne.<\/p>\n<p>Pakowano w atmosferze ochronnej. <\/p>\n<p>SPOS\u00d3B PRZYGOTOWANIA<br \/>Kaw\u0119 po zmieleniu mo\u017cna zaparza\u0107 przy u\u017cyciu filtra do kawy.<\/p>\n<p>ZALECANE WARUNKI PRZECHOWYWANIA  <br \/>Przechowywa\u0107 szczelnie zamkni\u0119te w ciemnym miejscu.<\/p>","protected":false},"excerpt":{"rendered":"<p>SK\u0141ADNIKIekologiczna kawa ziarnista arabica i robusta palona. Minimum 90 % kawy arabica. OPISEkologiczna kawa wysokog\u00f3rska sk\u0142ada si\u0119 z mieszanki \u015bci\u015ble kontrolowanych upraw kaw Arabica \/ Robusta.Kawa pochodzi z Hondurasu, Peru, Kongo i jest uprawiana na wysoko\u015bci od 1400 do 1800 m. n. p. m.Nadaje to kawie przyjemn\u0105 kwasowo\u015b\u0107 po\u0142\u0105czon\u0105 z owocowymi aromatami. Palenie kawy odbywa [&hellip;]<\/p>","protected":false},"featured_media":2343,"comment_status":"closed","ping_status":"open","template":"","meta":{"_acf_changed":false},"product_brand":[],"product_cat":[897],"product_tag":[],"class_list":{"0":"post-2342","1":"product","2":"type-product","3":"status-publish","4":"has-post-thumbnail","6":"product_cat-kawa-i-kakao","7":"pa_ean-matka-2217","8":"pa_gwarancja-przydatnosci-320","9":"pa_ilosc-w-opakowaniu-298","10":"pa_jednostka-podstawowa-szt","11":"pa_kod-cn-0901-21-00","12":"pa_masa-netto-209","13":"pa_objetosc-brutto-2216","14":"pa_producent-oxfam-fair-trade-ft-kawy-i-inne-produkty-ft","15":"pa_producent-nazwa-adres-oxfam-fair-trade-ververijstraat-15-9000-gent","16":"pa_tagi-bez-cukru-w-skladnikach","17":"pa_tagi-bez-glutenu-w-skladnikach","18":"pa_tagi-certyfikat-bio","19":"pa_tagi-weganski","20":"pa_tagi-wegetarianski","22":"first","23":"instock","24":"taxable","25":"shipping-taxable","26":"purchasable","27":"product-type-simple"},"acf":[],"_links":{"self":[{"href":"https:\/\/wiejskieprzysmaki.estima.site\/en\/wp-json\/wp\/v2\/product\/2342","targetHints":{"allow":["GET"]}}],"collection":[{"href":"https:\/\/wiejskieprzysmaki.estima.site\/en\/wp-json\/wp\/v2\/product"}],"about":[{"href":"https:\/\/wiejskieprzysmaki.estima.site\/en\/wp-json\/wp\/v2\/types\/product"}],"replies":[{"embeddable":true,"href":"https:\/\/wiejskieprzysmaki.estima.site\/en\/wp-json\/wp\/v2\/comments?post=2342"}],"wp:featuredmedia":[{"embeddable":true,"href":"https:\/\/wiejskieprzysmaki.estima.site\/en\/wp-json\/wp\/v2\/media\/2343"}],"wp:attachment":[{"href":"https:\/\/wiejskieprzysmaki.estima.site\/en\/wp-json\/wp\/v2\/media?parent=2342"}],"wp:term":[{"taxonomy":"product_brand","embeddable":true,"href":"https:\/\/wiejskieprzysmaki.estima.site\/en\/wp-json\/wp\/v2\/product_brand?post=2342"},{"taxonomy":"product_cat","embeddable":true,"href":"https:\/\/wiejskieprzysmaki.estima.site\/en\/wp-json\/wp\/v2\/product_cat?post=2342"},{"taxonomy":"product_tag","embeddable":true,"href":"https:\/\/wiejskieprzysmaki.estima.site\/en\/wp-json\/wp\/v2\/product_tag?post=2342"}],"curies":[{"name":"wp","href":"https:\/\/api.w.org\/{rel}","templated":true}]}}