{"id":2352,"date":"2025-02-18T10:42:51","date_gmt":"2025-02-18T09:42:51","guid":{"rendered":"https:\/\/wiejskieprzysmaki.estima.site\/produkt\/cukier-trzcinowy-mascobado-filipiny-fair-trade-bio-1-kg-oxfam\/"},"modified":"2025-02-18T10:42:54","modified_gmt":"2025-02-18T09:42:54","slug":"cukier-trzcinowy-mascobado-filipiny-fair-trade-bio-1-kg-oxfam","status":"publish","type":"product","link":"https:\/\/wiejskieprzysmaki.estima.site\/en\/product\/cukier-trzcinowy-mascobado-filipiny-fair-trade-bio-1-kg-oxfam\/","title":{"rendered":"CUKIER TRZCINOWY MASCOBADO FILIPINY FAIR TRADE BIO 1 kg &#8211; OXFAM"},"content":{"rendered":"<p>SK\u0141ADNIKI <br \/>ekologiczny cukier trzcinowy Mascobado.<\/p>\n<p>OPIS<br \/>Cukier Muscovado i cukier Mascobado to praktycznie to samo. R\u00f3\u017cnica w nazwie wynika g\u0142\u00f3wnie z transliteracji lub regionalnych r\u00f3\u017cnic w zapisie, ale oba terminy odnosz\u0105 si\u0119 do tego samego rodzaju cukru.&nbsp;<br \/>Cukier Muscovado powstaje poprzez krystalizacj\u0119 i suszenie soku trzcinowego, z minimalnym przetwarzaniem. Cz\u0119\u015b\u0107 melasy pozostaje w kryszta\u0142kach cukru, nadaj\u0105c mu charakterystyczny smak.<br \/>Cukier ma lepk\u0105, wilgotn\u0105 konsystencj\u0119. Kryszta\u0142ki s\u0105 drobne i ciemnobr\u0105zowe. Wyra\u017any, intensywny smak melasy, z nutami lukrecji i toffi.<br \/>Stosowany w wypiekach, marynatach, chutneyach i daniach o bogatym smaku. Popularny w kuchniach azjatyckich i brytyjskich.<\/p>\n<p>WARTO\u015a\u0106 OD\u017bYWCZA W 100 g<br \/>Warto\u015b\u0107 energetyczna 1758 kJ \/ 414 kcal<br \/>T\u0142uszcz: 0 g<br \/>w tym kwasy nasycone: 0 g<br \/>W\u0119glowodany: 99 g<br \/>w tym cukry: 99 g<br \/>Bia\u0142ko: 0,4 g<br \/>S\u00f3l: 0,015 g<\/p>\n<p>ZALECANE WARUNKI PRZECHOWYWANIA <br \/>Przechowywa\u0107 w suchym i ch\u0142odnym miejscu.<\/p>","protected":false},"excerpt":{"rendered":"<p>SK\u0141ADNIKI ekologiczny cukier trzcinowy Mascobado. OPISCukier Muscovado i cukier Mascobado to praktycznie to samo. R\u00f3\u017cnica w nazwie wynika g\u0142\u00f3wnie z transliteracji lub regionalnych r\u00f3\u017cnic w zapisie, ale oba terminy odnosz\u0105 si\u0119 do tego samego rodzaju cukru.&nbsp;Cukier Muscovado powstaje poprzez krystalizacj\u0119 i suszenie soku trzcinowego, z minimalnym przetwarzaniem. Cz\u0119\u015b\u0107 melasy pozostaje w kryszta\u0142kach cukru, nadaj\u0105c mu [&hellip;]<\/p>","protected":false},"featured_media":2353,"comment_status":"closed","ping_status":"open","template":"","meta":{"_acf_changed":false},"product_brand":[],"product_cat":[329,304],"product_tag":[],"class_list":{"0":"post-2352","1":"product","2":"type-product","3":"status-publish","4":"has-post-thumbnail","6":"product_cat-cukry-slodziki-owoce-sproszkowane","7":"product_cat-slodziki","8":"pa_ean-matka-2227","9":"pa_gwarancja-przydatnosci-324","10":"pa_ilosc-w-opakowaniu-350","11":"pa_jednostka-podstawowa-szt","12":"pa_kod-cn-1701-14-90","13":"pa_kraj-pochodzenia-skladnikow-paragwaj","14":"pa_masa-netto-209","15":"pa_objetosc-brutto-2226","16":"pa_producent-oxfam-fair-trade-ft-kawy-i-inne-produkty-ft","17":"pa_producent-nazwa-adres-oxfam-fair-trade-ververijstraat-15-9000-gent","18":"pa_tagi-bez-glutenu-w-skladnikach","19":"pa_tagi-certyfikat-bio","20":"pa_tagi-weganski","21":"pa_tagi-wegetarianski","23":"first","24":"instock","25":"taxable","26":"shipping-taxable","27":"purchasable","28":"product-type-simple"},"acf":[],"_links":{"self":[{"href":"https:\/\/wiejskieprzysmaki.estima.site\/en\/wp-json\/wp\/v2\/product\/2352","targetHints":{"allow":["GET"]}}],"collection":[{"href":"https:\/\/wiejskieprzysmaki.estima.site\/en\/wp-json\/wp\/v2\/product"}],"about":[{"href":"https:\/\/wiejskieprzysmaki.estima.site\/en\/wp-json\/wp\/v2\/types\/product"}],"replies":[{"embeddable":true,"href":"https:\/\/wiejskieprzysmaki.estima.site\/en\/wp-json\/wp\/v2\/comments?post=2352"}],"wp:featuredmedia":[{"embeddable":true,"href":"https:\/\/wiejskieprzysmaki.estima.site\/en\/wp-json\/wp\/v2\/media\/2353"}],"wp:attachment":[{"href":"https:\/\/wiejskieprzysmaki.estima.site\/en\/wp-json\/wp\/v2\/media?parent=2352"}],"wp:term":[{"taxonomy":"product_brand","embeddable":true,"href":"https:\/\/wiejskieprzysmaki.estima.site\/en\/wp-json\/wp\/v2\/product_brand?post=2352"},{"taxonomy":"product_cat","embeddable":true,"href":"https:\/\/wiejskieprzysmaki.estima.site\/en\/wp-json\/wp\/v2\/product_cat?post=2352"},{"taxonomy":"product_tag","embeddable":true,"href":"https:\/\/wiejskieprzysmaki.estima.site\/en\/wp-json\/wp\/v2\/product_tag?post=2352"}],"curies":[{"name":"wp","href":"https:\/\/api.w.org\/{rel}","templated":true}]}}