{"id":2360,"date":"2025-02-18T10:42:51","date_gmt":"2025-02-18T09:42:51","guid":{"rendered":"https:\/\/wiejskieprzysmaki.estima.site\/produkt\/papryka-slodka-mielona-bio-50-g-lebensbaum\/"},"modified":"2025-02-18T10:42:56","modified_gmt":"2025-02-18T09:42:56","slug":"papryka-slodka-mielona-bio-50-g-lebensbaum","status":"publish","type":"product","link":"https:\/\/wiejskieprzysmaki.estima.site\/en\/product\/papryka-slodka-mielona-bio-50-g-lebensbaum\/","title":{"rendered":"PAPRYKA S\u0141ODKA MIELONA BIO 50 g &#8211; LEBENSBAUM"},"content":{"rendered":"<p>SK\u0141ADNIKI<br \/>papryka s\u0142odka mielona* (*certyfikowany sk\u0142adnik ekologiczny)<\/p>\n<p>OPIS<br \/>Idealna do da\u0144 z warzywami, ry\u017cem, do drobiu, twarogu i innych da\u0144.<\/p>\n<p>INFORMACJA ALERGENNA<br \/>Mo\u017ce zawiera\u0107 GORCZYC\u0118 i seler<\/p>\n<p>ZALECANE WARUNKI PRZECHOWYWANIA  <br \/>Przechowywa\u0107 w suchym i ch\u0142odnym miejscu<\/p>","protected":false},"excerpt":{"rendered":"<p>SK\u0141ADNIKIpapryka s\u0142odka mielona* (*certyfikowany sk\u0142adnik ekologiczny) OPISIdealna do da\u0144 z warzywami, ry\u017cem, do drobiu, twarogu i innych da\u0144. INFORMACJA ALERGENNAMo\u017ce zawiera\u0107 GORCZYC\u0118 i seler ZALECANE WARUNKI PRZECHOWYWANIA Przechowywa\u0107 w suchym i ch\u0142odnym miejscu<\/p>","protected":false},"featured_media":2361,"comment_status":"closed","ping_status":"open","template":"","meta":{"_acf_changed":false},"product_brand":[],"product_cat":[238,229],"product_tag":[],"class_list":{"0":"post-2360","1":"product","2":"type-product","3":"status-publish","4":"has-post-thumbnail","6":"product_cat-jednorodne","7":"product_cat-przyprawy-i-ziola","8":"pa_ean-matka-2234","9":"pa_gwarancja-przydatnosci-301","10":"pa_ilosc-w-opakowaniu-298","11":"pa_jednostka-podstawowa-szt","12":"pa_kod-cn-0904-22-00","13":"pa_kraj-pochodzenia-skladnikow-wegry","14":"pa_masa-netto-461","15":"pa_objetosc-brutto-1032","16":"pa_producent-lebensbaum-przyprawy-herbaty-kawy","17":"pa_producent-nazwa-adres-ulrich-walter-gmbh-dr-jurgen-ulderup-strase-12-49356-diepholz","18":"pa_tagi-bez-cukru-w-skladnikach","19":"pa_tagi-bez-glutenu-w-skladnikach","20":"pa_tagi-certyfikat-bio","21":"pa_tagi-weganski","22":"pa_tagi-wegetarianski","24":"first","25":"instock","26":"taxable","27":"shipping-taxable","28":"purchasable","29":"product-type-simple"},"acf":[],"_links":{"self":[{"href":"https:\/\/wiejskieprzysmaki.estima.site\/en\/wp-json\/wp\/v2\/product\/2360","targetHints":{"allow":["GET"]}}],"collection":[{"href":"https:\/\/wiejskieprzysmaki.estima.site\/en\/wp-json\/wp\/v2\/product"}],"about":[{"href":"https:\/\/wiejskieprzysmaki.estima.site\/en\/wp-json\/wp\/v2\/types\/product"}],"replies":[{"embeddable":true,"href":"https:\/\/wiejskieprzysmaki.estima.site\/en\/wp-json\/wp\/v2\/comments?post=2360"}],"wp:featuredmedia":[{"embeddable":true,"href":"https:\/\/wiejskieprzysmaki.estima.site\/en\/wp-json\/wp\/v2\/media\/2361"}],"wp:attachment":[{"href":"https:\/\/wiejskieprzysmaki.estima.site\/en\/wp-json\/wp\/v2\/media?parent=2360"}],"wp:term":[{"taxonomy":"product_brand","embeddable":true,"href":"https:\/\/wiejskieprzysmaki.estima.site\/en\/wp-json\/wp\/v2\/product_brand?post=2360"},{"taxonomy":"product_cat","embeddable":true,"href":"https:\/\/wiejskieprzysmaki.estima.site\/en\/wp-json\/wp\/v2\/product_cat?post=2360"},{"taxonomy":"product_tag","embeddable":true,"href":"https:\/\/wiejskieprzysmaki.estima.site\/en\/wp-json\/wp\/v2\/product_tag?post=2360"}],"curies":[{"name":"wp","href":"https:\/\/api.w.org\/{rel}","templated":true}]}}