{"id":2392,"date":"2025-02-18T10:43:02","date_gmt":"2025-02-18T09:43:02","guid":{"rendered":"https:\/\/wiejskieprzysmaki.estima.site\/produkt\/jagody-goji-suszone-bio-250-g-bio-planet\/"},"modified":"2025-02-18T10:43:06","modified_gmt":"2025-02-18T09:43:06","slug":"jagody-goji-suszone-bio-250-g-bio-planet","status":"publish","type":"product","link":"https:\/\/wiejskieprzysmaki.estima.site\/en\/product\/jagody-goji-suszone-bio-250-g-bio-planet\/","title":{"rendered":"JAGODY GOJI SUSZONE BIO 250 g &#8211; BIO PLANET"},"content":{"rendered":"<p>SK\u0141ADNIKI<br \/>jagody goji suszone* 100% (*certyfikowany sk\u0142adnik ekologiczny)<\/p>\n<p>OPIS<br \/>Polecamy jako samodzieln\u0105 przek\u0105sk\u0119 lub jako dodatek do porannej owsianki, kompotu, ciast, deser\u00f3w, mog\u0105 by\u0107 r\u00f3wnie\u017c spo\u017cywane z gor\u0105c\u0105 wod\u0105 (jako herbatka owocowa).\t\t\t<\/p>\n<p>UWAGA<br \/>Zalecane spo\u017cycie jag\u00f3d od 10 do 20 g dziennie. Dzieci, kobiety w ci\u0105\u017cy oraz karmi\u0105ce powinny zachowa\u0107 szczeg\u00f3ln\u0105 ostro\u017cno\u015b\u0107.<\/p>\n<p>WARTO\u015a\u0106 OD\u017bYWCZA W 100 g<br \/>Warto\u015b\u0107 energetyczna &#8211;  1412 kJ \/ 334 kcal<br \/>T\u0142uszcz &#8211; 3,2 g<br \/>w tym kwasy t\u0142uszczowe nasycone &#8211; 0,4 g<br \/>W\u0119glowodany &#8211; 61 g<br \/>w tym cukry &#8211; 51 g<br \/>B\u0142onnik &#8211; 6,8 g<br \/>Bia\u0142ko &#8211; 12 g<br \/>S\u00f3l &#8211; 0,4 g<\/p>\n<p>ZALECANE WARUNKI PRZECHOWYWANIA<br \/>Przechowywa\u0107 w suchym i ch\u0142odnym miejscu.<\/p>","protected":false},"excerpt":{"rendered":"<p>SK\u0141ADNIKIjagody goji suszone* 100% (*certyfikowany sk\u0142adnik ekologiczny) OPISPolecamy jako samodzieln\u0105 przek\u0105sk\u0119 lub jako dodatek do porannej owsianki, kompotu, ciast, deser\u00f3w, mog\u0105 by\u0107 r\u00f3wnie\u017c spo\u017cywane z gor\u0105c\u0105 wod\u0105 (jako herbatka owocowa). UWAGAZalecane spo\u017cycie jag\u00f3d od 10 do 20 g dziennie. Dzieci, kobiety w ci\u0105\u017cy oraz karmi\u0105ce powinny zachowa\u0107 szczeg\u00f3ln\u0105 ostro\u017cno\u015b\u0107. WARTO\u015a\u0106 OD\u017bYWCZA W 100 gWarto\u015b\u0107 energetyczna [&hellip;]<\/p>","protected":false},"featured_media":2393,"comment_status":"closed","ping_status":"open","template":"","meta":{"_acf_changed":false},"product_brand":[],"product_cat":[830],"product_tag":[],"class_list":{"0":"post-2392","1":"product","2":"type-product","3":"status-publish","4":"has-post-thumbnail","6":"product_cat-orzechy-i-owoce-suszone","7":"pa_ean-matka-976","8":"pa_ean-matka-2255","9":"pa_gwarancja-przydatnosci-320","10":"pa_ilosc-w-opakowaniu-298","11":"pa_jednostka-podstawowa-szt","12":"pa_kod-cn-0813-40-95","13":"pa_kraj-pochodzenia-skladnikow-chiny","14":"pa_masa-netto-480","15":"pa_objetosc-brutto-221","16":"pa_producent-bio-planet-seria-fioletowa-owoce-suszone","17":"pa_producent-nazwa-adres-bio-planet-s-a-wilkowa-wies-7-05-084-leszno","18":"pa_tagi-bez-cukru-w-skladnikach","19":"pa_tagi-bez-glutenu-w-skladnikach","20":"pa_tagi-certyfikat-bio","21":"pa_tagi-weganski","22":"pa_tagi-wegetarianski","24":"first","25":"instock","26":"taxable","27":"shipping-taxable","28":"purchasable","29":"product-type-simple"},"acf":[],"_links":{"self":[{"href":"https:\/\/wiejskieprzysmaki.estima.site\/en\/wp-json\/wp\/v2\/product\/2392","targetHints":{"allow":["GET"]}}],"collection":[{"href":"https:\/\/wiejskieprzysmaki.estima.site\/en\/wp-json\/wp\/v2\/product"}],"about":[{"href":"https:\/\/wiejskieprzysmaki.estima.site\/en\/wp-json\/wp\/v2\/types\/product"}],"replies":[{"embeddable":true,"href":"https:\/\/wiejskieprzysmaki.estima.site\/en\/wp-json\/wp\/v2\/comments?post=2392"}],"wp:featuredmedia":[{"embeddable":true,"href":"https:\/\/wiejskieprzysmaki.estima.site\/en\/wp-json\/wp\/v2\/media\/2393"}],"wp:attachment":[{"href":"https:\/\/wiejskieprzysmaki.estima.site\/en\/wp-json\/wp\/v2\/media?parent=2392"}],"wp:term":[{"taxonomy":"product_brand","embeddable":true,"href":"https:\/\/wiejskieprzysmaki.estima.site\/en\/wp-json\/wp\/v2\/product_brand?post=2392"},{"taxonomy":"product_cat","embeddable":true,"href":"https:\/\/wiejskieprzysmaki.estima.site\/en\/wp-json\/wp\/v2\/product_cat?post=2392"},{"taxonomy":"product_tag","embeddable":true,"href":"https:\/\/wiejskieprzysmaki.estima.site\/en\/wp-json\/wp\/v2\/product_tag?post=2392"}],"curies":[{"name":"wp","href":"https:\/\/api.w.org\/{rel}","templated":true}]}}