{"id":2394,"date":"2025-02-18T10:43:02","date_gmt":"2025-02-18T09:43:02","guid":{"rendered":"https:\/\/wiejskieprzysmaki.estima.site\/produkt\/czekolada-surowa-wisnia-acai-bio-50-g-cocoa\/"},"modified":"2025-02-18T10:43:07","modified_gmt":"2025-02-18T09:43:07","slug":"czekolada-surowa-wisnia-acai-bio-50-g-cocoa","status":"publish","type":"product","link":"https:\/\/wiejskieprzysmaki.estima.site\/en\/product\/czekolada-surowa-wisnia-acai-bio-50-g-cocoa\/","title":{"rendered":"CZEKOLADA SUROWA WI\u015aNIA &#8211; ACAI BIO 50 g &#8211; COCOA"},"content":{"rendered":"<p>SK\u0141ADNIKI<br \/>ziarno kakaowca*, cukier z kwiatu palmy kokosowej*, t\u0142uszcz kakaowy*, liofilizowana wi\u015bnia* 2 %, liofilizowane jagody*, liofilizowane jagody acai* 1 % (*certyfikowany sk\u0142adnik ekologiczny). Zawarto\u015b\u0107 masy kakaowej min. 60 %<\/p>\n<p>OPIS<br \/>Kwaskowe owoce,&nbsp;jak wi\u015bnie i jagody Acai czyni\u0105 ciemn\u0105 czekolad\u0119 bardziej wytrawn\u0105. Odparowany nektar z kwiat\u00f3w palmy kokosowej wtr\u0105ca s\u0142odk\u0105, delikatnie karmelow\u0105 nut\u0119 do czekoladowo owocowej kombinacji. Tabliczka zdecydowanie dla amator\u00f3w ciemnej czekolady z dodatkowo owocowymi akcentami.<\/p>\n<p>WARTO\u015a\u0106 OD\u017bYWCZA W 100 g<br \/>Warto\u015b\u0107 energetyczna 2439 kJ\/587 kcal <br \/>T\u0142uszcz: 43 g <br \/>w tym kwasy nasycone: 27 g <br \/>W\u0119glowodany: 41 g <br \/>w tym cukry: 38 g <br \/>B\u0142onnik: 6,0 g <br \/>Bia\u0142ko: 6,0 g <br \/>S\u00f3l: 0,2 g <\/p>\n<p>ZALECANE WARUNKI PRZECHOWYWANIA<br \/>Przechowywa\u0107 w suchym i ch\u0142odnym miejscu<\/p>","protected":false},"excerpt":{"rendered":"<p>SK\u0141ADNIKIziarno kakaowca*, cukier z kwiatu palmy kokosowej*, t\u0142uszcz kakaowy*, liofilizowana wi\u015bnia* 2 %, liofilizowane jagody*, liofilizowane jagody acai* 1 % (*certyfikowany sk\u0142adnik ekologiczny). Zawarto\u015b\u0107 masy kakaowej min. 60 % OPISKwaskowe owoce,&nbsp;jak wi\u015bnie i jagody Acai czyni\u0105 ciemn\u0105 czekolad\u0119 bardziej wytrawn\u0105. Odparowany nektar z kwiat\u00f3w palmy kokosowej wtr\u0105ca s\u0142odk\u0105, delikatnie karmelow\u0105 nut\u0119 do czekoladowo owocowej kombinacji. [&hellip;]<\/p>","protected":false},"featured_media":2395,"comment_status":"closed","ping_status":"open","template":"","meta":{"_acf_changed":false},"product_brand":[],"product_cat":[1187,139],"product_tag":[],"class_list":{"0":"post-2394","1":"product","2":"type-product","3":"status-publish","4":"has-post-thumbnail","6":"product_cat-czekolady-i-czekoladki","7":"product_cat-slodycze-i-przekaski","8":"pa_ean-matka-2256","9":"pa_gwarancja-przydatnosci-311","10":"pa_ilosc-w-opakowaniu-350","11":"pa_jednostka-podstawowa-szt","12":"pa_kod-cn-1806-32-90","13":"pa_kraj-pochodzenia-skladnikow-turcja","14":"pa_masa-netto-461","15":"pa_objetosc-brutto-2121","16":"pa_producent-cocoa-czekolady-i-bakalie-w-surowej-czekoladzie","17":"pa_producent-nazwa-adres-surovital-marcin-rendak-karol-szwed-s-c-sw-urszuli-ledochowskiej-5-18-02-972-warszawa","18":"pa_tagi-bez-glutenu-w-skladnikach","19":"pa_tagi-certyfikat-bio","20":"pa_tagi-weganski","21":"pa_tagi-wegetarianski","23":"first","24":"instock","25":"taxable","26":"shipping-taxable","27":"purchasable","28":"product-type-simple"},"acf":[],"_links":{"self":[{"href":"https:\/\/wiejskieprzysmaki.estima.site\/en\/wp-json\/wp\/v2\/product\/2394","targetHints":{"allow":["GET"]}}],"collection":[{"href":"https:\/\/wiejskieprzysmaki.estima.site\/en\/wp-json\/wp\/v2\/product"}],"about":[{"href":"https:\/\/wiejskieprzysmaki.estima.site\/en\/wp-json\/wp\/v2\/types\/product"}],"replies":[{"embeddable":true,"href":"https:\/\/wiejskieprzysmaki.estima.site\/en\/wp-json\/wp\/v2\/comments?post=2394"}],"wp:featuredmedia":[{"embeddable":true,"href":"https:\/\/wiejskieprzysmaki.estima.site\/en\/wp-json\/wp\/v2\/media\/2395"}],"wp:attachment":[{"href":"https:\/\/wiejskieprzysmaki.estima.site\/en\/wp-json\/wp\/v2\/media?parent=2394"}],"wp:term":[{"taxonomy":"product_brand","embeddable":true,"href":"https:\/\/wiejskieprzysmaki.estima.site\/en\/wp-json\/wp\/v2\/product_brand?post=2394"},{"taxonomy":"product_cat","embeddable":true,"href":"https:\/\/wiejskieprzysmaki.estima.site\/en\/wp-json\/wp\/v2\/product_cat?post=2394"},{"taxonomy":"product_tag","embeddable":true,"href":"https:\/\/wiejskieprzysmaki.estima.site\/en\/wp-json\/wp\/v2\/product_tag?post=2394"}],"curies":[{"name":"wp","href":"https:\/\/api.w.org\/{rel}","templated":true}]}}