{"id":2412,"date":"2025-02-18T10:43:02","date_gmt":"2025-02-18T09:43:02","guid":{"rendered":"https:\/\/wiejskieprzysmaki.estima.site\/produkt\/dla-kota-doroslego-karma-z-kurczakiem-bio-800-g-yarrah\/"},"modified":"2025-02-20T15:09:07","modified_gmt":"2025-02-20T14:09:07","slug":"dla-kota-doroslego-karma-z-kurczakiem-bio-800-g-yarrah","status":"publish","type":"product","link":"https:\/\/wiejskieprzysmaki.estima.site\/en\/product\/dla-kota-doroslego-karma-z-kurczakiem-bio-800-g-yarrah\/","title":{"rendered":"(DLA KOTA DOROS\u0141EGO) KARMA Z KURCZAKIEM BIO 800 g &#8211; YARRAH"},"content":{"rendered":"<p>SK\u0141ADNIKI<br \/>mi\u0119so i produkty pochodzenia zwierz\u0119cego* (suszony kurczak* 20,5 %), zbo\u017ca* (PSZENICA*), warzywa* (kukurydza*), ro\u015blinne ekstrakty bia\u0142kowe* (bia\u0142ko ry\u017cowe*), warzywa* (SOJA*), oleje i t\u0142uszcze* (t\u0142uszcz z kurczaka*), warzywa* (groszek \u017c\u00f3\u0142ty*, groszek zielony*), produkty pochodzenia ro\u015blinnego* (\u0142uski nasion s\u0142onecznika*), dro\u017cd\u017ce (dro\u017cd\u017ce piwowarskie), produkty pochodzenia ro\u015blinnego* (\u0142upiny SOI*), substancje mineralne, oleje i t\u0142uszcze* (olej RYBI**) (*sk\u0142adniki z rolnictwa ekologicznego, ** sk\u0142adniki ze zr\u00f3wnowa\u017conego rybo\u0142\u00f3wstwa). <\/p>\n<p>OPIS<br \/>Mieszanka paszowa pe\u0142noporcjowa.<\/p>\n<p>SK\u0141ADNIKI ANALITYCZNE<br \/>bia\u0142ko surowe: 30 %<br \/>w\u0142\u00f3kno surowe: 2,6 %<br \/>zawarto\u015b\u0107 t\u0142uszczu: 14 %<br \/>popi\u00f3\u0142 surowy: 8,3 %<br \/>wilgotno\u015b\u0107: 8 %<br \/>wap\u0144: 1,4 %<br \/>fosfor: 1,2 %<br \/>warto\u015b\u0107 energetyczna: 3655 kcal\/kg ME<\/p>\n<p>Dodatki dietetyczne\/kg<br \/>witamina A: 18.000 IU\/IE<br \/>witamina D3: 1.400 IU\/IE<br \/>witamina E: 325 mg<br \/>tauryna: 2600 mg<br \/>DL-metionina: 970 mg<br \/>\u017celazo: 53 mg<br \/>jod: 1,7 mg<br \/>cynk: 67 mg<br \/>mangan: 33 mg<br \/>mied\u017a: 5,5 mg <br \/>selen: 0,1 mg<br \/>chlorek amonu: 5000 mg<\/p>\n<p>ZALECANE DZIENNE KARMIENIE<br \/>kot 2 kg: 25\/35\/45 g<br \/>kot 3kg: 30\/45\/55 g<br \/>kot 4 kg: 35\/55\/70 g<br \/>kot 5 kg: 40\/65\/80 g<br \/>kot 6 kg: 45\/70\/90 g<br \/>kot 7 kg: 50\/80\/100 g  <br \/>(ma\u0142a aktywno\u015b\u0107\/\u015brednia aktywno\u015b\u0107\/du\u017ca aktywno\u015b\u0107)<\/p>\n<p>UWAGA<br \/>Podawa\u0107 w temperaturze pokojowej. Nale\u017cy dostosowa\u0107 ilo\u015b\u0107 karmy do poziomu aktywno\u015bci i kondycji kota. Nale\u017cy zapewni\u0107 zwierz\u0119ciu sta\u0142y dost\u0119p do \u015bwie\u017cej wody. <\/p>\n<p>ZALECANE WARUNKI PRZECHOWYWANIA<br \/>Przechowywa\u0107 w ch\u0142odnym i suchym miejscu. <\/p>","protected":false},"excerpt":{"rendered":"<p>SK\u0141ADNIKImi\u0119so i produkty pochodzenia zwierz\u0119cego* (suszony kurczak* 20,5 %), zbo\u017ca* (PSZENICA*), warzywa* (kukurydza*), ro\u015blinne ekstrakty bia\u0142kowe* (bia\u0142ko ry\u017cowe*), warzywa* (SOJA*), oleje i t\u0142uszcze* (t\u0142uszcz z kurczaka*), warzywa* (groszek \u017c\u00f3\u0142ty*, groszek zielony*), produkty pochodzenia ro\u015blinnego* (\u0142uski nasion s\u0142onecznika*), dro\u017cd\u017ce (dro\u017cd\u017ce piwowarskie), produkty pochodzenia ro\u015blinnego* (\u0142upiny SOI*), substancje mineralne, oleje i t\u0142uszcze* (olej RYBI**) (*sk\u0142adniki z rolnictwa [&hellip;]<\/p>","protected":false},"featured_media":2413,"comment_status":"closed","ping_status":"open","template":"","meta":{"_acf_changed":false},"product_brand":[],"product_cat":[9054],"product_tag":[],"class_list":{"0":"post-2412","1":"product","2":"type-product","3":"status-publish","4":"has-post-thumbnail","6":"product_cat-karma-dla-zwierzat","7":"pa_ean-matka-2270","8":"pa_gwarancja-przydatnosci-320","9":"pa_ilosc-w-opakowaniu-298","10":"pa_jednostka-podstawowa-szt","11":"pa_kod-cn-2309-10-51","12":"pa_masa-netto-551","13":"pa_objetosc-brutto-2269","14":"pa_producent-yarrah-karma-dla-kotow-i-psow","15":"pa_producent-nazwa-adres-premium-petfood-brands-b-v-putterweg-5-ermelo-postal-p-o-box-1214-nl-3840-be-harderwijk-the-netherlands","16":"pa_tagi-bez-cukru-w-skladnikach","17":"pa_tagi-certyfikat-bio","19":"first","20":"instock","21":"taxable","22":"shipping-taxable","23":"purchasable","24":"product-type-simple"},"acf":[],"_links":{"self":[{"href":"https:\/\/wiejskieprzysmaki.estima.site\/en\/wp-json\/wp\/v2\/product\/2412","targetHints":{"allow":["GET"]}}],"collection":[{"href":"https:\/\/wiejskieprzysmaki.estima.site\/en\/wp-json\/wp\/v2\/product"}],"about":[{"href":"https:\/\/wiejskieprzysmaki.estima.site\/en\/wp-json\/wp\/v2\/types\/product"}],"replies":[{"embeddable":true,"href":"https:\/\/wiejskieprzysmaki.estima.site\/en\/wp-json\/wp\/v2\/comments?post=2412"}],"wp:featuredmedia":[{"embeddable":true,"href":"https:\/\/wiejskieprzysmaki.estima.site\/en\/wp-json\/wp\/v2\/media\/2413"}],"wp:attachment":[{"href":"https:\/\/wiejskieprzysmaki.estima.site\/en\/wp-json\/wp\/v2\/media?parent=2412"}],"wp:term":[{"taxonomy":"product_brand","embeddable":true,"href":"https:\/\/wiejskieprzysmaki.estima.site\/en\/wp-json\/wp\/v2\/product_brand?post=2412"},{"taxonomy":"product_cat","embeddable":true,"href":"https:\/\/wiejskieprzysmaki.estima.site\/en\/wp-json\/wp\/v2\/product_cat?post=2412"},{"taxonomy":"product_tag","embeddable":true,"href":"https:\/\/wiejskieprzysmaki.estima.site\/en\/wp-json\/wp\/v2\/product_tag?post=2412"}],"curies":[{"name":"wp","href":"https:\/\/api.w.org\/{rel}","templated":true}]}}