{"id":2414,"date":"2025-02-18T10:43:02","date_gmt":"2025-02-18T09:43:02","guid":{"rendered":"https:\/\/wiejskieprzysmaki.estima.site\/produkt\/dla-kota-doroslego-karma-z-kurczakiem-i-ryba-bio-800-g-yarrah\/"},"modified":"2025-02-20T15:09:07","modified_gmt":"2025-02-20T14:09:07","slug":"dla-kota-doroslego-karma-z-kurczakiem-i-ryba-bio-800-g-yarrah","status":"publish","type":"product","link":"https:\/\/wiejskieprzysmaki.estima.site\/en\/product\/dla-kota-doroslego-karma-z-kurczakiem-i-ryba-bio-800-g-yarrah\/","title":{"rendered":"(DLA KOTA DOROS\u0141EGO) KARMA Z KURCZAKIEM I RYB\u0104 BIO 800 g &#8211; YARRAH"},"content":{"rendered":"<p>SK\u0141ADNIKI<br \/>mi\u0119so i produkty pochodzenia zwierz\u0119cego* (kurczak* 20 %), zbo\u017ca* (PSZENICA*), warzywa* (kukurydza*), oleje i t\u0142uszcze* (t\u0142uszcz z kurczaka*), warzywa* (groszek \u017c\u00f3\u0142ty i zielony* 10 %, SOJA*), ryby i produkty rybne** (suszony \u015aLED\u0179** 4 %), warzywa* (\u0141UBIN* 4 %), dro\u017cd\u017ce (dro\u017cd\u017ce piwowarskie), ro\u015blinne ekstrakty bia\u0142kowe* (bia\u0142ko ry\u017cowe*),&nbsp;produkty pochodzenia ro\u015blinnego* (makuch z SOI*, makuch ze s\u0142onecznika*), substancje mineralne. (*sk\u0142adniki ekologiczne, **ze zr\u00f3wnowa\u017conego rybo\u0142\u00f3wstwa). <\/p>\n<p>OPIS<br \/>Mieszanka paszowa pe\u0142noporcjowa.<\/p>\n<p>SK\u0141ADNIKI ANALITYCZNE<br \/>bia\u0142ko surowe: 30 %<br \/>w\u0142\u00f3kno surowe: 4,0 %<br \/>zawarto\u015b\u0107 t\u0142uszczu: 13 %<br \/>popi\u00f3\u0142 surowy: 7,5 %<br \/>wilgotno\u015b\u0107: 8,0 % <br \/>wap\u0144: 1,3 %<br \/>fosfor: 1,0 %<br \/>warto\u015b\u0107 energetyczna: 3670 kcal\/kg ME<\/p>\n<p>Dodatki dietetyczne\/kg: <br \/>witamina A: 21311 IU\/IE <br \/>witamina D3: 1598 IU\/IE<br \/>witamina E: 325 mg<br \/>tauryna: 2600 mg<br \/>\u017celazo: 53 mg<br \/>jod: 1,7 mg<br \/>cynk: 67 mg<br \/>mangan: 33 mg<br \/>mied\u017a: 5,5 mg<br \/>selen: 0,2 mg<br \/>chlorek amonu: 5230 mg<\/p>\n<p>UWAGA<br \/>Podawa\u0107 w temperaturze pokojowej. Nale\u017cy dostosowa\u0107 ilo\u015b\u0107 karmy do poziomu aktywno\u015bci i kondycji kota. Nale\u017cy zapewni\u0107 zwierz\u0119ciu sta\u0142y dost\u0119p do \u015bwie\u017cej wody.<\/p>\n<p>ZALECANE DZIENNE KARMIENIE<br \/>kot 2 kg: 25\/40\/45 g<br \/>kot 3 kg: 30\/45\/55 g<br \/>kot 4 kg: 35\/55\/70 g<br \/>kot 5 kg: 40\/65\/80 g<br \/>kot 6 kg: 45\/70\/90 g<br \/>kot 7 kg: 50\/80\/100 g <br \/>(ma\u0142a\/\u015brednia\/du\u017ca aktywno\u015b\u0107). <\/p>\n<p>ZALECANE WARUNKI PRZECHOWYWANIA<br \/>Przechowywa\u0107 w suchym i ch\u0142odnym miejscu.<\/p>","protected":false},"excerpt":{"rendered":"<p>SK\u0141ADNIKImi\u0119so i produkty pochodzenia zwierz\u0119cego* (kurczak* 20 %), zbo\u017ca* (PSZENICA*), warzywa* (kukurydza*), oleje i t\u0142uszcze* (t\u0142uszcz z kurczaka*), warzywa* (groszek \u017c\u00f3\u0142ty i zielony* 10 %, SOJA*), ryby i produkty rybne** (suszony \u015aLED\u0179** 4 %), warzywa* (\u0141UBIN* 4 %), dro\u017cd\u017ce (dro\u017cd\u017ce piwowarskie), ro\u015blinne ekstrakty bia\u0142kowe* (bia\u0142ko ry\u017cowe*),&nbsp;produkty pochodzenia ro\u015blinnego* (makuch z SOI*, makuch ze s\u0142onecznika*), substancje [&hellip;]<\/p>","protected":false},"featured_media":2415,"comment_status":"closed","ping_status":"open","template":"","meta":{"_acf_changed":false},"product_brand":[],"product_cat":[9054],"product_tag":[],"class_list":{"0":"post-2414","1":"product","2":"type-product","3":"status-publish","4":"has-post-thumbnail","6":"product_cat-karma-dla-zwierzat","7":"pa_ean-matka-2271","8":"pa_gwarancja-przydatnosci-320","9":"pa_ilosc-w-opakowaniu-298","10":"pa_jednostka-podstawowa-szt","11":"pa_kod-cn-2309-10-51","12":"pa_masa-netto-551","13":"pa_objetosc-brutto-2269","14":"pa_producent-yarrah-karma-dla-kotow-i-psow","15":"pa_producent-nazwa-adres-premium-petfood-brands-b-v-putterweg-5-ermelo-postal-p-o-box-1214-nl-3840-be-harderwijk-the-netherlands","16":"pa_tagi-bez-cukru-w-skladnikach","17":"pa_tagi-certyfikat-bio","19":"first","20":"instock","21":"taxable","22":"shipping-taxable","23":"purchasable","24":"product-type-simple"},"acf":[],"_links":{"self":[{"href":"https:\/\/wiejskieprzysmaki.estima.site\/en\/wp-json\/wp\/v2\/product\/2414","targetHints":{"allow":["GET"]}}],"collection":[{"href":"https:\/\/wiejskieprzysmaki.estima.site\/en\/wp-json\/wp\/v2\/product"}],"about":[{"href":"https:\/\/wiejskieprzysmaki.estima.site\/en\/wp-json\/wp\/v2\/types\/product"}],"replies":[{"embeddable":true,"href":"https:\/\/wiejskieprzysmaki.estima.site\/en\/wp-json\/wp\/v2\/comments?post=2414"}],"wp:featuredmedia":[{"embeddable":true,"href":"https:\/\/wiejskieprzysmaki.estima.site\/en\/wp-json\/wp\/v2\/media\/2415"}],"wp:attachment":[{"href":"https:\/\/wiejskieprzysmaki.estima.site\/en\/wp-json\/wp\/v2\/media?parent=2414"}],"wp:term":[{"taxonomy":"product_brand","embeddable":true,"href":"https:\/\/wiejskieprzysmaki.estima.site\/en\/wp-json\/wp\/v2\/product_brand?post=2414"},{"taxonomy":"product_cat","embeddable":true,"href":"https:\/\/wiejskieprzysmaki.estima.site\/en\/wp-json\/wp\/v2\/product_cat?post=2414"},{"taxonomy":"product_tag","embeddable":true,"href":"https:\/\/wiejskieprzysmaki.estima.site\/en\/wp-json\/wp\/v2\/product_tag?post=2414"}],"curies":[{"name":"wp","href":"https:\/\/api.w.org\/{rel}","templated":true}]}}