{"id":2418,"date":"2025-02-18T10:43:02","date_gmt":"2025-02-18T09:43:02","guid":{"rendered":"https:\/\/wiejskieprzysmaki.estima.site\/produkt\/dla-kota-pasztet-z-lososia-z-algami-morskimi-bio-100-g-yarrah\/"},"modified":"2025-02-20T15:09:07","modified_gmt":"2025-02-20T14:09:07","slug":"dla-kota-pasztet-z-lososia-z-algami-morskimi-bio-100-g-yarrah","status":"publish","type":"product","link":"https:\/\/wiejskieprzysmaki.estima.site\/en\/product\/dla-kota-pasztet-z-lososia-z-algami-morskimi-bio-100-g-yarrah\/","title":{"rendered":"(DLA KOTA) PASZTET Z \u0141OSOSIA Z ALGAMI MORSKIMI BIO 100 g &#8211; YARRAH"},"content":{"rendered":"<p>SK\u0141ADNIKI<br \/>mi\u0119so i produkty pochodzenia zwierz\u0119cego* 37 % (mi\u0119so z kurczaka*, tusza kurczaka*, serce kurczaka*, nerki z kurczaka*, w\u0105troba z kurczaka*), bulion* 36 % [woda, produkty pochodzenia ro\u015blinnego* (lubczyk*), mi\u0119so i produkty pochodzenia zwierz\u0119cego* (zmielony kurczak*, p\u0142uca wo\u0142owe* 15 %)], RYBY i produkty RYBNE** (4 % \u0141OSO\u015a**, glony* (0,5 % suszone wodorosty*), substancje mineralne. (*sk\u0142adniki z rolnictwa ekologicznego, ** sk\u0142adniki ze zr\u00f3wnowa\u017conego rybo\u0142\u00f3wstwa) <\/p>\n<p>OPIS<br \/>Karma dla kota pe\u0142noporcjowa.<\/p>\n<p>SK\u0141ADNIKI ANALITYCZNE<br \/>bia\u0142ko surowe: 11 %<br \/>w\u0142\u00f3kno surowe: 0,4 %<br \/>zawarto\u015b\u0107 t\u0142uszczu: 5,5 %<br \/>popi\u00f3\u0142 surowy: 2 %<br \/>wilgotno\u015b\u0107: 80 %<\/p>\n<p>Dodatki dietetyczne\/kg<br \/>tauryna &#8211; 450 mg<br \/>witamina D &#8211; 75 IE<br \/>witamina E &#8211; 30 mg<br \/>cynk &#8211; 20 mg<br \/>mangan &#8211; 6 mg<br \/>mied\u017a &#8211; 1 mg<br \/>jod &#8211; 0,5 mg<\/p>\n<p>ZALECANE DZIENNE KARMIENIE<br \/>Kot o masie 3 kg &#8211; 200 g<br \/>Kot o masie 4 kg &#8211; 200 g<br \/>Kot o masie 5 kg &#8211; 250 g<\/p>\n<p>UWAGA<br \/>Podawa\u0107 w temperaturze pokojowej. Nale\u017cy zapewni\u0107 zwierz\u0119ciu sta\u0142y dost\u0119p do \u015bwie\u017cej wody.<\/p>\n<p>ZALECANE WARUNKI PRZECHOWYWANIA<br \/>Przechowywa\u0107 w suchym i ch\u0142odnym miejscu. Po otwarciu przechowywa\u0107 w lod\u00f3wce (maksymalnie 2 dni).<\/p>","protected":false},"excerpt":{"rendered":"<p>SK\u0141ADNIKImi\u0119so i produkty pochodzenia zwierz\u0119cego* 37 % (mi\u0119so z kurczaka*, tusza kurczaka*, serce kurczaka*, nerki z kurczaka*, w\u0105troba z kurczaka*), bulion* 36 % [woda, produkty pochodzenia ro\u015blinnego* (lubczyk*), mi\u0119so i produkty pochodzenia zwierz\u0119cego* (zmielony kurczak*, p\u0142uca wo\u0142owe* 15 %)], RYBY i produkty RYBNE** (4 % \u0141OSO\u015a**, glony* (0,5 % suszone wodorosty*), substancje mineralne. (*sk\u0142adniki z [&hellip;]<\/p>","protected":false},"featured_media":2419,"comment_status":"closed","ping_status":"open","template":"","meta":{"_acf_changed":false},"product_brand":[],"product_cat":[9054],"product_tag":[],"class_list":{"0":"post-2418","1":"product","2":"type-product","3":"status-publish","4":"has-post-thumbnail","6":"product_cat-karma-dla-zwierzat","7":"pa_ean-matka-2273","8":"pa_gwarancja-przydatnosci-1468","9":"pa_ilosc-w-opakowaniu-674","10":"pa_jednostka-podstawowa-szt","11":"pa_kod-cn-2309-10-11","12":"pa_masa-netto-242","13":"pa_objetosc-brutto-246","14":"pa_producent-yarrah-karma-dla-kotow-i-psow","15":"pa_producent-nazwa-adres-premium-petfood-brands-b-v-putterweg-5-ermelo-postal-p-o-box-1214-nl-3840-be-harderwijk-the-netherlands","16":"pa_tagi-bez-cukru-w-skladnikach","17":"pa_tagi-bez-glutenu-w-skladnikach","18":"pa_tagi-certyfikat-bio","20":"first","21":"instock","22":"taxable","23":"shipping-taxable","24":"purchasable","25":"product-type-simple"},"acf":[],"_links":{"self":[{"href":"https:\/\/wiejskieprzysmaki.estima.site\/en\/wp-json\/wp\/v2\/product\/2418","targetHints":{"allow":["GET"]}}],"collection":[{"href":"https:\/\/wiejskieprzysmaki.estima.site\/en\/wp-json\/wp\/v2\/product"}],"about":[{"href":"https:\/\/wiejskieprzysmaki.estima.site\/en\/wp-json\/wp\/v2\/types\/product"}],"replies":[{"embeddable":true,"href":"https:\/\/wiejskieprzysmaki.estima.site\/en\/wp-json\/wp\/v2\/comments?post=2418"}],"wp:featuredmedia":[{"embeddable":true,"href":"https:\/\/wiejskieprzysmaki.estima.site\/en\/wp-json\/wp\/v2\/media\/2419"}],"wp:attachment":[{"href":"https:\/\/wiejskieprzysmaki.estima.site\/en\/wp-json\/wp\/v2\/media?parent=2418"}],"wp:term":[{"taxonomy":"product_brand","embeddable":true,"href":"https:\/\/wiejskieprzysmaki.estima.site\/en\/wp-json\/wp\/v2\/product_brand?post=2418"},{"taxonomy":"product_cat","embeddable":true,"href":"https:\/\/wiejskieprzysmaki.estima.site\/en\/wp-json\/wp\/v2\/product_cat?post=2418"},{"taxonomy":"product_tag","embeddable":true,"href":"https:\/\/wiejskieprzysmaki.estima.site\/en\/wp-json\/wp\/v2\/product_tag?post=2418"}],"curies":[{"name":"wp","href":"https:\/\/api.w.org\/{rel}","templated":true}]}}