{"id":2420,"date":"2025-02-18T10:43:02","date_gmt":"2025-02-18T09:43:02","guid":{"rendered":"https:\/\/wiejskieprzysmaki.estima.site\/produkt\/dla-psa-doroslego-karma-z-kurczakiem-bio-2-kg-yarrah\/"},"modified":"2025-02-20T15:09:07","modified_gmt":"2025-02-20T14:09:07","slug":"dla-psa-doroslego-karma-z-kurczakiem-bio-2-kg-yarrah","status":"publish","type":"product","link":"https:\/\/wiejskieprzysmaki.estima.site\/en\/product\/dla-psa-doroslego-karma-z-kurczakiem-bio-2-kg-yarrah\/","title":{"rendered":"(DLA PSA DOROS\u0141EGO) KARMA Z KURCZAKIEM BIO 2 kg &#8211; YARRAH"},"content":{"rendered":"<p>SK\u0141ADNIKI<br \/>mi\u0119so i produkty pochodzenia zwierz\u0119cego* (suszony kurczak*) (19,9 %), zbo\u017ca* (OWIES*), warzywa* (kukurydza*), zbo\u017ca* (PSZENICA*), produkty pochodzenia ro\u015blinnego* (\u0142upiny SOI*), oleje i t\u0142uszcze* (t\u0142uszcz z kurczaka*), warzywa* (groszek*), produkty pochodzenia ro\u015blinnego* (suszony mi\u0105\u017csz owoc\u00f3w baobabu*), ryby i produkty rybne** (suszony \u015aLED\u0179**), mi\u0119so i produkty pochodzenia zwierz\u0119cego* (hydrolizowana w\u0105troba*), produkty pochodzenia ro\u015blinnego* (\u0142upiny nasion s\u0142onecznika*), substancje mineralne, dro\u017cd\u017ce (dro\u017cdze piwowarskie). (*certyfikowany sk\u0142adnik ekologiczny, ** ze zr\u00f3wnowa\u017cnego rybo\u0142\u00f3wstwa)  <\/p>\n<p>OPIS<br \/>Mieszanka paszowa pe\u0142noporcjowa.<\/p>\n<p>SK\u0141ADNIKI ANALITYCZNE<br \/>bia\u0142ko surowe: 25 %<br \/>w\u0142\u00f3kno surowe: 4,2 %<br \/>zawarto\u015b\u0107 t\u0142uszczu: 12,7 %<br \/>popi\u00f3\u0142 surowy: 7,2 %<br \/>wilgotno\u015b\u0107: 8 %<br \/>wap\u0144: 1,1 %<br \/>fosfor: 0,9 %<br \/>warto\u015b\u0107 energetyczna: 3445 kcal\/kg ME<\/p>\n<p>Dodatki dietetyczne\/kg: <br \/>witamina A: 18.000 IU\/IE<br \/>witamina D3: 1.800 IU\/IE<br \/>witamina E: 195 mg<br \/>\u017celazo: 51 mg<br \/>jod: 1,5 mg<br \/>cynk: 108 mg<br \/>mangan: 34 mg<br \/>mied\u017a: 10 mg<br \/>selen: 0,1 mg<\/p>\n<p>ZALECANE DZIENNE KARMIENIE<br \/>pies 5 kg: 100\/115\/130 g<br \/>pies 7 kg: 130\/150\/170 g<br \/>pies 10 kg: 170\/195\/220 g <br \/>pies 20 kg: 285\/330\/370 g<br \/>pies 40 kg: 475\/550\/625 g<br \/>pies 60 kg: 645\/745\/850 g<br \/>ma\u0142a aktywno\u015b\u0107\/\u015brednia aktywno\u015b\u0107\/du\u017ca aktywno\u015b\u0107)<\/p>\n<p>UWAGA<br \/>Podawa\u0107 w temperaturze pokojowej. Nale\u017cy dostosowa\u0107 ilo\u015b\u0107 karmy do poziomu aktywno\u015bci i kondycji psa. Nale\u017cy zapewni\u0107 zwierz\u0119ciu sta\u0142y dost\u0119p do \u015bwie\u017cej wody. <\/p>\n<p>ZALECANE WARUNKI PRZECHOWYWANIA<br \/>Przechowywa\u0107 w ch\u0142odnym i suchym miejscu. <\/p>","protected":false},"excerpt":{"rendered":"<p>SK\u0141ADNIKImi\u0119so i produkty pochodzenia zwierz\u0119cego* (suszony kurczak*) (19,9 %), zbo\u017ca* (OWIES*), warzywa* (kukurydza*), zbo\u017ca* (PSZENICA*), produkty pochodzenia ro\u015blinnego* (\u0142upiny SOI*), oleje i t\u0142uszcze* (t\u0142uszcz z kurczaka*), warzywa* (groszek*), produkty pochodzenia ro\u015blinnego* (suszony mi\u0105\u017csz owoc\u00f3w baobabu*), ryby i produkty rybne** (suszony \u015aLED\u0179**), mi\u0119so i produkty pochodzenia zwierz\u0119cego* (hydrolizowana w\u0105troba*), produkty pochodzenia ro\u015blinnego* (\u0142upiny nasion s\u0142onecznika*), substancje [&hellip;]<\/p>","protected":false},"featured_media":2421,"comment_status":"closed","ping_status":"open","template":"","meta":{"_acf_changed":false},"product_brand":[],"product_cat":[9054],"product_tag":[],"class_list":{"0":"post-2420","1":"product","2":"type-product","3":"status-publish","4":"has-post-thumbnail","6":"product_cat-karma-dla-zwierzat","7":"pa_ean-matka-2275","8":"pa_gwarancja-przydatnosci-311","9":"pa_ilosc-w-opakowaniu-543","10":"pa_jednostka-podstawowa-szt","11":"pa_kod-cn-2309-10-51","12":"pa_masa-netto-544","13":"pa_objetosc-brutto-2274","14":"pa_producent-yarrah-karma-dla-kotow-i-psow","15":"pa_producent-nazwa-adres-premium-petfood-brands-b-v-putterweg-5-ermelo-postal-p-o-box-1214-nl-3840-be-harderwijk-the-netherlands","16":"pa_tagi-bez-cukru-w-skladnikach","17":"pa_tagi-certyfikat-bio","19":"first","20":"instock","21":"taxable","22":"shipping-taxable","23":"purchasable","24":"product-type-simple"},"acf":[],"_links":{"self":[{"href":"https:\/\/wiejskieprzysmaki.estima.site\/en\/wp-json\/wp\/v2\/product\/2420","targetHints":{"allow":["GET"]}}],"collection":[{"href":"https:\/\/wiejskieprzysmaki.estima.site\/en\/wp-json\/wp\/v2\/product"}],"about":[{"href":"https:\/\/wiejskieprzysmaki.estima.site\/en\/wp-json\/wp\/v2\/types\/product"}],"replies":[{"embeddable":true,"href":"https:\/\/wiejskieprzysmaki.estima.site\/en\/wp-json\/wp\/v2\/comments?post=2420"}],"wp:featuredmedia":[{"embeddable":true,"href":"https:\/\/wiejskieprzysmaki.estima.site\/en\/wp-json\/wp\/v2\/media\/2421"}],"wp:attachment":[{"href":"https:\/\/wiejskieprzysmaki.estima.site\/en\/wp-json\/wp\/v2\/media?parent=2420"}],"wp:term":[{"taxonomy":"product_brand","embeddable":true,"href":"https:\/\/wiejskieprzysmaki.estima.site\/en\/wp-json\/wp\/v2\/product_brand?post=2420"},{"taxonomy":"product_cat","embeddable":true,"href":"https:\/\/wiejskieprzysmaki.estima.site\/en\/wp-json\/wp\/v2\/product_cat?post=2420"},{"taxonomy":"product_tag","embeddable":true,"href":"https:\/\/wiejskieprzysmaki.estima.site\/en\/wp-json\/wp\/v2\/product_tag?post=2420"}],"curies":[{"name":"wp","href":"https:\/\/api.w.org\/{rel}","templated":true}]}}