{"id":2426,"date":"2025-02-18T10:43:26","date_gmt":"2025-02-18T09:43:26","guid":{"rendered":"https:\/\/wiejskieprzysmaki.estima.site\/produkt\/krem-z-prazonych-migdalow-bezglutenowy-185-g-primavika\/"},"modified":"2025-02-18T10:43:27","modified_gmt":"2025-02-18T09:43:27","slug":"krem-z-prazonych-migdalow-bezglutenowy-185-g-primavika","status":"publish","type":"product","link":"https:\/\/wiejskieprzysmaki.estima.site\/en\/product\/krem-z-prazonych-migdalow-bezglutenowy-185-g-primavika\/","title":{"rendered":"KREM Z PRA\u017bONYCH MIGDA\u0141\u00d3W BEZGLUTENOWY 185 g &#8211; PRIMAVIKA"},"content":{"rendered":"<p>SK\u0141ADNIKI<br \/>pra\u017cone MIGDA\u0141Y 99 %, s\u00f3l morska. <\/p>\n<p>OPIS<br \/>Krem z pra\u017conych migda\u0142\u00f3w. Wysoka zawarto\u015b\u0107 b\u0142onnika pokarmowego. \u0179r\u00f3d\u0142o bia\u0142ka.<\/p>\n<p>WARTO\u015a\u0106 OD\u017bYWCZA W 100 g<br \/>Warto\u015b\u0107 energetyczna: 2543 kJ\/615 kcal <br \/>T\u0142uszcz: 52 g <br \/>w tym kwasy t\u0142uszczowe nasycone: 4,1 g <br \/>W\u0119glowodany: 10 g <br \/>w tym cukry: 4,8 g <br \/>B\u0142onnik: 11 g<br \/>Bia\u0142ko: 21 g <br \/>S\u00f3l: 0,63 g<\/p>\n<p>INFORMACJA ALERGENNA <br \/>Produkt mo\u017ce zawiera\u0107 NASIONA SEZAMU, SOJ\u0118, orzeszki arachidowe i inne orzechy.<\/p>\n<p>UWAGI<br \/>Olej z orzech\u00f3w na powierzchni kremu jest zjawiskiem naturalnym.<\/p>\n<p>ZALECANE WARUNKI PRZECHOWYWANIA <br \/>Przechowywa\u0107 w temperaturze pokojowej. Po otwarciu spo\u017cy\u0107 w ci\u0105gu jednego miesi\u0105ca.<\/p>","protected":false},"excerpt":{"rendered":"<p>SK\u0141ADNIKIpra\u017cone MIGDA\u0141Y 99 %, s\u00f3l morska. OPISKrem z pra\u017conych migda\u0142\u00f3w. Wysoka zawarto\u015b\u0107 b\u0142onnika pokarmowego. \u0179r\u00f3d\u0142o bia\u0142ka. WARTO\u015a\u0106 OD\u017bYWCZA W 100 gWarto\u015b\u0107 energetyczna: 2543 kJ\/615 kcal T\u0142uszcz: 52 g w tym kwasy t\u0142uszczowe nasycone: 4,1 g W\u0119glowodany: 10 g w tym cukry: 4,8 g B\u0142onnik: 11 gBia\u0142ko: 21 g S\u00f3l: 0,63 g INFORMACJA ALERGENNA Produkt mo\u017ce [&hellip;]<\/p>","protected":false},"featured_media":2427,"comment_status":"closed","ping_status":"open","template":"","meta":{"_acf_changed":false},"product_brand":[],"product_cat":[734],"product_tag":[],"class_list":{"0":"post-2426","1":"product","2":"type-product","3":"status-publish","4":"has-post-thumbnail","6":"product_cat-kremy-orzechowe-czekoladowe-tahini","7":"pa_ean-matka-2279","8":"pa_gwarancja-przydatnosci-311","9":"pa_ilosc-w-opakowaniu-298","10":"pa_jednostka-podstawowa-szt","11":"pa_kod-cn-2008-19-93","12":"pa_kraj-pochodzenia-skladnikow-turcja","13":"pa_masa-netto-2278","14":"pa_objetosc-brutto-837","15":"pa_producent-primavika-przetwory-i-pasty-vege","16":"pa_producent-nazwa-adres-primavika-sp-z-o-o-ul-akacjowa-27-62-023-gadki","17":"pa_tagi-bez-cukru-w-skladnikach","18":"pa_tagi-bez-glutenu-deklaracja","19":"pa_tagi-bez-glutenu-w-skladnikach","20":"pa_tagi-weganski","21":"pa_tagi-wegetarianski","23":"first","24":"instock","25":"taxable","26":"shipping-taxable","27":"purchasable","28":"product-type-simple"},"acf":[],"_links":{"self":[{"href":"https:\/\/wiejskieprzysmaki.estima.site\/en\/wp-json\/wp\/v2\/product\/2426","targetHints":{"allow":["GET"]}}],"collection":[{"href":"https:\/\/wiejskieprzysmaki.estima.site\/en\/wp-json\/wp\/v2\/product"}],"about":[{"href":"https:\/\/wiejskieprzysmaki.estima.site\/en\/wp-json\/wp\/v2\/types\/product"}],"replies":[{"embeddable":true,"href":"https:\/\/wiejskieprzysmaki.estima.site\/en\/wp-json\/wp\/v2\/comments?post=2426"}],"wp:featuredmedia":[{"embeddable":true,"href":"https:\/\/wiejskieprzysmaki.estima.site\/en\/wp-json\/wp\/v2\/media\/2427"}],"wp:attachment":[{"href":"https:\/\/wiejskieprzysmaki.estima.site\/en\/wp-json\/wp\/v2\/media?parent=2426"}],"wp:term":[{"taxonomy":"product_brand","embeddable":true,"href":"https:\/\/wiejskieprzysmaki.estima.site\/en\/wp-json\/wp\/v2\/product_brand?post=2426"},{"taxonomy":"product_cat","embeddable":true,"href":"https:\/\/wiejskieprzysmaki.estima.site\/en\/wp-json\/wp\/v2\/product_cat?post=2426"},{"taxonomy":"product_tag","embeddable":true,"href":"https:\/\/wiejskieprzysmaki.estima.site\/en\/wp-json\/wp\/v2\/product_tag?post=2426"}],"curies":[{"name":"wp","href":"https:\/\/api.w.org\/{rel}","templated":true}]}}