{"id":2428,"date":"2025-02-18T10:43:26","date_gmt":"2025-02-18T09:43:26","guid":{"rendered":"https:\/\/wiejskieprzysmaki.estima.site\/produkt\/tahini-pasta-sezamowa-185-g-primavika\/"},"modified":"2025-02-18T10:43:28","modified_gmt":"2025-02-18T09:43:28","slug":"tahini-pasta-sezamowa-185-g-primavika","status":"publish","type":"product","link":"https:\/\/wiejskieprzysmaki.estima.site\/en\/product\/tahini-pasta-sezamowa-185-g-primavika\/","title":{"rendered":"TAHINI (PASTA SEZAMOWA) 185 g &#8211; PRIMAVIKA"},"content":{"rendered":"<p>SK\u0141ADNIKI<br \/>SEZAM pra\u017cony 100 %.\t<\/p>\n<p>OPIS<br \/>Pasta tahini nadaje si\u0119 zar\u00f3wno do s\u0142odkich jak i s\u0142onych potraw. Mo\u017cemy doda\u0107 j\u0105 do hummusu, sos\u00f3w i dip\u00f3w, s\u0142odkich ciast albo wymiesza\u0107 z \u0142y\u017ceczk\u0105 miodu i zje\u015b\u0107 jako szybk\u0105 przek\u0105sk\u0119. \u0179r\u00f3d\u0142o b\u0142onnika pokarmowego.\t<\/p>\n<p>WARTO\u015a\u0106 OD\u017bYWCZA W 100 g<br \/>Warto\u015b\u0107 energetyczna: 2580 kJ\/623 kcal<br \/>T\u0142uszcz: 53 g<br \/>w tym kwasy nasycone: 7,4 g<br \/>W\u0119glowodany: 17 g<br \/>w tym cukry: 0 g<br \/>B\u0142onnik: 4,7 g<br \/>Bia\u0142ko: 17 g<br \/>S\u00f3l: 0,08 g<br \/>Zawarto\u015b\u0107 soli wynika wy\u0142\u0105cznie z obecno\u015bci naturalnie wyst\u0119puj\u0105cego sodu.<\/p>\n<p>INFORMACJA ALERGENNA<br \/>Produkt mo\u017ce zawiera\u0107 orzeszki arachidowe i inne orzechy.<\/p>\n<p>UWAGI<br \/>Olej sezamowy na powierzchni pasty jest zjawiskiem naturalnym.<\/p>\n<p>ZALECANE WARUNKI PRZECHOWYWANIA<br \/>Przechowywa\u0107 w temperaturze pokojowej. Po otwarciu spo\u017cy\u0107 w ci\u0105gu jednego miesi\u0105ca.<\/p>","protected":false},"excerpt":{"rendered":"<p>SK\u0141ADNIKISEZAM pra\u017cony 100 %. OPISPasta tahini nadaje si\u0119 zar\u00f3wno do s\u0142odkich jak i s\u0142onych potraw. Mo\u017cemy doda\u0107 j\u0105 do hummusu, sos\u00f3w i dip\u00f3w, s\u0142odkich ciast albo wymiesza\u0107 z \u0142y\u017ceczk\u0105 miodu i zje\u015b\u0107 jako szybk\u0105 przek\u0105sk\u0119. \u0179r\u00f3d\u0142o b\u0142onnika pokarmowego. WARTO\u015a\u0106 OD\u017bYWCZA W 100 gWarto\u015b\u0107 energetyczna: 2580 kJ\/623 kcalT\u0142uszcz: 53 gw tym kwasy nasycone: 7,4 gW\u0119glowodany: 17 [&hellip;]<\/p>","protected":false},"featured_media":2429,"comment_status":"closed","ping_status":"open","template":"","meta":{"_acf_changed":false},"product_brand":[],"product_cat":[734],"product_tag":[],"class_list":{"0":"post-2428","1":"product","2":"type-product","3":"status-publish","4":"has-post-thumbnail","6":"product_cat-kremy-orzechowe-czekoladowe-tahini","7":"pa_ean-matka-2281","8":"pa_gwarancja-przydatnosci-311","9":"pa_ilosc-w-opakowaniu-298","10":"pa_jednostka-podstawowa-szt","11":"pa_kod-cn-2008-19-99","12":"pa_kraj-pochodzenia-skladnikow-polska","13":"pa_masa-netto-2278","14":"pa_objetosc-brutto-2280","15":"pa_producent-primavika-przetwory-i-pasty-vege","16":"pa_producent-nazwa-adres-primavika-sp-z-o-o-ul-akacjowa-27-62-023-gadki","17":"pa_tagi-bez-cukru-w-skladnikach","18":"pa_tagi-bez-glutenu-w-skladnikach","19":"pa_tagi-weganski","20":"pa_tagi-wegetarianski","22":"first","23":"instock","24":"taxable","25":"shipping-taxable","26":"purchasable","27":"product-type-simple"},"acf":[],"_links":{"self":[{"href":"https:\/\/wiejskieprzysmaki.estima.site\/en\/wp-json\/wp\/v2\/product\/2428","targetHints":{"allow":["GET"]}}],"collection":[{"href":"https:\/\/wiejskieprzysmaki.estima.site\/en\/wp-json\/wp\/v2\/product"}],"about":[{"href":"https:\/\/wiejskieprzysmaki.estima.site\/en\/wp-json\/wp\/v2\/types\/product"}],"replies":[{"embeddable":true,"href":"https:\/\/wiejskieprzysmaki.estima.site\/en\/wp-json\/wp\/v2\/comments?post=2428"}],"wp:featuredmedia":[{"embeddable":true,"href":"https:\/\/wiejskieprzysmaki.estima.site\/en\/wp-json\/wp\/v2\/media\/2429"}],"wp:attachment":[{"href":"https:\/\/wiejskieprzysmaki.estima.site\/en\/wp-json\/wp\/v2\/media?parent=2428"}],"wp:term":[{"taxonomy":"product_brand","embeddable":true,"href":"https:\/\/wiejskieprzysmaki.estima.site\/en\/wp-json\/wp\/v2\/product_brand?post=2428"},{"taxonomy":"product_cat","embeddable":true,"href":"https:\/\/wiejskieprzysmaki.estima.site\/en\/wp-json\/wp\/v2\/product_cat?post=2428"},{"taxonomy":"product_tag","embeddable":true,"href":"https:\/\/wiejskieprzysmaki.estima.site\/en\/wp-json\/wp\/v2\/product_tag?post=2428"}],"curies":[{"name":"wp","href":"https:\/\/api.w.org\/{rel}","templated":true}]}}