{"id":2430,"date":"2025-02-18T10:43:26","date_gmt":"2025-02-18T09:43:26","guid":{"rendered":"https:\/\/wiejskieprzysmaki.estima.site\/produkt\/krem-kokosowy-bez-dodatku-cukrow-bio-1-l-cocomi\/"},"modified":"2025-02-18T10:43:29","modified_gmt":"2025-02-18T09:43:29","slug":"krem-kokosowy-bez-dodatku-cukrow-bio-1-l-cocomi","status":"publish","type":"product","link":"https:\/\/wiejskieprzysmaki.estima.site\/en\/product\/krem-kokosowy-bez-dodatku-cukrow-bio-1-l-cocomi\/","title":{"rendered":"KREM KOKOSOWY BEZ DODATKU CUKR\u00d3W BIO 1 L &#8211; COCOMI"},"content":{"rendered":"<p>SK\u0141ADNIKI<br \/>ekstrakt z kokosa* (80 %), woda, stabilizator: guma guar* (*certyfikowany sk\u0142adnik ekologiczny)<\/p>\n<p>OPIS <br \/>Pakowano w atmosferze ochronnej.  <\/p>\n<p>SPOS\u00d3B PRZYGOTOWANIA<br \/>Przed spo\u017cyciem wstrz\u0105sn\u0105\u0107.<\/p>\n<p>WARTO\u015a\u0106 OD\u017bYWCZA W 100 ml  <br \/>Warto\u015b\u0107 energetyczna: 855 kJ \/ 208 kcal  <br \/>T\u0142uszcz: 22 g  <br \/>w tym kwasy t\u0142uszczowe nasycone: 20 g  <br \/>W\u0119glowodany: 1,0 g  <br \/>w tym cukry: 0 g  <br \/>Bia\u0142ko: 1,4 g  <br \/>S\u00f3l: 0,075 g<\/p>\n<p>ZALECANE WARUNKI PRZECHOWYWANIA <br \/>Po otwarciu przechowywa\u0107 w lod\u00f3wce i spo\u017cy\u0107 w ci\u0105gu 3 dni.<\/p>","protected":false},"excerpt":{"rendered":"<p>SK\u0141ADNIKIekstrakt z kokosa* (80 %), woda, stabilizator: guma guar* (*certyfikowany sk\u0142adnik ekologiczny) OPIS Pakowano w atmosferze ochronnej. SPOS\u00d3B PRZYGOTOWANIAPrzed spo\u017cyciem wstrz\u0105sn\u0105\u0107. WARTO\u015a\u0106 OD\u017bYWCZA W 100 ml Warto\u015b\u0107 energetyczna: 855 kJ \/ 208 kcal T\u0142uszcz: 22 g w tym kwasy t\u0142uszczowe nasycone: 20 g W\u0119glowodany: 1,0 g w tym cukry: 0 g Bia\u0142ko: 1,4 g S\u00f3l: [&hellip;]<\/p>","protected":false},"featured_media":2431,"comment_status":"closed","ping_status":"open","template":"","meta":{"_acf_changed":false},"product_brand":[],"product_cat":[134,1008],"product_tag":[],"class_list":{"0":"post-2430","1":"product","2":"type-product","3":"status-publish","4":"has-post-thumbnail","6":"product_cat-napoje","7":"product_cat-roslinne-alternatywy-mleka-i-smietany","8":"pa_ean-matka-2282","9":"pa_gwarancja-przydatnosci-311","10":"pa_ilosc-w-opakowaniu-374","11":"pa_jednostka-podstawowa-szt","12":"pa_kod-cn-2106-90-92","13":"pa_kraj-pochodzenia-skladnikow-sri-lanka","14":"pa_objetosc-brutto-1016","15":"pa_objetosc-netto-858","16":"pa_producent-cocomi-wody-kokosowe-oleje-kokosowe-smietanki","17":"pa_producent-nazwa-adres-renuka-agri-organics-limited-sri-jinaratana-road-69-2-colombo","18":"pa_tagi-bez-cukru-w-skladnikach","19":"pa_tagi-bez-glutenu-w-skladnikach","20":"pa_tagi-certyfikat-bio","21":"pa_tagi-weganski","22":"pa_tagi-wegetarianski","24":"first","25":"instock","26":"taxable","27":"shipping-taxable","28":"purchasable","29":"product-type-simple"},"acf":[],"_links":{"self":[{"href":"https:\/\/wiejskieprzysmaki.estima.site\/en\/wp-json\/wp\/v2\/product\/2430","targetHints":{"allow":["GET"]}}],"collection":[{"href":"https:\/\/wiejskieprzysmaki.estima.site\/en\/wp-json\/wp\/v2\/product"}],"about":[{"href":"https:\/\/wiejskieprzysmaki.estima.site\/en\/wp-json\/wp\/v2\/types\/product"}],"replies":[{"embeddable":true,"href":"https:\/\/wiejskieprzysmaki.estima.site\/en\/wp-json\/wp\/v2\/comments?post=2430"}],"wp:featuredmedia":[{"embeddable":true,"href":"https:\/\/wiejskieprzysmaki.estima.site\/en\/wp-json\/wp\/v2\/media\/2431"}],"wp:attachment":[{"href":"https:\/\/wiejskieprzysmaki.estima.site\/en\/wp-json\/wp\/v2\/media?parent=2430"}],"wp:term":[{"taxonomy":"product_brand","embeddable":true,"href":"https:\/\/wiejskieprzysmaki.estima.site\/en\/wp-json\/wp\/v2\/product_brand?post=2430"},{"taxonomy":"product_cat","embeddable":true,"href":"https:\/\/wiejskieprzysmaki.estima.site\/en\/wp-json\/wp\/v2\/product_cat?post=2430"},{"taxonomy":"product_tag","embeddable":true,"href":"https:\/\/wiejskieprzysmaki.estima.site\/en\/wp-json\/wp\/v2\/product_tag?post=2430"}],"curies":[{"name":"wp","href":"https:\/\/api.w.org\/{rel}","templated":true}]}}