{"id":2444,"date":"2025-02-18T10:43:26","date_gmt":"2025-02-18T09:43:26","guid":{"rendered":"https:\/\/wiejskieprzysmaki.estima.site\/produkt\/herbatka-czekoladowa-z-kakao-choco-bio-17-x-22-g-374-g-yogi-tea\/"},"modified":"2025-02-18T10:43:34","modified_gmt":"2025-02-18T09:43:34","slug":"herbatka-czekoladowa-z-kakao-choco-bio-17-x-22-g-374-g-yogi-tea","status":"publish","type":"product","link":"https:\/\/wiejskieprzysmaki.estima.site\/en\/product\/herbatka-czekoladowa-z-kakao-choco-bio-17-x-22-g-374-g-yogi-tea\/","title":{"rendered":"HERBATKA CZEKOLADOWA Z KAKAO (CHOCO) BIO (17 x 2,2 g) 37,4 g &#8211; YOGI TEA"},"content":{"rendered":"<p>SK\u0141ADNIKI<br \/>kruszone kakao* 65 %, lukrecja*, cynamon* 11 %, karob*, s\u0142\u00f3d J\u0118CZMIENNY*, kardamon*, imbir*, go\u017adziki*, ekstrakt cynamonowy*, ekstrakt z wanilii*, pieprz czarny*, olejek imbirowy*, wanilia* (*certyfikowany sk\u0142adnik ekologiczny)<\/p>\n<p>OPIS<br \/>W wielu kulturach obdarowanie kogo\u015b czekolad\u0105 uchodzi za przejaw szczeg\u00f3lnej sympatii. Ta herbatka to nasz podarunek dla wszystkich, kt\u00f3rzy chc\u0105 dogodzi\u0107 swym zmys\u0142om i otworzy\u0107 swe wn\u0119trze. \u0141uski kakaowe emanuj\u0105 cudownym aromatem czekolady i \u0142\u0105cz\u0105 si\u0119 z delikatnymi przyprawami chai, dostarczaj\u0105c niebia\u0144skich dozna\u0144. Ta aromatyczna herbatka najlepiej smakuje lekko os\u0142odzona z odrobin\u0105 MLEKA lub jego wega\u0144skiego zamiennika.<br \/>Herbatka dla wszystkich uwielbiaj\u0105cych czekolad\u0119.<\/p>\n<p>SPOS\u00d3B PRZYGOTOWANIA<br \/>Torebk\u0119 zala\u0107 \u015bwie\u017co przegotowan\u0105 wod\u0105 i zaparza\u0107 przez 7 minut lub d\u0142u\u017cej w celu uzyskania mocniejszego smaku.<\/p>\n<p>UWAGI <br \/>Zawiera lukrecj\u0119 &#8211; chorzy na nadci\u015bnienie powinni unika\u0107 nadmiernego spo\u017cycia. <\/p>\n<p>ZALECANE WARUNKI PRZECHOWYWANIA <br \/>Przechowywa\u0107 w suchym i ch\u0142odnym miejscu <\/p>","protected":false},"excerpt":{"rendered":"<p>SK\u0141ADNIKIkruszone kakao* 65 %, lukrecja*, cynamon* 11 %, karob*, s\u0142\u00f3d J\u0118CZMIENNY*, kardamon*, imbir*, go\u017adziki*, ekstrakt cynamonowy*, ekstrakt z wanilii*, pieprz czarny*, olejek imbirowy*, wanilia* (*certyfikowany sk\u0142adnik ekologiczny) OPISW wielu kulturach obdarowanie kogo\u015b czekolad\u0105 uchodzi za przejaw szczeg\u00f3lnej sympatii. Ta herbatka to nasz podarunek dla wszystkich, kt\u00f3rzy chc\u0105 dogodzi\u0107 swym zmys\u0142om i otworzy\u0107 swe wn\u0119trze. \u0141uski [&hellip;]<\/p>","protected":false},"featured_media":2445,"comment_status":"closed","ping_status":"open","template":"","meta":{"_acf_changed":false},"product_brand":[],"product_cat":[282,478],"product_tag":[],"class_list":{"0":"post-2444","1":"product","2":"type-product","3":"status-publish","4":"has-post-thumbnail","6":"product_cat-herbaty-i-ziola","7":"product_cat-ziolowe-owocowe-mieszanki","8":"pa_ean-matka-2290","9":"pa_gwarancja-przydatnosci-1427","10":"pa_ilosc-w-opakowaniu-298","11":"pa_jednostka-podstawowa-szt","12":"pa_kod-cn-1802-00-00","13":"pa_masa-netto-1262","14":"pa_objetosc-brutto-1264","15":"pa_producent-yogi-tea-herbaty-i-herbatki","16":"pa_producent-nazwa-adres-yogi-tea-gmbh-burchardstrase-24-20095-hamburg","17":"pa_tagi-bez-cukru-w-skladnikach","18":"pa_tagi-certyfikat-bio","19":"pa_tagi-weganski","20":"pa_tagi-wegetarianski","22":"first","23":"instock","24":"taxable","25":"shipping-taxable","26":"purchasable","27":"product-type-simple"},"acf":[],"_links":{"self":[{"href":"https:\/\/wiejskieprzysmaki.estima.site\/en\/wp-json\/wp\/v2\/product\/2444","targetHints":{"allow":["GET"]}}],"collection":[{"href":"https:\/\/wiejskieprzysmaki.estima.site\/en\/wp-json\/wp\/v2\/product"}],"about":[{"href":"https:\/\/wiejskieprzysmaki.estima.site\/en\/wp-json\/wp\/v2\/types\/product"}],"replies":[{"embeddable":true,"href":"https:\/\/wiejskieprzysmaki.estima.site\/en\/wp-json\/wp\/v2\/comments?post=2444"}],"wp:featuredmedia":[{"embeddable":true,"href":"https:\/\/wiejskieprzysmaki.estima.site\/en\/wp-json\/wp\/v2\/media\/2445"}],"wp:attachment":[{"href":"https:\/\/wiejskieprzysmaki.estima.site\/en\/wp-json\/wp\/v2\/media?parent=2444"}],"wp:term":[{"taxonomy":"product_brand","embeddable":true,"href":"https:\/\/wiejskieprzysmaki.estima.site\/en\/wp-json\/wp\/v2\/product_brand?post=2444"},{"taxonomy":"product_cat","embeddable":true,"href":"https:\/\/wiejskieprzysmaki.estima.site\/en\/wp-json\/wp\/v2\/product_cat?post=2444"},{"taxonomy":"product_tag","embeddable":true,"href":"https:\/\/wiejskieprzysmaki.estima.site\/en\/wp-json\/wp\/v2\/product_tag?post=2444"}],"curies":[{"name":"wp","href":"https:\/\/api.w.org\/{rel}","templated":true}]}}