{"id":2456,"date":"2025-02-18T10:43:26","date_gmt":"2025-02-18T09:43:26","guid":{"rendered":"https:\/\/wiejskieprzysmaki.estima.site\/produkt\/ocet-jablkowy-5-niefiltrowany-bio-500-ml-bio-food\/"},"modified":"2025-02-18T10:43:39","modified_gmt":"2025-02-18T09:43:39","slug":"ocet-jablkowy-5-niefiltrowany-bio-500-ml-bio-food","status":"publish","type":"product","link":"https:\/\/wiejskieprzysmaki.estima.site\/en\/product\/ocet-jablkowy-5-niefiltrowany-bio-500-ml-bio-food\/","title":{"rendered":"OCET JAB\u0141KOWY 5 % NIEFILTROWANY BIO 500 ml &#8211; BIO FOOD"},"content":{"rendered":"<p>SK\u0141ADNIKI  <br \/>ocet z ekologicznego wina jab\u0142kowego<\/p>\n<p>OPIS<br \/>Ocet jab\u0142kowy ekologiczny wzbogaci smak da\u0144 z drobiu i RYB, jest r\u00f3wnie\u017c niezb\u0119dny do przygotowania dressing\u00f3w do sa\u0142atek oraz sos\u00f3w. Marynata na bazie octu jab\u0142kowego nada warzywom i owocom delikatnego smaku. Ocet jab\u0142kowy ekologiczny to produkt otrzymany przez naturaln\u0105, biologiczn\u0105 fermentacj\u0119 octow\u0105 ekologicznego wina jab\u0142kowego. <br \/>Naturalny m\u0119tny. Wyst\u0119puj\u0105cy osad tworz\u0105 naturalne sk\u0142adniki jab\u0142ek. Produkt niepasteryzowany.<br \/>Przed spo\u017cyciem wstrz\u0105sn\u0105\u0107.<\/p>\n<p>WARTO\u015a\u0106 OD\u017bYWCZA W 100 g<br \/>Warto\u015b\u0107 energetyczna: 67 kJ\/16 kcal  <br \/>T\u0142uszcz: 0 g  <br \/>w tym kwasy t\u0142uszczowe nasycone: 0 g  <br \/>W\u0119glowodany: 0,6 g  <br \/>w tym cukry: 0,3 g  <br \/>Bia\u0142ko: 0,4 g  <br \/>S\u00f3l: 0,013 g<\/p>\n<p>ZALECANE WARUNKI PRZECHOWYWANIA<br \/>Przechowywa\u0107 w ch\u0142odnym i suchym miejscu. Po otwarciu przechowywa\u0107 w temperaturze 4\u00b0C<\/p>","protected":false},"excerpt":{"rendered":"<p>SK\u0141ADNIKI ocet z ekologicznego wina jab\u0142kowego OPISOcet jab\u0142kowy ekologiczny wzbogaci smak da\u0144 z drobiu i RYB, jest r\u00f3wnie\u017c niezb\u0119dny do przygotowania dressing\u00f3w do sa\u0142atek oraz sos\u00f3w. Marynata na bazie octu jab\u0142kowego nada warzywom i owocom delikatnego smaku. Ocet jab\u0142kowy ekologiczny to produkt otrzymany przez naturaln\u0105, biologiczn\u0105 fermentacj\u0119 octow\u0105 ekologicznego wina jab\u0142kowego. Naturalny m\u0119tny. Wyst\u0119puj\u0105cy osad [&hellip;]<\/p>","protected":false},"featured_media":2457,"comment_status":"closed","ping_status":"open","template":"","meta":{"_acf_changed":false},"product_brand":[],"product_cat":[363,362],"product_tag":[],"class_list":{"0":"post-2456","1":"product","2":"type-product","3":"status-publish","4":"has-post-thumbnail","6":"product_cat-jablkowe","7":"product_cat-octy","8":"pa_ean-matka-2298","9":"pa_gwarancja-przydatnosci-522","10":"pa_ilosc-w-opakowaniu-298","11":"pa_jednostka-podstawowa-szt","12":"pa_kod-cn-2209-00-91","13":"pa_kraj-pochodzenia-skladnikow-polska","14":"pa_objetosc-brutto-2297","15":"pa_objetosc-netto-376","16":"pa_producent-bio-food-soki-przetwory-octy-olej-kokosowy","17":"pa_producent-nazwa-adres-zywnosc-ekologiczna-bio-food-sp-z-o-o-zaklad-produkcyjny-ciechocin-ciechocin-32-87-408-ciechocin","18":"pa_tagi-bez-cukru-w-skladnikach","19":"pa_tagi-bez-glutenu-w-skladnikach","20":"pa_tagi-certyfikat-bio","21":"pa_tagi-weganski","22":"pa_tagi-wegetarianski","24":"first","25":"instock","26":"taxable","27":"shipping-taxable","28":"purchasable","29":"product-type-simple"},"acf":[],"_links":{"self":[{"href":"https:\/\/wiejskieprzysmaki.estima.site\/en\/wp-json\/wp\/v2\/product\/2456","targetHints":{"allow":["GET"]}}],"collection":[{"href":"https:\/\/wiejskieprzysmaki.estima.site\/en\/wp-json\/wp\/v2\/product"}],"about":[{"href":"https:\/\/wiejskieprzysmaki.estima.site\/en\/wp-json\/wp\/v2\/types\/product"}],"replies":[{"embeddable":true,"href":"https:\/\/wiejskieprzysmaki.estima.site\/en\/wp-json\/wp\/v2\/comments?post=2456"}],"wp:featuredmedia":[{"embeddable":true,"href":"https:\/\/wiejskieprzysmaki.estima.site\/en\/wp-json\/wp\/v2\/media\/2457"}],"wp:attachment":[{"href":"https:\/\/wiejskieprzysmaki.estima.site\/en\/wp-json\/wp\/v2\/media?parent=2456"}],"wp:term":[{"taxonomy":"product_brand","embeddable":true,"href":"https:\/\/wiejskieprzysmaki.estima.site\/en\/wp-json\/wp\/v2\/product_brand?post=2456"},{"taxonomy":"product_cat","embeddable":true,"href":"https:\/\/wiejskieprzysmaki.estima.site\/en\/wp-json\/wp\/v2\/product_cat?post=2456"},{"taxonomy":"product_tag","embeddable":true,"href":"https:\/\/wiejskieprzysmaki.estima.site\/en\/wp-json\/wp\/v2\/product_tag?post=2456"}],"curies":[{"name":"wp","href":"https:\/\/api.w.org\/{rel}","templated":true}]}}