{"id":2460,"date":"2025-02-18T10:43:26","date_gmt":"2025-02-18T09:43:26","guid":{"rendered":"https:\/\/wiejskieprzysmaki.estima.site\/produkt\/syrop-malina-z-agawa-bio-250-ml-bio-food\/"},"modified":"2025-02-18T10:43:41","modified_gmt":"2025-02-18T09:43:41","slug":"syrop-malina-z-agawa-bio-250-ml-bio-food","status":"publish","type":"product","link":"https:\/\/wiejskieprzysmaki.estima.site\/en\/product\/syrop-malina-z-agawa-bio-250-ml-bio-food\/","title":{"rendered":"SYROP MALINA Z AGAW\u0104 BIO 250 ml &#8211; BIO FOOD"},"content":{"rendered":"<p>SK\u0141ADNIKI<br \/>sok z malin* (50 %), syrop z agawy* (50 %). (*certyfikowany sk\u0142adnik ekologiczny)<\/p>\n<p>OPIS  <br \/>Jest to syrop naturalnie wytworzony z soku z malin. Uzyskany syrop, dos\u0142adza si\u0119 syropem z agawy odpowietrza si\u0119, rozlewa do butelek i pasteryzuje, po czym sch\u0142adza.<\/p>\n<p>WARTO\u015a\u0106 OD\u017bYWCZA W 100 g<br \/>Warto\u015b\u0107 energetyczna: 886 kJ\/215 kcal  <br \/>T\u0142uszcz: 0,3 g  <br \/>w tym kwasy t\u0142uszczowe nasycone: 0,1 g  <br \/>W\u0119glowodany: 55 g  <br \/>w tym cukry: 52 g  <br \/>Bia\u0142ko: 0,1 g  <br \/>S\u00f3l: 0,02 g<\/p>\n<p>ZALECANE WARUNKI PRZECHOWYWANIA  <br \/>Przechowywa\u0107 w suchym, ch\u0142odnym miejscu. Po otwarciu przechowywa\u0107 w temperaturze 4\u00baC<\/p>","protected":false},"excerpt":{"rendered":"<p>SK\u0141ADNIKIsok z malin* (50 %), syrop z agawy* (50 %). (*certyfikowany sk\u0142adnik ekologiczny) OPIS Jest to syrop naturalnie wytworzony z soku z malin. Uzyskany syrop, dos\u0142adza si\u0119 syropem z agawy odpowietrza si\u0119, rozlewa do butelek i pasteryzuje, po czym sch\u0142adza. WARTO\u015a\u0106 OD\u017bYWCZA W 100 gWarto\u015b\u0107 energetyczna: 886 kJ\/215 kcal T\u0142uszcz: 0,3 g w tym kwasy [&hellip;]<\/p>","protected":false},"featured_media":2461,"comment_status":"closed","ping_status":"open","template":"","meta":{"_acf_changed":false},"product_brand":[],"product_cat":[134,744],"product_tag":[],"class_list":{"0":"post-2460","1":"product","2":"type-product","3":"status-publish","4":"has-post-thumbnail","6":"product_cat-napoje","7":"product_cat-syropy-owocowe-i-inne","8":"pa_ean-matka-2300","9":"pa_gwarancja-przydatnosci-320","10":"pa_ilosc-w-opakowaniu-298","11":"pa_jednostka-podstawowa-szt","12":"pa_kod-cn-2106-90-59","13":"pa_objetosc-brutto-1129","14":"pa_objetosc-netto-359","15":"pa_producent-bio-food-soki-przetwory-octy-olej-kokosowy","16":"pa_producent-nazwa-adres-zywnosc-ekologiczna-bio-food-sp-z-o-o-zaklad-produkcyjny-ciechocin-ciechocin-32-87-408-ciechocin","17":"pa_tagi-bez-glutenu-w-skladnikach","18":"pa_tagi-certyfikat-bio","19":"pa_tagi-weganski","20":"pa_tagi-wegetarianski","22":"first","23":"instock","24":"taxable","25":"shipping-taxable","26":"purchasable","27":"product-type-simple"},"acf":[],"_links":{"self":[{"href":"https:\/\/wiejskieprzysmaki.estima.site\/en\/wp-json\/wp\/v2\/product\/2460","targetHints":{"allow":["GET"]}}],"collection":[{"href":"https:\/\/wiejskieprzysmaki.estima.site\/en\/wp-json\/wp\/v2\/product"}],"about":[{"href":"https:\/\/wiejskieprzysmaki.estima.site\/en\/wp-json\/wp\/v2\/types\/product"}],"replies":[{"embeddable":true,"href":"https:\/\/wiejskieprzysmaki.estima.site\/en\/wp-json\/wp\/v2\/comments?post=2460"}],"wp:featuredmedia":[{"embeddable":true,"href":"https:\/\/wiejskieprzysmaki.estima.site\/en\/wp-json\/wp\/v2\/media\/2461"}],"wp:attachment":[{"href":"https:\/\/wiejskieprzysmaki.estima.site\/en\/wp-json\/wp\/v2\/media?parent=2460"}],"wp:term":[{"taxonomy":"product_brand","embeddable":true,"href":"https:\/\/wiejskieprzysmaki.estima.site\/en\/wp-json\/wp\/v2\/product_brand?post=2460"},{"taxonomy":"product_cat","embeddable":true,"href":"https:\/\/wiejskieprzysmaki.estima.site\/en\/wp-json\/wp\/v2\/product_cat?post=2460"},{"taxonomy":"product_tag","embeddable":true,"href":"https:\/\/wiejskieprzysmaki.estima.site\/en\/wp-json\/wp\/v2\/product_tag?post=2460"}],"curies":[{"name":"wp","href":"https:\/\/api.w.org\/{rel}","templated":true}]}}