{"id":2464,"date":"2025-02-18T10:43:42","date_gmt":"2025-02-18T09:43:42","guid":{"rendered":"https:\/\/wiejskieprzysmaki.estima.site\/produkt\/herbatka-na-gardlo-throat-comfort-bio-17-x-19-g-323-g-yogi-tea\/"},"modified":"2025-02-18T10:43:44","modified_gmt":"2025-02-18T09:43:44","slug":"herbatka-na-gardlo-throat-comfort-bio-17-x-19-g-323-g-yogi-tea","status":"publish","type":"product","link":"https:\/\/wiejskieprzysmaki.estima.site\/en\/product\/herbatka-na-gardlo-throat-comfort-bio-17-x-19-g-323-g-yogi-tea\/","title":{"rendered":"HERBATKA NA GARD\u0141O (THROAT COMFORT) BIO (17 x 1,9 g) 32,3 g &#8211; YOGI TEA"},"content":{"rendered":"<p>SK\u0141ADNIKI<br \/>lukrecja* 32 %, koper* 23 %, cynamon*, sk\u00f3rka pomara\u0144czy*, imbir*, tymianek* 4 %, dziewanna*, ekstrakt z cytrus\u00f3w*, ekstrakt z pomara\u0144czy*, kardamon*, pieprz czarny*, go\u017adziki*, korze\u0144 kurkumy*. (*certyfikowany sk\u0142adnik ekologiczny)<\/p>\n<p>OPIS<br \/>Nasz g\u0142os to cenny dar. Dlaczego by wi\u0119c nie da\u0107 swojemu gard\u0142u zas\u0142u\u017conej, czu\u0142ej piel\u0119gnacji z pomoc\u0105 lukrecji, kopru w\u0142oskiego i tymianku? W po\u0142\u0105czeniu ze sk\u00f3rk\u0105 pomara\u0144czy i imbirem tworz\u0105 one specjaln\u0105 mieszank\u0119 zi\u00f3\u0142 i przypraw, kt\u00f3ra dobrze smakuje, a tak\u017ce dzia\u0142a dobrze na gard\u0142o.<br \/>Herbatka dla wszystkich pragn\u0105cych by ich us\u0142yszano.<\/p>\n<p>SPOS\u00d3B PRZYGOTOWANIA<br \/>Zalej torebk\u0119 250 ml \u015bwie\u017co przegotowanej wody i pozostaw do zaparzenia na oko\u0142o 5-6 minut lub d\u0142u\u017cej &#8211; dla uzyskania g\u0142\u0119bszego aromatu.<\/p>\n<p>UWAGI<br \/>Zawiera lukrecj\u0119 &#8211; chorzy na nadci\u015bnienie powinni unika\u0107 nadmiernego spo\u017cycia.<\/p>\n<p>ZALECANE WARUNKI PRZECHOWYWANIA <br \/>Przechowywa\u0107 w suchym i ch\u0142odnym miejscu<\/p>","protected":false},"excerpt":{"rendered":"<p>SK\u0141ADNIKIlukrecja* 32 %, koper* 23 %, cynamon*, sk\u00f3rka pomara\u0144czy*, imbir*, tymianek* 4 %, dziewanna*, ekstrakt z cytrus\u00f3w*, ekstrakt z pomara\u0144czy*, kardamon*, pieprz czarny*, go\u017adziki*, korze\u0144 kurkumy*. (*certyfikowany sk\u0142adnik ekologiczny) OPISNasz g\u0142os to cenny dar. Dlaczego by wi\u0119c nie da\u0107 swojemu gard\u0142u zas\u0142u\u017conej, czu\u0142ej piel\u0119gnacji z pomoc\u0105 lukrecji, kopru w\u0142oskiego i tymianku? W po\u0142\u0105czeniu ze sk\u00f3rk\u0105 [&hellip;]<\/p>","protected":false},"featured_media":2465,"comment_status":"closed","ping_status":"open","template":"","meta":{"_acf_changed":false},"product_brand":[],"product_cat":[282,478],"product_tag":[],"class_list":{"0":"post-2464","1":"product","2":"type-product","3":"status-publish","4":"has-post-thumbnail","6":"product_cat-herbaty-i-ziola","7":"product_cat-ziolowe-owocowe-mieszanki","8":"pa_ean-matka-2303","9":"pa_gwarancja-przydatnosci-988","10":"pa_ilosc-w-opakowaniu-298","11":"pa_jednostka-podstawowa-szt","12":"pa_kod-cn-0910-99-99","13":"pa_masa-netto-2302","14":"pa_objetosc-brutto-1264","15":"pa_producent-yogi-tea-herbaty-i-herbatki","16":"pa_producent-nazwa-adres-yogi-tea-gmbh-burchardstrase-24-20095-hamburg","17":"pa_tagi-bez-cukru-w-skladnikach","18":"pa_tagi-bez-glutenu-w-skladnikach","19":"pa_tagi-certyfikat-bio","20":"pa_tagi-weganski","21":"pa_tagi-wegetarianski","23":"first","24":"instock","25":"taxable","26":"shipping-taxable","27":"purchasable","28":"product-type-simple"},"acf":[],"_links":{"self":[{"href":"https:\/\/wiejskieprzysmaki.estima.site\/en\/wp-json\/wp\/v2\/product\/2464","targetHints":{"allow":["GET"]}}],"collection":[{"href":"https:\/\/wiejskieprzysmaki.estima.site\/en\/wp-json\/wp\/v2\/product"}],"about":[{"href":"https:\/\/wiejskieprzysmaki.estima.site\/en\/wp-json\/wp\/v2\/types\/product"}],"replies":[{"embeddable":true,"href":"https:\/\/wiejskieprzysmaki.estima.site\/en\/wp-json\/wp\/v2\/comments?post=2464"}],"wp:featuredmedia":[{"embeddable":true,"href":"https:\/\/wiejskieprzysmaki.estima.site\/en\/wp-json\/wp\/v2\/media\/2465"}],"wp:attachment":[{"href":"https:\/\/wiejskieprzysmaki.estima.site\/en\/wp-json\/wp\/v2\/media?parent=2464"}],"wp:term":[{"taxonomy":"product_brand","embeddable":true,"href":"https:\/\/wiejskieprzysmaki.estima.site\/en\/wp-json\/wp\/v2\/product_brand?post=2464"},{"taxonomy":"product_cat","embeddable":true,"href":"https:\/\/wiejskieprzysmaki.estima.site\/en\/wp-json\/wp\/v2\/product_cat?post=2464"},{"taxonomy":"product_tag","embeddable":true,"href":"https:\/\/wiejskieprzysmaki.estima.site\/en\/wp-json\/wp\/v2\/product_tag?post=2464"}],"curies":[{"name":"wp","href":"https:\/\/api.w.org\/{rel}","templated":true}]}}