{"id":2466,"date":"2025-02-18T10:43:42","date_gmt":"2025-02-18T09:43:42","guid":{"rendered":"https:\/\/wiejskieprzysmaki.estima.site\/produkt\/herbatka-na-sen-bedtime-bio-17-x-18-g-306-g-yogi-tea\/"},"modified":"2025-02-18T10:43:45","modified_gmt":"2025-02-18T09:43:45","slug":"herbatka-na-sen-bedtime-bio-17-x-18-g-306-g-yogi-tea","status":"publish","type":"product","link":"https:\/\/wiejskieprzysmaki.estima.site\/en\/product\/herbatka-na-sen-bedtime-bio-17-x-18-g-306-g-yogi-tea\/","title":{"rendered":"HERBATKA NA SEN (BEDTIME) BIO (17 x 1,8 g) 30,6 g &#8211; YOGI TEA"},"content":{"rendered":"<p>SK\u0141ADNIKI<br \/>koper* 31 %, rumianek* 17 %, mi\u0119ta pieprzowa*, kardamon*, melisa cytrynowa*, trawa cytrynowa*, korze\u0144 koz\u0142ka lekarskiego* 6 %, sza\u0142wia*, kwiaty lawendy*, ga\u0142ka muszkato\u0142owa* (*certyfikowany sk\u0142adnik ekologiczny)<\/p>\n<p>OPIS<br \/>Dobry dzie\u0144 zaczyna si\u0119 w\u0142a\u015bciwie ju\u017c poprzedniego wieczoru. Zw\u0142aszcza, gdy korzystamy z aromatycznej fili\u017canki YOGI TEA\u00ae Bedtime, kt\u00f3ra pomo\u017ce nam si\u0119 zrelaksowa\u0107 pod koniec dnia. Uspokajaj\u0105ce sk\u0142adniki, takie jak lawenda i koz\u0142ek lekarski, otulaj\u0105 nas ciep\u0142em, a pachn\u0105ce zio\u0142a, takie jak mi\u0119ta, delikatnie pomagaj\u0105 si\u0119 odpr\u0119\u017cy\u0107. Wypijmy za dobry, regeneruj\u0105cy sen.<br \/>Herbatka dla wszystkich chc\u0105cych \u0142agodnie zako\u0144czy\u0107 dzie\u0144.<\/p>\n<p>SPOS\u00d3B PRZYGOTOWANIA<br \/>Zalej torebk\u0119 250 ml \u015bwie\u017co przegotowanej wody i pozostaw do zaparzenia na oko\u0142o 5-6 minut lub d\u0142u\u017cej &#8211; dla uzyskania g\u0142\u0119bszego aromatu.<\/p>\n<p>ZALECANE WARUNKI PRZECHOWYWANIA <br \/>Przechowywa\u0107 w suchym i ch\u0142odnym miejscu<\/p>","protected":false},"excerpt":{"rendered":"<p>SK\u0141ADNIKIkoper* 31 %, rumianek* 17 %, mi\u0119ta pieprzowa*, kardamon*, melisa cytrynowa*, trawa cytrynowa*, korze\u0144 koz\u0142ka lekarskiego* 6 %, sza\u0142wia*, kwiaty lawendy*, ga\u0142ka muszkato\u0142owa* (*certyfikowany sk\u0142adnik ekologiczny) OPISDobry dzie\u0144 zaczyna si\u0119 w\u0142a\u015bciwie ju\u017c poprzedniego wieczoru. Zw\u0142aszcza, gdy korzystamy z aromatycznej fili\u017canki YOGI TEA\u00ae Bedtime, kt\u00f3ra pomo\u017ce nam si\u0119 zrelaksowa\u0107 pod koniec dnia. Uspokajaj\u0105ce sk\u0142adniki, takie jak [&hellip;]<\/p>","protected":false},"featured_media":2467,"comment_status":"closed","ping_status":"open","template":"","meta":{"_acf_changed":false},"product_brand":[],"product_cat":[282,478],"product_tag":[],"class_list":{"0":"post-2466","1":"product","2":"type-product","3":"status-publish","4":"has-post-thumbnail","6":"product_cat-herbaty-i-ziola","7":"product_cat-ziolowe-owocowe-mieszanki","8":"pa_ean-matka-2304","9":"pa_gwarancja-przydatnosci-1427","10":"pa_ilosc-w-opakowaniu-298","11":"pa_jednostka-podstawowa-szt","12":"pa_kod-cn-0910-99-99","13":"pa_masa-netto-443","14":"pa_objetosc-brutto-1264","15":"pa_producent-yogi-tea-herbaty-i-herbatki","16":"pa_producent-nazwa-adres-yogi-tea-gmbh-burchardstrase-24-20095-hamburg","17":"pa_tagi-bez-cukru-w-skladnikach","18":"pa_tagi-bez-glutenu-w-skladnikach","19":"pa_tagi-certyfikat-bio","20":"pa_tagi-weganski","21":"pa_tagi-wegetarianski","23":"first","24":"instock","25":"taxable","26":"shipping-taxable","27":"purchasable","28":"product-type-simple"},"acf":[],"_links":{"self":[{"href":"https:\/\/wiejskieprzysmaki.estima.site\/en\/wp-json\/wp\/v2\/product\/2466","targetHints":{"allow":["GET"]}}],"collection":[{"href":"https:\/\/wiejskieprzysmaki.estima.site\/en\/wp-json\/wp\/v2\/product"}],"about":[{"href":"https:\/\/wiejskieprzysmaki.estima.site\/en\/wp-json\/wp\/v2\/types\/product"}],"replies":[{"embeddable":true,"href":"https:\/\/wiejskieprzysmaki.estima.site\/en\/wp-json\/wp\/v2\/comments?post=2466"}],"wp:featuredmedia":[{"embeddable":true,"href":"https:\/\/wiejskieprzysmaki.estima.site\/en\/wp-json\/wp\/v2\/media\/2467"}],"wp:attachment":[{"href":"https:\/\/wiejskieprzysmaki.estima.site\/en\/wp-json\/wp\/v2\/media?parent=2466"}],"wp:term":[{"taxonomy":"product_brand","embeddable":true,"href":"https:\/\/wiejskieprzysmaki.estima.site\/en\/wp-json\/wp\/v2\/product_brand?post=2466"},{"taxonomy":"product_cat","embeddable":true,"href":"https:\/\/wiejskieprzysmaki.estima.site\/en\/wp-json\/wp\/v2\/product_cat?post=2466"},{"taxonomy":"product_tag","embeddable":true,"href":"https:\/\/wiejskieprzysmaki.estima.site\/en\/wp-json\/wp\/v2\/product_tag?post=2466"}],"curies":[{"name":"wp","href":"https:\/\/api.w.org\/{rel}","templated":true}]}}