{"id":2474,"date":"2025-02-18T10:43:42","date_gmt":"2025-02-18T09:43:42","guid":{"rendered":"https:\/\/wiejskieprzysmaki.estima.site\/produkt\/herbatka-tao-rose-bio-17-x-2-g-34-g-yogi-tea\/"},"modified":"2025-02-18T10:43:49","modified_gmt":"2025-02-18T09:43:49","slug":"herbatka-tao-rose-bio-17-x-2-g-34-g-yogi-tea","status":"publish","type":"product","link":"https:\/\/wiejskieprzysmaki.estima.site\/en\/product\/herbatka-tao-rose-bio-17-x-2-g-34-g-yogi-tea\/","title":{"rendered":"HERBATKA TAO ROSE BIO (17 x 2 g) 34 g &#8211; YOGI TEA"},"content":{"rendered":"<p>SK\u0141ADNIKI<br \/>hibiskus*, kwiat rumianku*, czarny bez*, kwiat lipy*, p\u0142atki r\u00f3\u017cy* 5 %, cynamon*, kwiat lawendy*, krwawnik pospolity*, imbir*, pieprz czarny*, koper*, korze\u0144 kurkumy*, naturalny aromat*, p\u0142atki s\u0142onecznika*, lucerna*, babka lancetowata*, kardamon*, go\u017adziki*, nap\u00f3j z suszonej kombuczy* (*certyfikowany sk\u0142adnik ekologiczny)<\/p>\n<p>OPIS<br \/>R\u00f3\u017ca jest pe\u0142na symboliki. Kojarzy si\u0119 z najpi\u0119kniejszymi s\u0142owami \u015bwiata, uwodzi &#8211; ale nie zwodzi: jej czaruj\u0105cy zapach w niczym nie ust\u0119puje jej urodzie, w po\u0142\u0105czeniu z hibiskusem i kwiatem lawendy udowadnia, \u017ce r\u00f3wnie\u017c jej smak podbija serca. Pierwsza kropla na ustach jest jak pe\u0142en mi\u0142o\u015bci komplement. Nie zdziw si\u0119 wi\u0119c, je\u015bli poczujesz motyle w brzuchu.<br \/>Herbatka dla wszystkich pasjonat\u00f3w.<\/p>\n<p>SPOS\u00d3B PRZYGOTOWANIA<br \/>Zalej torebk\u0119 250 ml \u015bwie\u017co przegotowanej wody i pozostaw do zaparzenia na oko\u0142o 5-7 minut lub d\u0142u\u017cej &#8211; dla uzyskania g\u0142\u0119bszego aromatu.<\/p>\n<p>ZALECANE WARUNKI PRZECHOWYWANIA <br \/>Przechowywa\u0107 w suchym i ch\u0142odnym miejscu<\/p>","protected":false},"excerpt":{"rendered":"<p>SK\u0141ADNIKIhibiskus*, kwiat rumianku*, czarny bez*, kwiat lipy*, p\u0142atki r\u00f3\u017cy* 5 %, cynamon*, kwiat lawendy*, krwawnik pospolity*, imbir*, pieprz czarny*, koper*, korze\u0144 kurkumy*, naturalny aromat*, p\u0142atki s\u0142onecznika*, lucerna*, babka lancetowata*, kardamon*, go\u017adziki*, nap\u00f3j z suszonej kombuczy* (*certyfikowany sk\u0142adnik ekologiczny) OPISR\u00f3\u017ca jest pe\u0142na symboliki. Kojarzy si\u0119 z najpi\u0119kniejszymi s\u0142owami \u015bwiata, uwodzi &#8211; ale nie zwodzi: jej czaruj\u0105cy [&hellip;]<\/p>","protected":false},"featured_media":2475,"comment_status":"closed","ping_status":"open","template":"","meta":{"_acf_changed":false},"product_brand":[],"product_cat":[282,478],"product_tag":[],"class_list":{"0":"post-2474","1":"product","2":"type-product","3":"status-publish","4":"has-post-thumbnail","6":"product_cat-herbaty-i-ziola","7":"product_cat-ziolowe-owocowe-mieszanki","8":"pa_ean-matka-2309","9":"pa_gwarancja-przydatnosci-988","10":"pa_ilosc-w-opakowaniu-298","11":"pa_jednostka-podstawowa-szt","12":"pa_kod-cn-2106-90-92","13":"pa_masa-netto-2294","14":"pa_objetosc-brutto-1264","15":"pa_producent-yogi-tea-herbaty-i-herbatki","16":"pa_producent-nazwa-adres-yogi-tea-gmbh-burchardstrase-24-20095-hamburg","17":"pa_tagi-bez-cukru-w-skladnikach","18":"pa_tagi-bez-glutenu-w-skladnikach","19":"pa_tagi-certyfikat-bio","20":"pa_tagi-weganski","21":"pa_tagi-wegetarianski","23":"first","24":"instock","25":"taxable","26":"shipping-taxable","27":"purchasable","28":"product-type-simple"},"acf":[],"_links":{"self":[{"href":"https:\/\/wiejskieprzysmaki.estima.site\/en\/wp-json\/wp\/v2\/product\/2474","targetHints":{"allow":["GET"]}}],"collection":[{"href":"https:\/\/wiejskieprzysmaki.estima.site\/en\/wp-json\/wp\/v2\/product"}],"about":[{"href":"https:\/\/wiejskieprzysmaki.estima.site\/en\/wp-json\/wp\/v2\/types\/product"}],"replies":[{"embeddable":true,"href":"https:\/\/wiejskieprzysmaki.estima.site\/en\/wp-json\/wp\/v2\/comments?post=2474"}],"wp:featuredmedia":[{"embeddable":true,"href":"https:\/\/wiejskieprzysmaki.estima.site\/en\/wp-json\/wp\/v2\/media\/2475"}],"wp:attachment":[{"href":"https:\/\/wiejskieprzysmaki.estima.site\/en\/wp-json\/wp\/v2\/media?parent=2474"}],"wp:term":[{"taxonomy":"product_brand","embeddable":true,"href":"https:\/\/wiejskieprzysmaki.estima.site\/en\/wp-json\/wp\/v2\/product_brand?post=2474"},{"taxonomy":"product_cat","embeddable":true,"href":"https:\/\/wiejskieprzysmaki.estima.site\/en\/wp-json\/wp\/v2\/product_cat?post=2474"},{"taxonomy":"product_tag","embeddable":true,"href":"https:\/\/wiejskieprzysmaki.estima.site\/en\/wp-json\/wp\/v2\/product_tag?post=2474"}],"curies":[{"name":"wp","href":"https:\/\/api.w.org\/{rel}","templated":true}]}}