{"id":2478,"date":"2025-02-18T10:43:42","date_gmt":"2025-02-18T09:43:42","guid":{"rendered":"https:\/\/wiejskieprzysmaki.estima.site\/produkt\/ciastka-orkiszowe-naturalne-bez-dodatku-cukrow-bio-120-g-bio-ania\/"},"modified":"2025-02-18T10:43:51","modified_gmt":"2025-02-18T09:43:51","slug":"ciastka-orkiszowe-naturalne-bez-dodatku-cukrow-bio-120-g-bio-ania","status":"publish","type":"product","link":"https:\/\/wiejskieprzysmaki.estima.site\/en\/product\/ciastka-orkiszowe-naturalne-bez-dodatku-cukrow-bio-120-g-bio-ania\/","title":{"rendered":"CIASTKA ORKISZOWE NATURALNE BEZ DODATKU CUKR\u00d3W BIO 120 g &#8211; BIO ANIA"},"content":{"rendered":"<p>SK\u0141ADNIKI<br \/>m\u0105ka z PSZENICY ORKISZ* (89 %), t\u0142uszcz kokosowy*, MLEKO w proszku*, s\u00f3l (*certyfikowany sk\u0142adnik ekologiczny)<\/p>\n<p>WARTO\u015a\u0106 OD\u017bYWCZA W 100 g<br \/>Warto\u015b\u0107 energetyczna 1879 kJ \/ 477 kcal  <br \/>T\u0142uszcz &#8211; 11,9 g  <br \/>w tym kwasy t\u0142uszczowe nasycone &#8211; 7,9 g  <br \/>W\u0119glowodany &#8211; 73,8 g  <br \/>w tym cukry &#8211; 4,1 g  <br \/>Bia\u0142ko &#8211; 10,8 g  <br \/>S\u00f3l &#8211; 1,1 g<\/p>\n<p>INFORMACJA ALERGENNA<br \/>Produkt mo\u017ce zawiera\u0107 JAJA, SEZAM, ORZECHY, SOJ\u0118.<\/p>\n<p>ZALECANE WARUNKI PRZECHOWYWANIA<br \/>Przechowywa\u0107 w suchym i ch\u0142odnym miejscu.  <\/p>","protected":false},"excerpt":{"rendered":"<p>SK\u0141ADNIKIm\u0105ka z PSZENICY ORKISZ* (89 %), t\u0142uszcz kokosowy*, MLEKO w proszku*, s\u00f3l (*certyfikowany sk\u0142adnik ekologiczny) WARTO\u015a\u0106 OD\u017bYWCZA W 100 gWarto\u015b\u0107 energetyczna 1879 kJ \/ 477 kcal T\u0142uszcz &#8211; 11,9 g w tym kwasy t\u0142uszczowe nasycone &#8211; 7,9 g W\u0119glowodany &#8211; 73,8 g w tym cukry &#8211; 4,1 g Bia\u0142ko &#8211; 10,8 g S\u00f3l &#8211; 1,1 [&hellip;]<\/p>","protected":false},"featured_media":2479,"comment_status":"closed","ping_status":"open","template":"","meta":{"_acf_changed":false},"product_brand":[],"product_cat":[1434,139],"product_tag":[],"class_list":{"0":"post-2478","1":"product","2":"type-product","3":"status-publish","4":"has-post-thumbnail","6":"product_cat-ciastka","7":"product_cat-slodycze-i-przekaski","8":"pa_ean-matka-2314","9":"pa_gwarancja-przydatnosci-324","10":"pa_ilosc-w-opakowaniu-406","11":"pa_jednostka-podstawowa-szt","12":"pa_kod-cn-1905-90-70","13":"pa_masa-netto-411","14":"pa_objetosc-brutto-2312","15":"pa_producent-bio-ania-ciastka-muffiny-wafle","16":"pa_producent-nazwa-adres-ania-spolka-z-ograniczona-odpowiedzialnoscia-spolka-komandytowa-niepokalanej-panny-marii-103-31-589-krakow","17":"pa_tagi-bez-cukru-w-skladnikach","18":"pa_tagi-certyfikat-bio","19":"pa_tagi-wegetarianski","21":"first","22":"instock","23":"taxable","24":"shipping-taxable","25":"purchasable","26":"product-type-simple"},"acf":[],"_links":{"self":[{"href":"https:\/\/wiejskieprzysmaki.estima.site\/en\/wp-json\/wp\/v2\/product\/2478","targetHints":{"allow":["GET"]}}],"collection":[{"href":"https:\/\/wiejskieprzysmaki.estima.site\/en\/wp-json\/wp\/v2\/product"}],"about":[{"href":"https:\/\/wiejskieprzysmaki.estima.site\/en\/wp-json\/wp\/v2\/types\/product"}],"replies":[{"embeddable":true,"href":"https:\/\/wiejskieprzysmaki.estima.site\/en\/wp-json\/wp\/v2\/comments?post=2478"}],"wp:featuredmedia":[{"embeddable":true,"href":"https:\/\/wiejskieprzysmaki.estima.site\/en\/wp-json\/wp\/v2\/media\/2479"}],"wp:attachment":[{"href":"https:\/\/wiejskieprzysmaki.estima.site\/en\/wp-json\/wp\/v2\/media?parent=2478"}],"wp:term":[{"taxonomy":"product_brand","embeddable":true,"href":"https:\/\/wiejskieprzysmaki.estima.site\/en\/wp-json\/wp\/v2\/product_brand?post=2478"},{"taxonomy":"product_cat","embeddable":true,"href":"https:\/\/wiejskieprzysmaki.estima.site\/en\/wp-json\/wp\/v2\/product_cat?post=2478"},{"taxonomy":"product_tag","embeddable":true,"href":"https:\/\/wiejskieprzysmaki.estima.site\/en\/wp-json\/wp\/v2\/product_tag?post=2478"}],"curies":[{"name":"wp","href":"https:\/\/api.w.org\/{rel}","templated":true}]}}