{"id":2482,"date":"2025-02-18T10:43:42","date_gmt":"2025-02-18T09:43:42","guid":{"rendered":"https:\/\/wiejskieprzysmaki.estima.site\/produkt\/muffinki-babuni-kakaowe-bio-200-g-bio-ania\/"},"modified":"2025-02-18T10:43:53","modified_gmt":"2025-02-18T09:43:53","slug":"muffinki-babuni-kakaowe-bio-200-g-bio-ania","status":"publish","type":"product","link":"https:\/\/wiejskieprzysmaki.estima.site\/en\/product\/muffinki-babuni-kakaowe-bio-200-g-bio-ania\/","title":{"rendered":"MUFFINKI BABUNI KAKAOWE BIO 200 g &#8211; BIO ANIA"},"content":{"rendered":"<p>SK\u0141ADNIKI  <br \/>m\u0105ka PSZENNA*, t\u0142uszcz kokosowy*, masa JAJOWA*, cukier trzcinowy*, kakao* (2,2 %), s\u00f3l. (*certyfikowany sk\u0142adnik ekologiczny)<\/p>\n<p>WARTO\u015a\u0106 OD\u017bYWCZA W 100 g<br \/>Warto\u015b\u0107 energetyczna: 1995 kJ\/477 kcal  <br \/>T\u0142uszcz: 25,8 g  <br \/>w tym kwasy t\u0142uszczowe nasycone: 4,0 g  <br \/>W\u0119glowodany: 53,8 g  <br \/>w tym cukry: 28,6 g  <br \/>Bia\u0142ko: 9,1 g  <br \/>S\u00f3l: 0,97 g<\/p>\n<p>INFORMACJA ALERGENNA<br \/>Produkt mo\u017ce zawiera\u0107 MLEKO (\u0142\u0105cznie z LAKTOZ\u0104), SEZAM, ORZECHY, SOJ\u0118.<\/p>\n<p>ZALECANE WARUNKI PRZECHOWYWANIA<br \/>Przechowywa\u0107 w suchym i ch\u0142odnym miejscu.  <\/p>","protected":false},"excerpt":{"rendered":"<p>SK\u0141ADNIKI m\u0105ka PSZENNA*, t\u0142uszcz kokosowy*, masa JAJOWA*, cukier trzcinowy*, kakao* (2,2 %), s\u00f3l. (*certyfikowany sk\u0142adnik ekologiczny) WARTO\u015a\u0106 OD\u017bYWCZA W 100 gWarto\u015b\u0107 energetyczna: 1995 kJ\/477 kcal T\u0142uszcz: 25,8 g w tym kwasy t\u0142uszczowe nasycone: 4,0 g W\u0119glowodany: 53,8 g w tym cukry: 28,6 g Bia\u0142ko: 9,1 g S\u00f3l: 0,97 g INFORMACJA ALERGENNAProdukt mo\u017ce zawiera\u0107 MLEKO (\u0142\u0105cznie [&hellip;]<\/p>","protected":false},"featured_media":2483,"comment_status":"closed","ping_status":"open","template":"","meta":{"_acf_changed":false},"product_brand":[],"product_cat":[1434,139],"product_tag":[],"class_list":{"0":"post-2482","1":"product","2":"type-product","3":"status-publish","4":"has-post-thumbnail","6":"product_cat-ciastka","7":"product_cat-slodycze-i-przekaski","8":"pa_ean-matka-2317","9":"pa_gwarancja-przydatnosci-481","10":"pa_ilosc-w-opakowaniu-401","11":"pa_jednostka-podstawowa-szt","12":"pa_kod-cn-1905-90-70","13":"pa_masa-netto-354","14":"pa_objetosc-brutto-2316","15":"pa_producent-bio-ania-ciastka-muffiny-wafle","16":"pa_producent-nazwa-adres-ania-spolka-z-ograniczona-odpowiedzialnoscia-spolka-komandytowa-niepokalanej-panny-marii-103-31-589-krakow","17":"pa_tagi-certyfikat-bio","18":"pa_tagi-wegetarianski","20":"first","21":"instock","22":"taxable","23":"shipping-taxable","24":"purchasable","25":"product-type-simple"},"acf":[],"_links":{"self":[{"href":"https:\/\/wiejskieprzysmaki.estima.site\/en\/wp-json\/wp\/v2\/product\/2482","targetHints":{"allow":["GET"]}}],"collection":[{"href":"https:\/\/wiejskieprzysmaki.estima.site\/en\/wp-json\/wp\/v2\/product"}],"about":[{"href":"https:\/\/wiejskieprzysmaki.estima.site\/en\/wp-json\/wp\/v2\/types\/product"}],"replies":[{"embeddable":true,"href":"https:\/\/wiejskieprzysmaki.estima.site\/en\/wp-json\/wp\/v2\/comments?post=2482"}],"wp:featuredmedia":[{"embeddable":true,"href":"https:\/\/wiejskieprzysmaki.estima.site\/en\/wp-json\/wp\/v2\/media\/2483"}],"wp:attachment":[{"href":"https:\/\/wiejskieprzysmaki.estima.site\/en\/wp-json\/wp\/v2\/media?parent=2482"}],"wp:term":[{"taxonomy":"product_brand","embeddable":true,"href":"https:\/\/wiejskieprzysmaki.estima.site\/en\/wp-json\/wp\/v2\/product_brand?post=2482"},{"taxonomy":"product_cat","embeddable":true,"href":"https:\/\/wiejskieprzysmaki.estima.site\/en\/wp-json\/wp\/v2\/product_cat?post=2482"},{"taxonomy":"product_tag","embeddable":true,"href":"https:\/\/wiejskieprzysmaki.estima.site\/en\/wp-json\/wp\/v2\/product_tag?post=2482"}],"curies":[{"name":"wp","href":"https:\/\/api.w.org\/{rel}","templated":true}]}}