{"id":2488,"date":"2025-02-18T10:43:42","date_gmt":"2025-02-18T09:43:42","guid":{"rendered":"https:\/\/wiejskieprzysmaki.estima.site\/produkt\/wafle-domowe-orkiszowe-bez-dodatku-cukrow-bio-190-g-bio-ania\/"},"modified":"2025-02-18T10:43:56","modified_gmt":"2025-02-18T09:43:56","slug":"wafle-domowe-orkiszowe-bez-dodatku-cukrow-bio-190-g-bio-ania","status":"publish","type":"product","link":"https:\/\/wiejskieprzysmaki.estima.site\/en\/product\/wafle-domowe-orkiszowe-bez-dodatku-cukrow-bio-190-g-bio-ania\/","title":{"rendered":"WAFLE DOMOWE ORKISZOWE BEZ DODATKU CUKR\u00d3W BIO 190 g &#8211; BIO ANIA"},"content":{"rendered":"<p>SK\u0141ADNIKI  <br \/>m\u0105ka z PSZENICY ORKISZ* (95 %), t\u0142uszcz kokosowy*, s\u00f3l (*certyfikowany sk\u0142adnik ekologiczny)<\/p>\n<p>OPIS<br \/>Bez dodatku cukru. Zawiera naturalnie wyst\u0119puj\u0105ce cukry.<\/p>\n<p>WARTO\u015a\u0106 OD\u017bYWCZA W 100 g<br \/>Warto\u015b\u0107 energetyczna &#8211; 1579 kJ \/ 373 kcal  <br \/>T\u0142uszcz &#8211; 1,4 g  <br \/>w tym kwasy nasycone &#8211; 0,33 g  <br \/>W\u0119glowodany &#8211; 80,2 g  <br \/>w tym cukry &#8211; 3,9 g  <br \/>Bia\u0142ko &#8211; 12,1 g  <br \/>S\u00f3l &#8211; 0,92 g<\/p>\n<p>INFORMACJA ALERGENNA<br \/>Produkt mo\u017ce zawiera\u0107 MLEKO, JAJA, SEZAM, ORZECHY, SOJ\u0118.<\/p>\n<p>ZALECANE WARUNKI PRZECHOWYWANIA<br \/>Przechowywa\u0107 w suchym i ch\u0142odnym miejscu.<\/p>","protected":false},"excerpt":{"rendered":"<p>SK\u0141ADNIKI m\u0105ka z PSZENICY ORKISZ* (95 %), t\u0142uszcz kokosowy*, s\u00f3l (*certyfikowany sk\u0142adnik ekologiczny) OPISBez dodatku cukru. Zawiera naturalnie wyst\u0119puj\u0105ce cukry. WARTO\u015a\u0106 OD\u017bYWCZA W 100 gWarto\u015b\u0107 energetyczna &#8211; 1579 kJ \/ 373 kcal T\u0142uszcz &#8211; 1,4 g w tym kwasy nasycone &#8211; 0,33 g W\u0119glowodany &#8211; 80,2 g w tym cukry &#8211; 3,9 g Bia\u0142ko &#8211; [&hellip;]<\/p>","protected":false},"featured_media":2489,"comment_status":"closed","ping_status":"open","template":"","meta":{"_acf_changed":false},"product_brand":[],"product_cat":[1434,139],"product_tag":[],"class_list":{"0":"post-2488","1":"product","2":"type-product","3":"status-publish","4":"has-post-thumbnail","6":"product_cat-ciastka","7":"product_cat-slodycze-i-przekaski","8":"pa_ean-matka-2321","9":"pa_gwarancja-przydatnosci-535","10":"pa_ilosc-w-opakowaniu-366","11":"pa_jednostka-podstawowa-szt","12":"pa_kod-cn-1905-32-99","13":"pa_kraj-pochodzenia-skladnikow-turcja","14":"pa_masa-netto-1057","15":"pa_objetosc-brutto-2320","16":"pa_producent-bio-ania-ciastka-muffiny-wafle","17":"pa_producent-nazwa-adres-ania-spolka-z-ograniczona-odpowiedzialnoscia-spolka-komandytowa-niepokalanej-panny-marii-103-31-589-krakow","18":"pa_tagi-bez-cukru-w-skladnikach","19":"pa_tagi-certyfikat-bio","20":"pa_tagi-weganski","21":"pa_tagi-wegetarianski","23":"first","24":"instock","25":"taxable","26":"shipping-taxable","27":"purchasable","28":"product-type-simple"},"acf":[],"_links":{"self":[{"href":"https:\/\/wiejskieprzysmaki.estima.site\/en\/wp-json\/wp\/v2\/product\/2488","targetHints":{"allow":["GET"]}}],"collection":[{"href":"https:\/\/wiejskieprzysmaki.estima.site\/en\/wp-json\/wp\/v2\/product"}],"about":[{"href":"https:\/\/wiejskieprzysmaki.estima.site\/en\/wp-json\/wp\/v2\/types\/product"}],"replies":[{"embeddable":true,"href":"https:\/\/wiejskieprzysmaki.estima.site\/en\/wp-json\/wp\/v2\/comments?post=2488"}],"wp:featuredmedia":[{"embeddable":true,"href":"https:\/\/wiejskieprzysmaki.estima.site\/en\/wp-json\/wp\/v2\/media\/2489"}],"wp:attachment":[{"href":"https:\/\/wiejskieprzysmaki.estima.site\/en\/wp-json\/wp\/v2\/media?parent=2488"}],"wp:term":[{"taxonomy":"product_brand","embeddable":true,"href":"https:\/\/wiejskieprzysmaki.estima.site\/en\/wp-json\/wp\/v2\/product_brand?post=2488"},{"taxonomy":"product_cat","embeddable":true,"href":"https:\/\/wiejskieprzysmaki.estima.site\/en\/wp-json\/wp\/v2\/product_cat?post=2488"},{"taxonomy":"product_tag","embeddable":true,"href":"https:\/\/wiejskieprzysmaki.estima.site\/en\/wp-json\/wp\/v2\/product_tag?post=2488"}],"curies":[{"name":"wp","href":"https:\/\/api.w.org\/{rel}","templated":true}]}}