{"id":2500,"date":"2025-02-18T10:43:42","date_gmt":"2025-02-18T09:43:42","guid":{"rendered":"https:\/\/wiejskieprzysmaki.estima.site\/produkt\/orzechy-pekan-bio-surowiec-10-kg\/"},"modified":"2025-02-20T15:20:27","modified_gmt":"2025-02-20T14:20:27","slug":"orzechy-pekan-bio-surowiec-10-kg","status":"publish","type":"product","link":"https:\/\/wiejskieprzysmaki.estima.site\/en\/product\/orzechy-pekan-bio-surowiec-10-kg\/","title":{"rendered":"ORZECHY PEKAN BIO (SUROWIEC) (10 kg)"},"content":{"rendered":"<p>SK\u0141ADNIKI  <br \/>ekologiczne ORZECHY PEKAN 100 %.<\/p>\n<p>UWAGA<br \/>Produkt nieodpowiedni do spo\u017cycia dla dzieci poni\u017cej 3 lat.<\/p>\n<p>OPIS<br \/>Ekologiczne ORZECHY PEKAN zaliczane s\u0105 do jednych z najszlachetniejszych gatunk\u00f3w orzech\u00f3w. Podobne do orzech\u00f3w w\u0142oskich, charakteryzuj\u0105 si\u0119 ma\u015blanym posmakiem i aromatem, pozbawionym goryczki. Wypiekom nadaj\u0105 korzenny smak. Mo\u017cna je stosowa\u0107 jako dodatek do ciast orzechowych, keks\u00f3w, tort\u00f3w oraz deser\u00f3w lodowych. Doskonale smakuj\u0105 r\u00f3wnie\u017c jako samodzielna przek\u0105ska. UWAGA: produkt nieodpowiedni do spo\u017cycia dla dzieci poni\u017cej 3 lat.\t\t\t<\/p>\n<p>WARTO\u015a\u0106 OD\u017bYWCZA W 100 g<br \/>Warto\u015b\u0107 energetyczna \t2949 kJ\/716 kcal<br \/>T\u0142uszcz \t71 g<br \/>w tym kwasy t\u0142uszczowe nasycone \t6,4 g<br \/>W\u0119glowodany \t7,2 g<br \/>w tym cukry \t4,5 g<br \/>B\u0142onnik \t6,0 g<br \/>Bia\u0142ko \t8,5 g<br \/>S\u00f3l \t0 g<\/p>\n<p>INFORMACJA ALERGENNA<br \/>Produkt mo\u017ce zawiera\u0107 alergeny: ZBO\u017bA ZAWIERAJ\u0104CE GLUTEN, ORZESZKI ZIEMNE, inne ORZECHY, SEZAM, SOJ\u0118.<\/p>\n<p>ZALECANE WARUNKI PRZECHOWYWANIA<br \/>Przechowywa\u0107 w suchym i ch\u0142odnym miejscu.<\/p>","protected":false},"excerpt":{"rendered":"<p>SK\u0141ADNIKI ekologiczne ORZECHY PEKAN 100 %. UWAGAProdukt nieodpowiedni do spo\u017cycia dla dzieci poni\u017cej 3 lat. OPISEkologiczne ORZECHY PEKAN zaliczane s\u0105 do jednych z najszlachetniejszych gatunk\u00f3w orzech\u00f3w. Podobne do orzech\u00f3w w\u0142oskich, charakteryzuj\u0105 si\u0119 ma\u015blanym posmakiem i aromatem, pozbawionym goryczki. Wypiekom nadaj\u0105 korzenny smak. Mo\u017cna je stosowa\u0107 jako dodatek do ciast orzechowych, keks\u00f3w, tort\u00f3w oraz deser\u00f3w lodowych. [&hellip;]<\/p>","protected":false},"featured_media":2501,"comment_status":"closed","ping_status":"open","template":"","meta":{"_acf_changed":false},"product_brand":[],"product_cat":[830,810],"product_tag":[],"class_list":{"0":"post-2500","1":"product","2":"type-product","3":"status-publish","4":"has-post-thumbnail","6":"product_cat-orzechy-i-owoce-suszone","7":"product_cat-orzechy-kasztany-wiorki-kokosowe","8":"pa_ean-matka-2328","9":"pa_gwarancja-przydatnosci-324","10":"pa_ilosc-w-opakowaniu-350","11":"pa_jednostka-podstawowa-kg","12":"pa_kod-cn-0802-99-10","13":"pa_kraj-pochodzenia-skladnikow-republika-poludniowej-afryki","14":"pa_masa-netto-209","15":"pa_producent-horeca-bio-surowce","16":"pa_producent-nazwa-adres-bio-planet-s-a-wilkowa-wies-7-05-084-leszno","17":"pa_tagi-bez-cukru-w-skladnikach","18":"pa_tagi-bez-glutenu-w-skladnikach","19":"pa_tagi-certyfikat-bio","20":"pa_tagi-weganski","21":"pa_tagi-wegetarianski","23":"first","24":"instock","25":"taxable","26":"shipping-taxable","27":"purchasable","28":"product-type-simple"},"acf":[],"_links":{"self":[{"href":"https:\/\/wiejskieprzysmaki.estima.site\/en\/wp-json\/wp\/v2\/product\/2500","targetHints":{"allow":["GET"]}}],"collection":[{"href":"https:\/\/wiejskieprzysmaki.estima.site\/en\/wp-json\/wp\/v2\/product"}],"about":[{"href":"https:\/\/wiejskieprzysmaki.estima.site\/en\/wp-json\/wp\/v2\/types\/product"}],"replies":[{"embeddable":true,"href":"https:\/\/wiejskieprzysmaki.estima.site\/en\/wp-json\/wp\/v2\/comments?post=2500"}],"wp:featuredmedia":[{"embeddable":true,"href":"https:\/\/wiejskieprzysmaki.estima.site\/en\/wp-json\/wp\/v2\/media\/2501"}],"wp:attachment":[{"href":"https:\/\/wiejskieprzysmaki.estima.site\/en\/wp-json\/wp\/v2\/media?parent=2500"}],"wp:term":[{"taxonomy":"product_brand","embeddable":true,"href":"https:\/\/wiejskieprzysmaki.estima.site\/en\/wp-json\/wp\/v2\/product_brand?post=2500"},{"taxonomy":"product_cat","embeddable":true,"href":"https:\/\/wiejskieprzysmaki.estima.site\/en\/wp-json\/wp\/v2\/product_cat?post=2500"},{"taxonomy":"product_tag","embeddable":true,"href":"https:\/\/wiejskieprzysmaki.estima.site\/en\/wp-json\/wp\/v2\/product_tag?post=2500"}],"curies":[{"name":"wp","href":"https:\/\/api.w.org\/{rel}","templated":true}]}}