{"id":2524,"date":"2025-02-18T10:44:04","date_gmt":"2025-02-18T09:44:04","guid":{"rendered":"https:\/\/wiejskieprzysmaki.estima.site\/produkt\/karob-nieprazony-sproszkowany-bio-200-g-bio-planet\/"},"modified":"2025-02-18T10:44:13","modified_gmt":"2025-02-18T09:44:13","slug":"karob-nieprazony-sproszkowany-bio-200-g-bio-planet","status":"publish","type":"product","link":"https:\/\/wiejskieprzysmaki.estima.site\/en\/product\/karob-nieprazony-sproszkowany-bio-200-g-bio-planet\/","title":{"rendered":"KAROB NIEPRA\u017bONY SPROSZKOWANY BIO 200 g &#8211; BIO PLANET"},"content":{"rendered":"<p>SK\u0141ADNIKI<br \/>karob niepra\u017cony* 100 % (*certyfikowany sk\u0142adnik ekologiczny).<\/p>\n<p>OPIS<br \/>Ekologiczny karob to pozbawione nasion i zmielone str\u0105ki drzewa karobowego, zwanego szara\u0144czynem str\u0105kowym. Str\u0105ki szara\u0144czynu, zwane r\u00f3wnie\u017c chlebem \u015bwi\u0119toja\u0144skim, wysuszone i zmielone maj\u0105 ciemnobr\u0105zow\u0105 barw\u0119 i mog\u0105 stanowi\u0107 substytut tradycyjnego kakao. Karob polecamy do wszelkiego rodzaju wypiek\u00f3w, deser\u00f3w i polew.<\/p>\n<p>WARTO\u015a\u0106 OD\u017bYWCZA W 100 g<br \/>Warto\u015b\u0107 energetyczna &#8211; 1256 kJ \/ 300 kcal<br \/>T\u0142uszcz &#8211; 0,7 g<br \/>w tym kwasy t\u0142uszczowe nasycone &#8211; 0,1 g<br \/>W\u0119glowodany &#8211; 49 g<br \/>w tym cukry &#8211; 41 g<br \/>B\u0142onnik &#8211; 40 g<br \/>Bia\u0142ko &#8211; 4,6 g<br \/>S\u00f3l &#8211; 0,09 g<\/p>\n<p>ZALECANE WARUNKI PRZECHOWYWANIA<br \/>Przechowywa\u0107 w suchym i ch\u0142odnym miejscu.  <\/p>","protected":false},"excerpt":{"rendered":"<p>SK\u0141ADNIKIkarob niepra\u017cony* 100 % (*certyfikowany sk\u0142adnik ekologiczny). OPISEkologiczny karob to pozbawione nasion i zmielone str\u0105ki drzewa karobowego, zwanego szara\u0144czynem str\u0105kowym. Str\u0105ki szara\u0144czynu, zwane r\u00f3wnie\u017c chlebem \u015bwi\u0119toja\u0144skim, wysuszone i zmielone maj\u0105 ciemnobr\u0105zow\u0105 barw\u0119 i mog\u0105 stanowi\u0107 substytut tradycyjnego kakao. Karob polecamy do wszelkiego rodzaju wypiek\u00f3w, deser\u00f3w i polew. WARTO\u015a\u0106 OD\u017bYWCZA W 100 gWarto\u015b\u0107 energetyczna &#8211; 1256 [&hellip;]<\/p>","protected":false},"featured_media":2525,"comment_status":"closed","ping_status":"open","template":"","meta":{"_acf_changed":false},"product_brand":[],"product_cat":[2344,897],"product_tag":[],"class_list":{"0":"post-2524","1":"product","2":"type-product","3":"status-publish","4":"has-post-thumbnail","6":"product_cat-karob","7":"product_cat-kawa-i-kakao","8":"pa_ean-matka-2343","9":"pa_gwarancja-przydatnosci-522","10":"pa_ilosc-w-opakowaniu-298","11":"pa_jednostka-podstawowa-szt","12":"pa_kod-cn-1212-92-00","13":"pa_kraj-pochodzenia-skladnikow-hiszpania","14":"pa_masa-netto-354","15":"pa_objetosc-brutto-778","16":"pa_producent-bio-planet-seria-inne","17":"pa_producent-nazwa-adres-bio-planet-s-a-wilkowa-wies-7-05-084-leszno","18":"pa_tagi-bez-cukru-w-skladnikach","19":"pa_tagi-bez-glutenu-w-skladnikach","20":"pa_tagi-certyfikat-bio","21":"pa_tagi-weganski","22":"pa_tagi-wegetarianski","24":"first","25":"instock","26":"taxable","27":"shipping-taxable","28":"purchasable","29":"product-type-simple"},"acf":[],"_links":{"self":[{"href":"https:\/\/wiejskieprzysmaki.estima.site\/en\/wp-json\/wp\/v2\/product\/2524","targetHints":{"allow":["GET"]}}],"collection":[{"href":"https:\/\/wiejskieprzysmaki.estima.site\/en\/wp-json\/wp\/v2\/product"}],"about":[{"href":"https:\/\/wiejskieprzysmaki.estima.site\/en\/wp-json\/wp\/v2\/types\/product"}],"replies":[{"embeddable":true,"href":"https:\/\/wiejskieprzysmaki.estima.site\/en\/wp-json\/wp\/v2\/comments?post=2524"}],"wp:featuredmedia":[{"embeddable":true,"href":"https:\/\/wiejskieprzysmaki.estima.site\/en\/wp-json\/wp\/v2\/media\/2525"}],"wp:attachment":[{"href":"https:\/\/wiejskieprzysmaki.estima.site\/en\/wp-json\/wp\/v2\/media?parent=2524"}],"wp:term":[{"taxonomy":"product_brand","embeddable":true,"href":"https:\/\/wiejskieprzysmaki.estima.site\/en\/wp-json\/wp\/v2\/product_brand?post=2524"},{"taxonomy":"product_cat","embeddable":true,"href":"https:\/\/wiejskieprzysmaki.estima.site\/en\/wp-json\/wp\/v2\/product_cat?post=2524"},{"taxonomy":"product_tag","embeddable":true,"href":"https:\/\/wiejskieprzysmaki.estima.site\/en\/wp-json\/wp\/v2\/product_tag?post=2524"}],"curies":[{"name":"wp","href":"https:\/\/api.w.org\/{rel}","templated":true}]}}