{"id":2534,"date":"2025-02-18T10:44:04","date_gmt":"2025-02-18T09:44:04","guid":{"rendered":"https:\/\/wiejskieprzysmaki.estima.site\/produkt\/algi-morskie-suszone-kombu-bio-25-g-porto-muinos\/"},"modified":"2025-02-18T10:44:16","modified_gmt":"2025-02-18T09:44:16","slug":"algi-morskie-suszone-kombu-bio-25-g-porto-muinos","status":"publish","type":"product","link":"https:\/\/wiejskieprzysmaki.estima.site\/en\/product\/algi-morskie-suszone-kombu-bio-25-g-porto-muinos\/","title":{"rendered":"ALGI MORSKIE SUSZONE &#8211; KOMBU BIO 25 g &#8211; PORTO MUINOS"},"content":{"rendered":"<p>SK\u0141ADNIKI<br \/>algi morskie kombu* (Laminaria ochroleuca). (*certyfikowany sk\u0142adnikekologiczny)<\/p>\n<p>OPIS<br \/>Suszone w temperaturze poni\u017cej 42\u00b0C. Bia\u0142y nalot mo\u017ce wynika\u0107 z naturalnie wyst\u0119puj\u0105cej soli.<\/p>\n<p>SPOS\u00d3B PRZYGOTOWANIA<br \/>Gotowa\u0107 przez 5 minut, gdy wywar nabierze aromatu, usun\u0105\u0107 algi. U\u017cywa\u0107 tylko do wywaru. Zaleca si\u0119 u\u017cywa\u0107 1 g alg kombu na 1 litr wody. <\/p>\n<p>WARTO\u015a\u0106 OD\u017bYWCZA W 100 g<br \/>Warto\u015b\u0107 energetyczna: 745 kJ\/179 kcal<br \/>T\u0142uszcz: <0,5 g  <br \/>w tym kwasy t\u0142uszczowe nasycone: 0,1 g<br \/>W\u0119glowodany: 18 g <br \/>w tym cukry: 0 g<br \/>B\u0142onnik: 34 g<br \/>Bia\u0142ko: 9,2 g<br \/>S\u00f3l: 5,1 g<\/p>\n<p>INFORMACJA ALERGENNA<br \/>Mo\u017ce zawiera\u0107 mi\u0119czaki, SKORUPIAKI, ryby.<\/p>\n<p>ZALECANE WARUNKI PRZECHOWYWANIA<br \/>Przechowywa\u0107 w suchym miejscu. Po otwarciu przechowywa\u0107 szczelnie zamkni\u0119te. <\/p>","protected":false},"excerpt":{"rendered":"<p>SK\u0141ADNIKIalgi morskie kombu* (Laminaria ochroleuca). (*certyfikowany sk\u0142adnikekologiczny) OPISSuszone w temperaturze poni\u017cej 42\u00b0C. Bia\u0142y nalot mo\u017ce wynika\u0107 z naturalnie wyst\u0119puj\u0105cej soli. SPOS\u00d3B PRZYGOTOWANIAGotowa\u0107 przez 5 minut, gdy wywar nabierze aromatu, usun\u0105\u0107 algi. U\u017cywa\u0107 tylko do wywaru. Zaleca si\u0119 u\u017cywa\u0107 1 g alg kombu na 1 litr wody. WARTO\u015a\u0106 OD\u017bYWCZA W 100 gWarto\u015b\u0107 energetyczna: 745 kJ\/179 kcalT\u0142uszcz:<\/p>","protected":false},"featured_media":2535,"comment_status":"closed","ping_status":"open","template":"","meta":{"_acf_changed":false},"product_brand":[],"product_cat":[787,180],"product_tag":[],"class_list":{"0":"post-2534","1":"product","2":"type-product","3":"status-publish","4":"has-post-thumbnail","6":"product_cat-suszone-warzywa-i-grzyby-przetworzone","7":"product_cat-warzywa-i-grzyby-przetworzone","8":"pa_ean-matka-2351","9":"pa_gwarancja-przydatnosci-1635","10":"pa_ilosc-w-opakowaniu-331","11":"pa_jednostka-podstawowa-szt","12":"pa_kod-cn-1212-21-00","13":"pa_kraj-pochodzenia-skladnikow-hiszpania","14":"pa_masa-netto-1124","15":"pa_objetosc-brutto-1637","16":"pa_producent-porto-muinos-algi-morskie","17":"pa_producent-nazwa-adres-porto-muinos-s-l-pol-o-acevedo-parcela-14-15185-cerceda","18":"pa_tagi-bez-cukru-w-skladnikach","19":"pa_tagi-bez-glutenu-w-skladnikach","20":"pa_tagi-certyfikat-bio","21":"pa_tagi-weganski","22":"pa_tagi-wegetarianski","24":"first","25":"instock","26":"taxable","27":"shipping-taxable","28":"purchasable","29":"product-type-simple"},"acf":[],"_links":{"self":[{"href":"https:\/\/wiejskieprzysmaki.estima.site\/en\/wp-json\/wp\/v2\/product\/2534","targetHints":{"allow":["GET"]}}],"collection":[{"href":"https:\/\/wiejskieprzysmaki.estima.site\/en\/wp-json\/wp\/v2\/product"}],"about":[{"href":"https:\/\/wiejskieprzysmaki.estima.site\/en\/wp-json\/wp\/v2\/types\/product"}],"replies":[{"embeddable":true,"href":"https:\/\/wiejskieprzysmaki.estima.site\/en\/wp-json\/wp\/v2\/comments?post=2534"}],"wp:featuredmedia":[{"embeddable":true,"href":"https:\/\/wiejskieprzysmaki.estima.site\/en\/wp-json\/wp\/v2\/media\/2535"}],"wp:attachment":[{"href":"https:\/\/wiejskieprzysmaki.estima.site\/en\/wp-json\/wp\/v2\/media?parent=2534"}],"wp:term":[{"taxonomy":"product_brand","embeddable":true,"href":"https:\/\/wiejskieprzysmaki.estima.site\/en\/wp-json\/wp\/v2\/product_brand?post=2534"},{"taxonomy":"product_cat","embeddable":true,"href":"https:\/\/wiejskieprzysmaki.estima.site\/en\/wp-json\/wp\/v2\/product_cat?post=2534"},{"taxonomy":"product_tag","embeddable":true,"href":"https:\/\/wiejskieprzysmaki.estima.site\/en\/wp-json\/wp\/v2\/product_tag?post=2534"}],"curies":[{"name":"wp","href":"https:\/\/api.w.org\/{rel}","templated":true}]}}