{"id":2536,"date":"2025-02-18T10:44:04","date_gmt":"2025-02-18T09:44:04","guid":{"rendered":"https:\/\/wiejskieprzysmaki.estima.site\/produkt\/algi-morskie-suszone-nori-platki-bio-25-g-porto-muinos\/"},"modified":"2025-02-18T10:44:17","modified_gmt":"2025-02-18T09:44:17","slug":"algi-morskie-suszone-nori-platki-bio-25-g-porto-muinos","status":"publish","type":"product","link":"https:\/\/wiejskieprzysmaki.estima.site\/en\/product\/algi-morskie-suszone-nori-platki-bio-25-g-porto-muinos\/","title":{"rendered":"ALGI MORSKIE SUSZONE &#8211; NORI P\u0141ATKI BIO 25 g &#8211; PORTO MUINOS"},"content":{"rendered":"<p>SK\u0141ADNIKI<br \/>algi moskie Nori* (Porphyra spp.) (*certyfikowany sk\u0142adnik ekologiczny)<\/p>\n<p>OPIS<br \/>Produkt wytworzony z wodorost\u00f3w Nori, zebrany r\u0119cznie w \u015brodowisku naturalnym, odwodniony w niskiej temperaturze (poni\u017cej 40\u00b0C), poci\u0119ty i zapakowany. Bia\u0142y nalot mo\u017ce wynika\u0107 z naturalnie wyst\u0119puj\u0105cej soli. <br \/>Pieczone i rozdrobnione jako przyprawa. Gotowane jako dodatek do zup, krem\u00f3w, krokiet\u00f3w, plack\u00f3w, a tak\u017ce jajecznicy, ry\u017cu czy gulaszu.<\/p>\n<p>SPOS\u00d3B PRZYGOTOWANIA<br \/>Moczy\u0107 w wodzie przez 5 minut. Po namoczeniu Nori powi\u0119ksza obj\u0119to\u015b\u0107 do czterech razy w stosunku do swojej suchej wagi. Gotowa\u0107 wed\u0142ug uznania ok. 5 minut. Mo\u017cna te\u017c przygotowa\u0107 w piekarniku lub na patelni.<\/p>\n<p>WARTO\u015a\u0106 OD\u017bYWCZA W 100 g<br \/>Warto\u015b\u0107 energetyczna: 928 kJ\/222 kcal <br \/>T\u0142uszcz: 2,7 g <br \/>w tym kwasy t\u0142uszczowe nasycone: 1,8 g<br \/>W\u0119glowodany: 7,3 g <br \/>w tym cukry: 0 g<br \/>B\u0142onnik: 26 g<br \/>Bia\u0142ko: 29 g<br \/>S\u00f3l: 1,8 g<\/p>\n<p>ZALECANE WARUNKI PRZECHOWYWANIA<br \/>Przechowywa\u0107 w suchym i ch\u0142odnym miejscu.<\/p>","protected":false},"excerpt":{"rendered":"<p>SK\u0141ADNIKIalgi moskie Nori* (Porphyra spp.) (*certyfikowany sk\u0142adnik ekologiczny) OPISProdukt wytworzony z wodorost\u00f3w Nori, zebrany r\u0119cznie w \u015brodowisku naturalnym, odwodniony w niskiej temperaturze (poni\u017cej 40\u00b0C), poci\u0119ty i zapakowany. Bia\u0142y nalot mo\u017ce wynika\u0107 z naturalnie wyst\u0119puj\u0105cej soli. Pieczone i rozdrobnione jako przyprawa. Gotowane jako dodatek do zup, krem\u00f3w, krokiet\u00f3w, plack\u00f3w, a tak\u017ce jajecznicy, ry\u017cu czy gulaszu. SPOS\u00d3B [&hellip;]<\/p>","protected":false},"featured_media":2537,"comment_status":"closed","ping_status":"open","template":"","meta":{"_acf_changed":false},"product_brand":[],"product_cat":[787,180],"product_tag":[],"class_list":{"0":"post-2536","1":"product","2":"type-product","3":"status-publish","4":"has-post-thumbnail","6":"product_cat-suszone-warzywa-i-grzyby-przetworzone","7":"product_cat-warzywa-i-grzyby-przetworzone","8":"pa_ean-matka-2352","9":"pa_gwarancja-przydatnosci-1635","10":"pa_ilosc-w-opakowaniu-331","11":"pa_jednostka-podstawowa-szt","12":"pa_kod-cn-1212-21-00","13":"pa_kraj-pochodzenia-skladnikow-hiszpania","14":"pa_masa-netto-1124","15":"pa_objetosc-brutto-1637","16":"pa_producent-porto-muinos-algi-morskie","17":"pa_producent-nazwa-adres-porto-muinos-s-l-pol-o-acevedo-parcela-14-15185-cerceda","18":"pa_tagi-bez-cukru-w-skladnikach","19":"pa_tagi-bez-glutenu-w-skladnikach","20":"pa_tagi-certyfikat-bio","21":"pa_tagi-weganski","22":"pa_tagi-wegetarianski","24":"first","25":"instock","26":"taxable","27":"shipping-taxable","28":"purchasable","29":"product-type-simple"},"acf":[],"_links":{"self":[{"href":"https:\/\/wiejskieprzysmaki.estima.site\/en\/wp-json\/wp\/v2\/product\/2536","targetHints":{"allow":["GET"]}}],"collection":[{"href":"https:\/\/wiejskieprzysmaki.estima.site\/en\/wp-json\/wp\/v2\/product"}],"about":[{"href":"https:\/\/wiejskieprzysmaki.estima.site\/en\/wp-json\/wp\/v2\/types\/product"}],"replies":[{"embeddable":true,"href":"https:\/\/wiejskieprzysmaki.estima.site\/en\/wp-json\/wp\/v2\/comments?post=2536"}],"wp:featuredmedia":[{"embeddable":true,"href":"https:\/\/wiejskieprzysmaki.estima.site\/en\/wp-json\/wp\/v2\/media\/2537"}],"wp:attachment":[{"href":"https:\/\/wiejskieprzysmaki.estima.site\/en\/wp-json\/wp\/v2\/media?parent=2536"}],"wp:term":[{"taxonomy":"product_brand","embeddable":true,"href":"https:\/\/wiejskieprzysmaki.estima.site\/en\/wp-json\/wp\/v2\/product_brand?post=2536"},{"taxonomy":"product_cat","embeddable":true,"href":"https:\/\/wiejskieprzysmaki.estima.site\/en\/wp-json\/wp\/v2\/product_cat?post=2536"},{"taxonomy":"product_tag","embeddable":true,"href":"https:\/\/wiejskieprzysmaki.estima.site\/en\/wp-json\/wp\/v2\/product_tag?post=2536"}],"curies":[{"name":"wp","href":"https:\/\/api.w.org\/{rel}","templated":true}]}}