{"id":2538,"date":"2025-02-18T10:44:04","date_gmt":"2025-02-18T09:44:04","guid":{"rendered":"https:\/\/wiejskieprzysmaki.estima.site\/produkt\/algi-morskie-suszone-wakame-bio-25-g-porto-muinos\/"},"modified":"2025-02-18T10:44:18","modified_gmt":"2025-02-18T09:44:18","slug":"algi-morskie-suszone-wakame-bio-25-g-porto-muinos","status":"publish","type":"product","link":"https:\/\/wiejskieprzysmaki.estima.site\/en\/product\/algi-morskie-suszone-wakame-bio-25-g-porto-muinos\/","title":{"rendered":"ALGI MORSKIE SUSZONE &#8211; WAKAME BIO 25 g &#8211; PORTO MUINOS"},"content":{"rendered":"<p>SK\u0141ADNIKI<br \/>algi morskie Wakame* (Undaria pinnatifida) (*certyfikowany sk\u0142adnik ekologiczny)<\/p>\n<p>OPIS<br \/>Algi s\u0105 r\u0119cznie zbierane w ich naturalnym \u015brodowisku, na wybrze\u017cu Galicji (Zatoka Biskajska i Wody Portugalskie). <br \/>Odwodnione i blanszowane mog\u0105 by\u0107 stosowane jako baza do sa\u0142atek. Gotowane mog\u0105 stanowi\u0107 dodatek do jajecznicy, krokiet\u00f3w, zup, gulaszu, ry\u017cu, makaronu i hamburger\u00f3w. <br \/>Bia\u0142y nalot mo\u017ce wynika\u0107 z naturalnie wyst\u0119puj\u0105cej soli. <br \/>4 g produktu zawiera 150 \u00b5g jodu, co pokrywa dzienne zapotrzebowanie na ten sk\u0142adnik. <\/p>\n<p>SPOS\u00d3B PRZYGOTOWANIA<br \/>1 g alg moczy\u0107 w wodzie przez 10 minut. Czas gotowania: 5 minut. <\/p>\n<p>WARTO\u015a\u0106 OD\u017bYWCZA W 100 g produktu suchego<br \/>Warto\u015b\u0107 energetyczna: 698 kJ\/169 kcal<br \/>T\u0142uszcz: 2,0 g  <br \/>w tym kwasy t\u0142uszczowe nasycone: 0,7 g<br \/>W\u0119glowodany: 3,0 g<br \/>w tym cukry: 0 g<br \/>B\u0142onnik: 34 g<br \/>Bia\u0142ko: 17 g<br \/>S\u00f3l: 12,4 g<br \/>Jod: 17134 \u00b5g (11423 %)**<\/p>\n<p>WARTO\u015a\u0106 OD\u017bYWCZA W 100 g produktu uwodnionego<br \/>Warto\u015b\u0107 energetyczna: 112 kJ\/27 kcal<br \/>T\u0142uszcz: 0 g  <br \/>w tym kwasy t\u0142uszczowe nasycone: 0 g<br \/>W\u0119glowodany: 1,1 g<br \/>w tym cukry: 0 g<br \/>B\u0142onnik: 6,3 g<br \/>Bia\u0142ko: 2,2 g<br \/>S\u00f3l: 0,68 g<br \/>Jod: 3423 \u00b5g (2282 %)**<\/p>\n<p>** dzienna referencyjna warto\u015b\u0107 spo\u017cycia jodu (dla osoby doros\u0142ej)<\/p>\n<p>INFORMACJA ALERGENNA<br \/>Mo\u017ce zawiera\u0107 MI\u0118CZAKI, SKORUPIAKI, RYBY.<\/p>\n<p>ZALECANE WARUNKI PRZECHOWYWANIA<br \/>Przechowywa\u0107 w temperaturze pokojowej, w suchym miejscu. <\/p>","protected":false},"excerpt":{"rendered":"<p>SK\u0141ADNIKIalgi morskie Wakame* (Undaria pinnatifida) (*certyfikowany sk\u0142adnik ekologiczny) OPISAlgi s\u0105 r\u0119cznie zbierane w ich naturalnym \u015brodowisku, na wybrze\u017cu Galicji (Zatoka Biskajska i Wody Portugalskie). Odwodnione i blanszowane mog\u0105 by\u0107 stosowane jako baza do sa\u0142atek. Gotowane mog\u0105 stanowi\u0107 dodatek do jajecznicy, krokiet\u00f3w, zup, gulaszu, ry\u017cu, makaronu i hamburger\u00f3w. Bia\u0142y nalot mo\u017ce wynika\u0107 z naturalnie wyst\u0119puj\u0105cej soli. [&hellip;]<\/p>","protected":false},"featured_media":2539,"comment_status":"closed","ping_status":"open","template":"","meta":{"_acf_changed":false},"product_brand":[],"product_cat":[787,180],"product_tag":[],"class_list":{"0":"post-2538","1":"product","2":"type-product","3":"status-publish","4":"has-post-thumbnail","6":"product_cat-suszone-warzywa-i-grzyby-przetworzone","7":"product_cat-warzywa-i-grzyby-przetworzone","8":"pa_ean-matka-2353","9":"pa_gwarancja-przydatnosci-1635","10":"pa_ilosc-w-opakowaniu-331","11":"pa_jednostka-podstawowa-szt","12":"pa_kod-cn-1212-21-00","13":"pa_kraj-pochodzenia-skladnikow-hiszpania","14":"pa_masa-netto-1124","15":"pa_objetosc-brutto-1637","16":"pa_producent-porto-muinos-algi-morskie","17":"pa_producent-nazwa-adres-porto-muinos-s-l-pol-o-acevedo-parcela-14-15185-cerceda","18":"pa_tagi-bez-cukru-w-skladnikach","19":"pa_tagi-bez-glutenu-w-skladnikach","20":"pa_tagi-certyfikat-bio","21":"pa_tagi-weganski","22":"pa_tagi-wegetarianski","24":"first","25":"instock","26":"taxable","27":"shipping-taxable","28":"purchasable","29":"product-type-simple"},"acf":[],"_links":{"self":[{"href":"https:\/\/wiejskieprzysmaki.estima.site\/en\/wp-json\/wp\/v2\/product\/2538","targetHints":{"allow":["GET"]}}],"collection":[{"href":"https:\/\/wiejskieprzysmaki.estima.site\/en\/wp-json\/wp\/v2\/product"}],"about":[{"href":"https:\/\/wiejskieprzysmaki.estima.site\/en\/wp-json\/wp\/v2\/types\/product"}],"replies":[{"embeddable":true,"href":"https:\/\/wiejskieprzysmaki.estima.site\/en\/wp-json\/wp\/v2\/comments?post=2538"}],"wp:featuredmedia":[{"embeddable":true,"href":"https:\/\/wiejskieprzysmaki.estima.site\/en\/wp-json\/wp\/v2\/media\/2539"}],"wp:attachment":[{"href":"https:\/\/wiejskieprzysmaki.estima.site\/en\/wp-json\/wp\/v2\/media?parent=2538"}],"wp:term":[{"taxonomy":"product_brand","embeddable":true,"href":"https:\/\/wiejskieprzysmaki.estima.site\/en\/wp-json\/wp\/v2\/product_brand?post=2538"},{"taxonomy":"product_cat","embeddable":true,"href":"https:\/\/wiejskieprzysmaki.estima.site\/en\/wp-json\/wp\/v2\/product_cat?post=2538"},{"taxonomy":"product_tag","embeddable":true,"href":"https:\/\/wiejskieprzysmaki.estima.site\/en\/wp-json\/wp\/v2\/product_tag?post=2538"}],"curies":[{"name":"wp","href":"https:\/\/api.w.org\/{rel}","templated":true}]}}