{"id":2540,"date":"2025-02-18T10:44:19","date_gmt":"2025-02-18T09:44:19","guid":{"rendered":"https:\/\/wiejskieprzysmaki.estima.site\/produkt\/hummus-z-kolendra-bezglutenowy-bio-170-g-florentin\/"},"modified":"2025-02-18T10:44:19","modified_gmt":"2025-02-18T09:44:19","slug":"hummus-z-kolendra-bezglutenowy-bio-170-g-florentin","status":"publish","type":"product","link":"https:\/\/wiejskieprzysmaki.estima.site\/en\/product\/hummus-z-kolendra-bezglutenowy-bio-170-g-florentin\/","title":{"rendered":"HUMMUS Z KOLENDR\u0104 BEZGLUTENOWY BIO 170 g &#8211; FLORENTIN"},"content":{"rendered":"<p>SK\u0141ADNIKI<br \/>gotowana ciecierzyca* (woda, ciecierzyca*) (69 %), olej s\u0142onecznikowy*, pasta SEZAMowa* (tahini*) (11 %), kolendra* (4 %), woda, s\u00f3l morska, czosnek*, kminek*, regulator kwasowo\u015bci: kwas mlekowy** (*certyfikowany sk\u0142adnik ekologiczny, **sk\u0142adnik pozyskany z trzciny cukrowej)<\/p>\n<p>OPIS<br \/>Pasta z ciecierzycy z tahini (pasta SEZAMowa) i kolendr\u0105.  <\/p>\n<p>WARTO\u015a\u0106 OD\u017bYWCZA W 100 g<br \/>Warto\u015b\u0107 energetyczna: 960 kJ\/230 kcal  <br \/>T\u0142uszcz: 18 g  <br \/>w tym kwasy nasycone: 1,8 g  <br \/>W\u0119glowodany: 7,8 g  <br \/>w tym cukry: 1,3 g  <br \/>B\u0142onnik: 6,0 g  <br \/>Bia\u0142ko: 7,3 g  <br \/>S\u00f3l: 0,9 g<\/p>\n<p>ZALECANE WARUNKI PRZECHOWYWANIA<br \/>Przechowywa\u0107 w temperaturze do +7\u00b0C. Po otwarciu spo\u017cy\u0107 w ci\u0105gu 5 dni.     <\/p>","protected":false},"excerpt":{"rendered":"<p>SK\u0141ADNIKIgotowana ciecierzyca* (woda, ciecierzyca*) (69 %), olej s\u0142onecznikowy*, pasta SEZAMowa* (tahini*) (11 %), kolendra* (4 %), woda, s\u00f3l morska, czosnek*, kminek*, regulator kwasowo\u015bci: kwas mlekowy** (*certyfikowany sk\u0142adnik ekologiczny, **sk\u0142adnik pozyskany z trzciny cukrowej) OPISPasta z ciecierzycy z tahini (pasta SEZAMowa) i kolendr\u0105. WARTO\u015a\u0106 OD\u017bYWCZA W 100 gWarto\u015b\u0107 energetyczna: 960 kJ\/230 kcal T\u0142uszcz: 18 g w [&hellip;]<\/p>","protected":false},"featured_media":2541,"comment_status":"closed","ping_status":"open","template":"","meta":{"_acf_changed":false},"product_brand":[],"product_cat":[274,753],"product_tag":[],"class_list":{"0":"post-2540","1":"product","2":"type-product","3":"status-publish","4":"has-post-thumbnail","6":"product_cat-lodowka-inne","7":"product_cat-majonezy-hummusy-sosy-pasty","8":"pa_ean-matka-2354","9":"pa_gwarancja-przydatnosci-481","10":"pa_ilosc-w-opakowaniu-298","11":"pa_jednostka-podstawowa-szt","12":"pa_kod-cn-2005-99-80","13":"pa_masa-netto-748","14":"pa_objetosc-brutto-750","15":"pa_producent-florentin-hummusy-falafel-pita","16":"pa_producent-nazwa-adres-florentin-bv-energieweg-132-3641-rt-mijdrecht","17":"pa_tagi-bez-cukru-w-skladnikach","18":"pa_tagi-bez-glutenu-deklaracja","19":"pa_tagi-bez-glutenu-w-skladnikach","20":"pa_tagi-certyfikat-bio","21":"pa_tagi-weganski","22":"pa_tagi-wegetarianski","24":"first","25":"instock","26":"taxable","27":"shipping-taxable","28":"purchasable","29":"product-type-simple"},"acf":[],"_links":{"self":[{"href":"https:\/\/wiejskieprzysmaki.estima.site\/en\/wp-json\/wp\/v2\/product\/2540","targetHints":{"allow":["GET"]}}],"collection":[{"href":"https:\/\/wiejskieprzysmaki.estima.site\/en\/wp-json\/wp\/v2\/product"}],"about":[{"href":"https:\/\/wiejskieprzysmaki.estima.site\/en\/wp-json\/wp\/v2\/types\/product"}],"replies":[{"embeddable":true,"href":"https:\/\/wiejskieprzysmaki.estima.site\/en\/wp-json\/wp\/v2\/comments?post=2540"}],"wp:featuredmedia":[{"embeddable":true,"href":"https:\/\/wiejskieprzysmaki.estima.site\/en\/wp-json\/wp\/v2\/media\/2541"}],"wp:attachment":[{"href":"https:\/\/wiejskieprzysmaki.estima.site\/en\/wp-json\/wp\/v2\/media?parent=2540"}],"wp:term":[{"taxonomy":"product_brand","embeddable":true,"href":"https:\/\/wiejskieprzysmaki.estima.site\/en\/wp-json\/wp\/v2\/product_brand?post=2540"},{"taxonomy":"product_cat","embeddable":true,"href":"https:\/\/wiejskieprzysmaki.estima.site\/en\/wp-json\/wp\/v2\/product_cat?post=2540"},{"taxonomy":"product_tag","embeddable":true,"href":"https:\/\/wiejskieprzysmaki.estima.site\/en\/wp-json\/wp\/v2\/product_tag?post=2540"}],"curies":[{"name":"wp","href":"https:\/\/api.w.org\/{rel}","templated":true}]}}