{"id":2542,"date":"2025-02-18T10:44:19","date_gmt":"2025-02-18T09:44:19","guid":{"rendered":"https:\/\/wiejskieprzysmaki.estima.site\/produkt\/falafel-bezglutenowy-bio-240-g-florentin\/"},"modified":"2025-02-18T10:44:22","modified_gmt":"2025-02-18T09:44:22","slug":"falafel-bezglutenowy-bio-240-g-florentin","status":"publish","type":"product","link":"https:\/\/wiejskieprzysmaki.estima.site\/en\/product\/falafel-bezglutenowy-bio-240-g-florentin\/","title":{"rendered":"FALAFEL BEZGLUTENOWY BIO 240 g &#8211; FLORENTIN"},"content":{"rendered":"<p>SK\u0141ADNIKI<br \/>namoczona ciecierzyca* (70 %), cebula* (12 %), natka pietruszki* (9 %), woda, s\u00f3l morska, kminek*, olej s\u0142onecznikowy*, czosnek*, substancja zag\u0119szczaj\u0105ca: guma guar*, regulator kwasowo\u015bci: kwas mlekowy (*certyfikowany sk\u0142adnik ekologiczny)<\/p>\n<p>OPIS<br \/>Jedna z najbardziej popularnych przek\u0105sek Bliskiego Wschodu. Falafel Florentin produkowany jest zgodnie z tradycyjnymi recepturami. G\u0142\u00f3wne sk\u0142adniki to ciecierzyca, natka pietruszki, czosnek.<br \/>Doskona\u0142y dodatek do chlebk\u00f3w pita. <\/p>\n<p>SPOS\u00d3B PRZYGOTOWANIA<br \/>Patelnia: sma\u017cy\u0107 przez 4-5 min na niewielkiej ilo\u015bci oleju, od czasu do czasu obraca\u0107 <br \/>Piekarnik: piec przez 4-6 min w temperaturze 220\u00b0C<br \/>Frytkownica: sma\u017cy\u0107 przez 6-8 min w temperaturze 180\u00b0C<\/p>\n<p>WARTO\u015a\u0106 OD\u017bYWCZA W 100 g<br \/>Warto\u015b\u0107 energetyczna: 1009 kJ\/241 kcal<br \/>T\u0142uszcz: 14 g<br \/>w tym kwasy nasycone: 2,2 g<br \/>W\u0119glowodany: 16 g<br \/>w tym cukry: 2,0 g<br \/>Bia\u0142ko: 7,6 g<br \/>S\u00f3l: 1,1 g<\/p>\n<p>ZALECANE WARUNKI PRZECHOWYWANIA   <br \/>Przechowywa\u0107 w temperaturze do +7\u00b0C. Po otwarciu spo\u017cy\u0107 w ci\u0105gu 5 dni.                    <\/p>","protected":false},"excerpt":{"rendered":"<p>SK\u0141ADNIKInamoczona ciecierzyca* (70 %), cebula* (12 %), natka pietruszki* (9 %), woda, s\u00f3l morska, kminek*, olej s\u0142onecznikowy*, czosnek*, substancja zag\u0119szczaj\u0105ca: guma guar*, regulator kwasowo\u015bci: kwas mlekowy (*certyfikowany sk\u0142adnik ekologiczny) OPISJedna z najbardziej popularnych przek\u0105sek Bliskiego Wschodu. Falafel Florentin produkowany jest zgodnie z tradycyjnymi recepturami. G\u0142\u00f3wne sk\u0142adniki to ciecierzyca, natka pietruszki, czosnek.Doskona\u0142y dodatek do chlebk\u00f3w pita. [&hellip;]<\/p>","protected":false},"featured_media":2543,"comment_status":"closed","ping_status":"open","template":"","meta":{"_acf_changed":false},"product_brand":[],"product_cat":[459,274],"product_tag":[],"class_list":{"0":"post-2542","1":"product","2":"type-product","3":"status-publish","4":"has-post-thumbnail","6":"product_cat-dania-gotowe-chlodnicze","7":"product_cat-lodowka-inne","8":"pa_ean-matka-2356","9":"pa_gwarancja-przydatnosci-481","10":"pa_ilosc-w-opakowaniu-298","11":"pa_jednostka-podstawowa-szt","12":"pa_kod-cn-2106-90-98","13":"pa_masa-netto-446","14":"pa_objetosc-brutto-2355","15":"pa_producent-florentin-hummusy-falafel-pita","16":"pa_producent-nazwa-adres-florentin-bv-energieweg-132-3641-rt-mijdrecht","17":"pa_tagi-bez-cukru-w-skladnikach","18":"pa_tagi-bez-glutenu-deklaracja","19":"pa_tagi-bez-glutenu-w-skladnikach","20":"pa_tagi-certyfikat-bio","21":"pa_tagi-weganski","22":"pa_tagi-wegetarianski","24":"first","25":"instock","26":"taxable","27":"shipping-taxable","28":"purchasable","29":"product-type-simple"},"acf":[],"_links":{"self":[{"href":"https:\/\/wiejskieprzysmaki.estima.site\/en\/wp-json\/wp\/v2\/product\/2542","targetHints":{"allow":["GET"]}}],"collection":[{"href":"https:\/\/wiejskieprzysmaki.estima.site\/en\/wp-json\/wp\/v2\/product"}],"about":[{"href":"https:\/\/wiejskieprzysmaki.estima.site\/en\/wp-json\/wp\/v2\/types\/product"}],"replies":[{"embeddable":true,"href":"https:\/\/wiejskieprzysmaki.estima.site\/en\/wp-json\/wp\/v2\/comments?post=2542"}],"wp:featuredmedia":[{"embeddable":true,"href":"https:\/\/wiejskieprzysmaki.estima.site\/en\/wp-json\/wp\/v2\/media\/2543"}],"wp:attachment":[{"href":"https:\/\/wiejskieprzysmaki.estima.site\/en\/wp-json\/wp\/v2\/media?parent=2542"}],"wp:term":[{"taxonomy":"product_brand","embeddable":true,"href":"https:\/\/wiejskieprzysmaki.estima.site\/en\/wp-json\/wp\/v2\/product_brand?post=2542"},{"taxonomy":"product_cat","embeddable":true,"href":"https:\/\/wiejskieprzysmaki.estima.site\/en\/wp-json\/wp\/v2\/product_cat?post=2542"},{"taxonomy":"product_tag","embeddable":true,"href":"https:\/\/wiejskieprzysmaki.estima.site\/en\/wp-json\/wp\/v2\/product_tag?post=2542"}],"curies":[{"name":"wp","href":"https:\/\/api.w.org\/{rel}","templated":true}]}}