{"id":2544,"date":"2025-02-18T10:44:19","date_gmt":"2025-02-18T09:44:19","guid":{"rendered":"https:\/\/wiejskieprzysmaki.estima.site\/produkt\/czekolada-gorzka-75-bio-80-g-vivani\/"},"modified":"2025-02-18T10:44:22","modified_gmt":"2025-02-18T09:44:22","slug":"czekolada-gorzka-75-bio-80-g-vivani","status":"publish","type":"product","link":"https:\/\/wiejskieprzysmaki.estima.site\/en\/product\/czekolada-gorzka-75-bio-80-g-vivani\/","title":{"rendered":"CZEKOLADA GORZKA 75 % BIO 80 g &#8211; VIVANI"},"content":{"rendered":"<p>SK\u0141ADNIKI<br \/>miazga kakaowa*, cukier kokosowy* (23 %), t\u0142uszcz kakaowy*. (*certyfikowany sk\u0142adnik ekologiczny). Masa kakaowa minimum 75 %<\/p>\n<p>OPIS<br \/>Pyszna czekolada, kt\u00f3ra zachwyca bogatym, g\u0142\u0119bokim smakiem. Doskona\u0142a opcja na ka\u017cd\u0105 okazj\u0119 \u2013 czy to jako szybka przek\u0105ska, czy te\u017c jako ma\u0142y upominek dla kogo\u015b bliskiego.<\/p>\n<p>WARTO\u015a\u0106 OD\u017bYWCZA W 100 g<br \/>Warto\u015b\u0107 energetyczna: 2541 kJ \/ 607 kcal <br \/>T\u0142uszcz: 51 g<br \/>w tym kwasy t\u0142uszczowe nasycone: 31 g <br \/>W\u0119glowodany: 27 g <br \/>w tym cukry: 21 g <br \/>Bia\u0142ko: 6,6 g<br \/>S\u00f3l: 0,09 g<\/p>\n<p>INFORMACJA ALERGENNA<br \/>Mo\u017ce zawiera\u0107 ZBO\u017bA ZAWIERAJ\u0104CE GLUTEN, ORZECHY i MLEKO (\u0142\u0105cznie z laktoz\u0105)<\/p>\n<p>ZALECANE WARUNKI PRZECHOWYWANIA<br \/>Przechowywa\u0107 w temperaturze 15 &#8211; 18\u2103. Chroni\u0107 przed ciep\u0142em.<\/p>","protected":false},"excerpt":{"rendered":"<p>SK\u0141ADNIKImiazga kakaowa*, cukier kokosowy* (23 %), t\u0142uszcz kakaowy*. (*certyfikowany sk\u0142adnik ekologiczny). Masa kakaowa minimum 75 % OPISPyszna czekolada, kt\u00f3ra zachwyca bogatym, g\u0142\u0119bokim smakiem. Doskona\u0142a opcja na ka\u017cd\u0105 okazj\u0119 \u2013 czy to jako szybka przek\u0105ska, czy te\u017c jako ma\u0142y upominek dla kogo\u015b bliskiego. WARTO\u015a\u0106 OD\u017bYWCZA W 100 gWarto\u015b\u0107 energetyczna: 2541 kJ \/ 607 kcal T\u0142uszcz: 51 [&hellip;]<\/p>","protected":false},"featured_media":2545,"comment_status":"closed","ping_status":"open","template":"","meta":{"_acf_changed":false},"product_brand":[],"product_cat":[1187,139],"product_tag":[],"class_list":{"0":"post-2544","1":"product","2":"type-product","3":"status-publish","4":"has-post-thumbnail","6":"product_cat-czekolady-i-czekoladki","7":"product_cat-slodycze-i-przekaski","8":"pa_ean-matka-2358","9":"pa_gwarancja-przydatnosci-311","10":"pa_ilosc-w-opakowaniu-350","11":"pa_jednostka-podstawowa-szt","12":"pa_kod-cn-1806-32-90","13":"pa_kraj-pochodzenia-skladnikow-panama","14":"pa_masa-netto-1271","15":"pa_objetosc-brutto-1280","16":"pa_producent-vivani-czekolady-batony-kakao-instant","17":"pa_producent-nazwa-adres-ecofinia-gmbh-diebrocker-17-32051-herford","18":"pa_tagi-bez-glutenu-w-skladnikach","19":"pa_tagi-certyfikat-bio","20":"pa_tagi-weganski","21":"pa_tagi-wegetarianski","23":"first","24":"instock","25":"taxable","26":"shipping-taxable","27":"purchasable","28":"product-type-simple"},"acf":[],"_links":{"self":[{"href":"https:\/\/wiejskieprzysmaki.estima.site\/en\/wp-json\/wp\/v2\/product\/2544","targetHints":{"allow":["GET"]}}],"collection":[{"href":"https:\/\/wiejskieprzysmaki.estima.site\/en\/wp-json\/wp\/v2\/product"}],"about":[{"href":"https:\/\/wiejskieprzysmaki.estima.site\/en\/wp-json\/wp\/v2\/types\/product"}],"replies":[{"embeddable":true,"href":"https:\/\/wiejskieprzysmaki.estima.site\/en\/wp-json\/wp\/v2\/comments?post=2544"}],"wp:featuredmedia":[{"embeddable":true,"href":"https:\/\/wiejskieprzysmaki.estima.site\/en\/wp-json\/wp\/v2\/media\/2545"}],"wp:attachment":[{"href":"https:\/\/wiejskieprzysmaki.estima.site\/en\/wp-json\/wp\/v2\/media?parent=2544"}],"wp:term":[{"taxonomy":"product_brand","embeddable":true,"href":"https:\/\/wiejskieprzysmaki.estima.site\/en\/wp-json\/wp\/v2\/product_brand?post=2544"},{"taxonomy":"product_cat","embeddable":true,"href":"https:\/\/wiejskieprzysmaki.estima.site\/en\/wp-json\/wp\/v2\/product_cat?post=2544"},{"taxonomy":"product_tag","embeddable":true,"href":"https:\/\/wiejskieprzysmaki.estima.site\/en\/wp-json\/wp\/v2\/product_tag?post=2544"}],"curies":[{"name":"wp","href":"https:\/\/api.w.org\/{rel}","templated":true}]}}