{"id":2546,"date":"2025-02-18T10:44:19","date_gmt":"2025-02-18T09:44:19","guid":{"rendered":"https:\/\/wiejskieprzysmaki.estima.site\/produkt\/pasta-warzywna-z-pomidorami-cherry-i-rukola-bezglutenowa-bio-135-g-allos\/"},"modified":"2025-02-20T15:17:44","modified_gmt":"2025-02-20T14:17:44","slug":"pasta-warzywna-z-pomidorami-cherry-i-rukola-bezglutenowa-bio-135-g-allos","status":"publish","type":"product","link":"https:\/\/wiejskieprzysmaki.estima.site\/en\/product\/pasta-warzywna-z-pomidorami-cherry-i-rukola-bezglutenowa-bio-135-g-allos\/","title":{"rendered":"PASTA WARZYWNA Z POMIDORAMI CHERRY I RUKOL\u0104 BEZGLUTENOWA BIO 135 g &#8211; ALLOS"},"content":{"rendered":"<p>SK\u0141ADNIKI<br \/>pomidory* (37 %), nasiona s\u0142onecznika*, marchew* (10 %), olej s\u0142onecznikowy*, rukola* (9 %), pomidory koktajlowe* (7 %), skrobia ziemniaczana*, syrop z agawy*, przecier pomidorowy* (2 %), sok z czerwonych burak\u00f3w z koncentratu* (2 %), zag\u0119szczony sok cytrynowy*, s\u00f3l morska, cebula w proszku*, substancja zag\u0119szczaj\u0105ca: m\u0105czka chleba \u015bwi\u0119toja\u0144skiego*, chili w proszku* (*certyfikowany sk\u0142adnik ekologiczny)<\/p>\n<p>OPIS<br \/>Najlepiej sprawdza si\u0119 do kanapek i r\u00f3\u017cnego rodzaju przek\u0105sek. Zastosowanie zale\u017cy od w\u0142asnego pomys\u0142u. Bogaty smak produktu zosta\u0142 osi\u0105gni\u0119ty dzi\u0119ki najlepszym sk\u0142adnikom.<br \/>Idealna do \u015bniadania, kolacji, czy nawet jako dodatek do obiadu.<\/p>\n<p>WARTO\u015a\u0106 OD\u017bYWCZA W 100 g <br \/>Warto\u015b\u0107 energetyczna &#8211; 857 kJ \/ 207 kcal <br \/>T\u0142uszcz &#8211; 16 g <br \/>w tym kwasy t\u0142uszczowe nasycone &#8211; 1,8 g <br \/>W\u0119glowodany &#8211; 10 g <br \/>w tym cukry &#8211; 5,3 g <br \/>B\u0142onnik &#8211; 2,5 g <br \/>Bia\u0142ko &#8211; 4,4 g <br \/>S\u00f3l &#8211; 1,5 g<\/p>\n<p>ZALECANE WARUNKI PRZECHOWYWANIA <br \/>Po otwarciu przechowywa\u0107 w lod\u00f3wce.<\/p>","protected":false},"excerpt":{"rendered":"<p>SK\u0141ADNIKIpomidory* (37 %), nasiona s\u0142onecznika*, marchew* (10 %), olej s\u0142onecznikowy*, rukola* (9 %), pomidory koktajlowe* (7 %), skrobia ziemniaczana*, syrop z agawy*, przecier pomidorowy* (2 %), sok z czerwonych burak\u00f3w z koncentratu* (2 %), zag\u0119szczony sok cytrynowy*, s\u00f3l morska, cebula w proszku*, substancja zag\u0119szczaj\u0105ca: m\u0105czka chleba \u015bwi\u0119toja\u0144skiego*, chili w proszku* (*certyfikowany sk\u0142adnik ekologiczny) OPISNajlepiej sprawdza [&hellip;]<\/p>","protected":false},"featured_media":2547,"comment_status":"closed","ping_status":"open","template":"","meta":{"_acf_changed":false},"product_brand":[],"product_cat":[434,998],"product_tag":[],"class_list":{"0":"post-2546","1":"product","2":"type-product","3":"status-publish","4":"has-post-thumbnail","6":"product_cat-pasty-i-przetwory-wege-nie-chlodnia","7":"product_cat-przetwory-warzywne-i-owocowe","8":"pa_ean-matka-2359","9":"pa_gwarancja-przydatnosci-324","10":"pa_ilosc-w-opakowaniu-298","11":"pa_jednostka-podstawowa-szt","12":"pa_kod-cn-2106-90-98","13":"pa_masa-netto-1248","14":"pa_objetosc-brutto-1249","15":"pa_producent-allos-musy-musli-chalwa-syrop-z-agawy","16":"pa_producent-nazwa-adres-allos-hof-manufaktur-gmbh-hoerneckestrasse-39-28217-bremen","17":"pa_tagi-bez-glutenu-deklaracja","18":"pa_tagi-bez-glutenu-w-skladnikach","19":"pa_tagi-certyfikat-bio","20":"pa_tagi-weganski","21":"pa_tagi-wegetarianski","23":"first","24":"instock","25":"taxable","26":"shipping-taxable","27":"purchasable","28":"product-type-simple"},"acf":[],"_links":{"self":[{"href":"https:\/\/wiejskieprzysmaki.estima.site\/en\/wp-json\/wp\/v2\/product\/2546","targetHints":{"allow":["GET"]}}],"collection":[{"href":"https:\/\/wiejskieprzysmaki.estima.site\/en\/wp-json\/wp\/v2\/product"}],"about":[{"href":"https:\/\/wiejskieprzysmaki.estima.site\/en\/wp-json\/wp\/v2\/types\/product"}],"replies":[{"embeddable":true,"href":"https:\/\/wiejskieprzysmaki.estima.site\/en\/wp-json\/wp\/v2\/comments?post=2546"}],"wp:featuredmedia":[{"embeddable":true,"href":"https:\/\/wiejskieprzysmaki.estima.site\/en\/wp-json\/wp\/v2\/media\/2547"}],"wp:attachment":[{"href":"https:\/\/wiejskieprzysmaki.estima.site\/en\/wp-json\/wp\/v2\/media?parent=2546"}],"wp:term":[{"taxonomy":"product_brand","embeddable":true,"href":"https:\/\/wiejskieprzysmaki.estima.site\/en\/wp-json\/wp\/v2\/product_brand?post=2546"},{"taxonomy":"product_cat","embeddable":true,"href":"https:\/\/wiejskieprzysmaki.estima.site\/en\/wp-json\/wp\/v2\/product_cat?post=2546"},{"taxonomy":"product_tag","embeddable":true,"href":"https:\/\/wiejskieprzysmaki.estima.site\/en\/wp-json\/wp\/v2\/product_tag?post=2546"}],"curies":[{"name":"wp","href":"https:\/\/api.w.org\/{rel}","templated":true}]}}