{"id":2548,"date":"2025-02-18T10:44:19","date_gmt":"2025-02-18T09:44:19","guid":{"rendered":"https:\/\/wiejskieprzysmaki.estima.site\/produkt\/podgrzybek-marynowany-bio-300-g-runoland\/"},"modified":"2025-02-18T10:44:24","modified_gmt":"2025-02-18T09:44:24","slug":"podgrzybek-marynowany-bio-300-g-runoland","status":"publish","type":"product","link":"https:\/\/wiejskieprzysmaki.estima.site\/en\/product\/podgrzybek-marynowany-bio-300-g-runoland\/","title":{"rendered":"PODGRZYBEK MARYNOWANY BIO 300 g &#8211; RUNOLAND"},"content":{"rendered":"<p>SK\u0141ADNIKI <br \/>podgrzybki* (Xerocomus badius) 60 %, woda, ocet*, cukier trzcinowy*, cebula*, marchew*, przyprawy* (w tym GORCZYCA), s\u00f3l (*certyfikowany sk\u0142adnik ekologiczny)<\/p>\n<p>WARTO\u015aC ODZYWCZA W 100 g <br \/>Warto\u015b\u0107 energetyczna &#8211; 199 kJ\/47 kcal  <br \/>T\u0142uszcz &#8211; 0 g  <br \/>w tym kwasy t\u0142uszczowe nasycone &#8211; 0 g  <br \/>W\u0119glowodany &#8211; 9,3 g  <br \/>w tym cukry &#8211; 6,1 g  <br \/>Bia\u0142ko &#8211; 1,9 g  <br \/>S\u00f3l &#8211; 1,5 g<\/p>\n<p>ZALECANE WARUNKI PRZECHOWYWANIA <br \/>Po otwarciu przechowywa\u0107 w lod\u00f3wce.  <\/p>","protected":false},"excerpt":{"rendered":"<p>SK\u0141ADNIKI podgrzybki* (Xerocomus badius) 60 %, woda, ocet*, cukier trzcinowy*, cebula*, marchew*, przyprawy* (w tym GORCZYCA), s\u00f3l (*certyfikowany sk\u0142adnik ekologiczny) WARTO\u015aC ODZYWCZA W 100 g Warto\u015b\u0107 energetyczna &#8211; 199 kJ\/47 kcal T\u0142uszcz &#8211; 0 g w tym kwasy t\u0142uszczowe nasycone &#8211; 0 g W\u0119glowodany &#8211; 9,3 g w tym cukry &#8211; 6,1 g Bia\u0142ko &#8211; [&hellip;]<\/p>","protected":false},"featured_media":2549,"comment_status":"closed","ping_status":"open","template":"","meta":{"_acf_changed":false},"product_brand":[],"product_cat":[1061,180],"product_tag":[],"class_list":{"0":"post-2548","1":"product","2":"type-product","3":"status-publish","4":"has-post-thumbnail","6":"product_cat-marynowane-kiszone","7":"product_cat-warzywa-i-grzyby-przetworzone","8":"pa_ean-matka-2360","9":"pa_gwarancja-przydatnosci-311","10":"pa_ilosc-w-opakowaniu-298","11":"pa_jednostka-podstawowa-szt","12":"pa_kod-cn-2001-90-50","13":"pa_kraj-pochodzenia-skladnikow-polska","14":"pa_masa-netto-207","15":"pa_objetosc-brutto-1897","16":"pa_producent-runoland-grzyby-zupy-przetwory","17":"pa_producent-nazwa-adres-runoland-sp-z-organiczona-odpowiedzialnoscia-sp-j-podwale-11-56-200-gora","18":"pa_tagi-bez-glutenu-w-skladnikach","19":"pa_tagi-certyfikat-bio","20":"pa_tagi-weganski","21":"pa_tagi-wegetarianski","23":"first","24":"instock","25":"taxable","26":"shipping-taxable","27":"purchasable","28":"product-type-simple"},"acf":[],"_links":{"self":[{"href":"https:\/\/wiejskieprzysmaki.estima.site\/en\/wp-json\/wp\/v2\/product\/2548","targetHints":{"allow":["GET"]}}],"collection":[{"href":"https:\/\/wiejskieprzysmaki.estima.site\/en\/wp-json\/wp\/v2\/product"}],"about":[{"href":"https:\/\/wiejskieprzysmaki.estima.site\/en\/wp-json\/wp\/v2\/types\/product"}],"replies":[{"embeddable":true,"href":"https:\/\/wiejskieprzysmaki.estima.site\/en\/wp-json\/wp\/v2\/comments?post=2548"}],"wp:featuredmedia":[{"embeddable":true,"href":"https:\/\/wiejskieprzysmaki.estima.site\/en\/wp-json\/wp\/v2\/media\/2549"}],"wp:attachment":[{"href":"https:\/\/wiejskieprzysmaki.estima.site\/en\/wp-json\/wp\/v2\/media?parent=2548"}],"wp:term":[{"taxonomy":"product_brand","embeddable":true,"href":"https:\/\/wiejskieprzysmaki.estima.site\/en\/wp-json\/wp\/v2\/product_brand?post=2548"},{"taxonomy":"product_cat","embeddable":true,"href":"https:\/\/wiejskieprzysmaki.estima.site\/en\/wp-json\/wp\/v2\/product_cat?post=2548"},{"taxonomy":"product_tag","embeddable":true,"href":"https:\/\/wiejskieprzysmaki.estima.site\/en\/wp-json\/wp\/v2\/product_tag?post=2548"}],"curies":[{"name":"wp","href":"https:\/\/api.w.org\/{rel}","templated":true}]}}