{"id":2556,"date":"2025-02-18T10:44:19","date_gmt":"2025-02-18T09:44:19","guid":{"rendered":"https:\/\/wiejskieprzysmaki.estima.site\/produkt\/ketchup-pikantny-bezglutenowy-bio-315-g-primavika-primaeco\/"},"modified":"2025-02-18T10:44:26","modified_gmt":"2025-02-18T09:44:26","slug":"ketchup-pikantny-bezglutenowy-bio-315-g-primavika-primaeco","status":"publish","type":"product","link":"https:\/\/wiejskieprzysmaki.estima.site\/en\/product\/ketchup-pikantny-bezglutenowy-bio-315-g-primavika-primaeco\/","title":{"rendered":"KETCHUP PIKANTNY BEZGLUTENOWY BIO 315 g &#8211; PRIMAVIKA (PRIMAECO)"},"content":{"rendered":"<p>SK\u0141ADNIKI<br \/>koncentrat pomidorowy* 60 % (220 g pomidor\u00f3w na 100 g ketchupu), cukier trzcinowy*, ocet zbo\u017cowy* (z PSZENICY*), s\u00f3l morska, sok z cytryny* 2,5 %, skrobia z tapioki*, przyprawy*, chili* 0,08 % (*certyfikowany sk\u0142adnik ekologiczny)<\/p>\n<p>OPIS  <br \/>Pikantny sos pomidorowy. Produkt pasteryzowany. <br \/>Opakowanie zawiera 21 sugerowanych porcji produktu. Przed u\u017cyciem wstrz\u0105sn\u0105\u0107.<\/p>\n<p>WARTO\u015a\u0106 OD\u017bYWCZA W 100 g  <br \/>Warto\u015b\u0107 energetyczna: 598 kJ\/141 kcal  <br \/>T\u0142uszcz: 0,6 g  <br \/>w tym kwasy t\u0142uszczowe nasycone: 0 g  <br \/>W\u0119glowodany: 31 g  <br \/>w tym cukry: 29 g  <br \/>B\u0142onnik: 0,9 g  <br \/>Bia\u0142ko: 2,4 g  <br \/>S\u00f3l: 3,0 g<\/p>\n<p>ZALECANE WARUNKI PRZECHOWYWANIA  <br \/>Przechowywa\u0107 w temperaturze pokojowej. Po otwarciu przechowywa\u0107 w lod\u00f3wce i spo\u017cy\u0107 w ci\u0105gu 1 miesi\u0105ca.  <\/p>","protected":false},"excerpt":{"rendered":"<p>SK\u0141ADNIKIkoncentrat pomidorowy* 60 % (220 g pomidor\u00f3w na 100 g ketchupu), cukier trzcinowy*, ocet zbo\u017cowy* (z PSZENICY*), s\u00f3l morska, sok z cytryny* 2,5 %, skrobia z tapioki*, przyprawy*, chili* 0,08 % (*certyfikowany sk\u0142adnik ekologiczny) OPIS Pikantny sos pomidorowy. Produkt pasteryzowany. Opakowanie zawiera 21 sugerowanych porcji produktu. Przed u\u017cyciem wstrz\u0105sn\u0105\u0107. WARTO\u015a\u0106 OD\u017bYWCZA W 100 g Warto\u015b\u0107 [&hellip;]<\/p>","protected":false},"featured_media":2557,"comment_status":"closed","ping_status":"open","template":"","meta":{"_acf_changed":false},"product_brand":[],"product_cat":[95,94],"product_tag":[],"class_list":{"0":"post-2556","1":"product","2":"type-product","3":"status-publish","4":"has-post-thumbnail","6":"product_cat-ketchupy-koncentraty-sosy-pomidorowe","7":"product_cat-sosy","8":"pa_ean-matka-2366","9":"pa_gwarancja-przydatnosci-311","10":"pa_ilosc-w-opakowaniu-298","11":"pa_jednostka-podstawowa-szt","12":"pa_kod-cn-2103-20-00","13":"pa_masa-netto-2363","14":"pa_objetosc-brutto-2364","15":"pa_producent-primavika-przetwory-i-pasty-vege","16":"pa_producent-nazwa-adres-primavika-sp-z-o-o-akacjowa-27-62-023-gadki","17":"pa_tagi-bez-glutenu-deklaracja","18":"pa_tagi-certyfikat-bio","19":"pa_tagi-weganski","20":"pa_tagi-wegetarianski","22":"first","23":"instock","24":"taxable","25":"shipping-taxable","26":"purchasable","27":"product-type-simple"},"acf":[],"_links":{"self":[{"href":"https:\/\/wiejskieprzysmaki.estima.site\/en\/wp-json\/wp\/v2\/product\/2556","targetHints":{"allow":["GET"]}}],"collection":[{"href":"https:\/\/wiejskieprzysmaki.estima.site\/en\/wp-json\/wp\/v2\/product"}],"about":[{"href":"https:\/\/wiejskieprzysmaki.estima.site\/en\/wp-json\/wp\/v2\/types\/product"}],"replies":[{"embeddable":true,"href":"https:\/\/wiejskieprzysmaki.estima.site\/en\/wp-json\/wp\/v2\/comments?post=2556"}],"wp:featuredmedia":[{"embeddable":true,"href":"https:\/\/wiejskieprzysmaki.estima.site\/en\/wp-json\/wp\/v2\/media\/2557"}],"wp:attachment":[{"href":"https:\/\/wiejskieprzysmaki.estima.site\/en\/wp-json\/wp\/v2\/media?parent=2556"}],"wp:term":[{"taxonomy":"product_brand","embeddable":true,"href":"https:\/\/wiejskieprzysmaki.estima.site\/en\/wp-json\/wp\/v2\/product_brand?post=2556"},{"taxonomy":"product_cat","embeddable":true,"href":"https:\/\/wiejskieprzysmaki.estima.site\/en\/wp-json\/wp\/v2\/product_cat?post=2556"},{"taxonomy":"product_tag","embeddable":true,"href":"https:\/\/wiejskieprzysmaki.estima.site\/en\/wp-json\/wp\/v2\/product_tag?post=2556"}],"curies":[{"name":"wp","href":"https:\/\/api.w.org\/{rel}","templated":true}]}}