{"id":2558,"date":"2025-02-18T10:44:19","date_gmt":"2025-02-18T09:44:19","guid":{"rendered":"https:\/\/wiejskieprzysmaki.estima.site\/produkt\/dla-psa-karma-vega-z-owocami-dzikiej-rozy-bio-150-g-yarrah\/"},"modified":"2025-02-20T15:09:06","modified_gmt":"2025-02-20T14:09:06","slug":"dla-psa-karma-vega-z-owocami-dzikiej-rozy-bio-150-g-yarrah","status":"publish","type":"product","link":"https:\/\/wiejskieprzysmaki.estima.site\/en\/product\/dla-psa-karma-vega-z-owocami-dzikiej-rozy-bio-150-g-yarrah\/","title":{"rendered":"(DLA PSA) KARMA &#8211; VEGA Z OWOCAMI DZIKIEJ R\u00d3\u017bY BIO 150 g &#8211; YARRAH"},"content":{"rendered":"<p>SK\u0141ADNIKI<br \/>warzywa* (soja*), oleje i t\u0142uszcze* (olej s\u0142onecznikowy*), warzywa* (2,2 % suszony groszek, co odpowiada 7,5 % groszku*, 0,55 % suszona marchew*, co odpowiada 5 % marchwi*), substancje mineralne, owoce* (0,2 % suszony owoc dzikiej r\u00f3\u017cy*), produkty pochodzenia ro\u015blinnego* (lubczyk suszony*). (*certyfikowany sk\u0142adnik ekologiczny)<\/p>\n<p>OPIS<br \/>Karma dla psa pe\u0142noporcjowa. <\/p>\n<p>SK\u0141ADNIKI ANALITYCZNE<br \/>bia\u0142ko surowe: 9 %<br \/>w\u0142\u00f3kno surowe: 0,4 %<br \/>zawarto\u015b\u0107 t\u0142uszczu: 4%<br \/>popi\u00f3\u0142 surowy: 2 %<br \/>wilgotno\u015b\u0107: 77,5 %<\/p>\n<p>DODATKI DIETETYCZNE\/kg<br \/>witamina A: 6000 IE<br \/>witamina D3: 400 IE<br \/>witamina E: 20 mg<br \/>biotyna: 70 \u00b5g<br \/>tauryna: 200 mg<br \/>L-karnityna: 100 mg<br \/>cynk: 10 mg<br \/>mangan: 2 mg<br \/>mied\u017a: 2 mg<br \/>jod: 0,3 mg<br \/>selen: 0,03 mg<\/p>\n<p>ZALECANE DZIENNE KARMIENIE<br \/>pies 3 kg: 300 g <br \/>pies 7 kg: 525 g<br \/>pies 12 kg: 825 g<br \/>pies 20 kg: 1200 g<\/p>\n<p>UWAGA<br \/>Podawa\u0107 w temperaturze pokojowej. Nale\u017cy dostosowa\u0107 ilo\u015b\u0107 karmy do poziomu aktywno\u015bci i kondycji psa. Nale\u017cy zapewni\u0107 zwierz\u0119ciu sta\u0142y dost\u0119p do \u015bwie\u017cej wody. <\/p>\n<p>ZALECANE WARUNKI PRZECHOWYWANIA<br \/>Przechowywa\u0107 w ch\u0142odnym i suchym miejscu. Po otwarciu przechowywa\u0107 w lod\u00f3wce i spo\u017cy\u0107 w ci\u0105gu 2 dni. <\/p>","protected":false},"excerpt":{"rendered":"<p>SK\u0141ADNIKIwarzywa* (soja*), oleje i t\u0142uszcze* (olej s\u0142onecznikowy*), warzywa* (2,2 % suszony groszek, co odpowiada 7,5 % groszku*, 0,55 % suszona marchew*, co odpowiada 5 % marchwi*), substancje mineralne, owoce* (0,2 % suszony owoc dzikiej r\u00f3\u017cy*), produkty pochodzenia ro\u015blinnego* (lubczyk suszony*). (*certyfikowany sk\u0142adnik ekologiczny) OPISKarma dla psa pe\u0142noporcjowa. SK\u0141ADNIKI ANALITYCZNEbia\u0142ko surowe: 9 %w\u0142\u00f3kno surowe: 0,4 %zawarto\u015b\u0107 [&hellip;]<\/p>","protected":false},"featured_media":2559,"comment_status":"closed","ping_status":"open","template":"","meta":{"_acf_changed":false},"product_brand":[],"product_cat":[9054],"product_tag":[],"class_list":{"0":"post-2558","1":"product","2":"type-product","3":"status-publish","4":"has-post-thumbnail","6":"product_cat-karma-dla-zwierzat","7":"pa_ean-matka-2368","8":"pa_gwarancja-przydatnosci-540","9":"pa_ilosc-w-opakowaniu-374","10":"pa_jednostka-podstawowa-szt","11":"pa_kod-cn-2309-10-11","12":"pa_kraj-pochodzenia-skladnikow-turcja","13":"pa_masa-netto-197","14":"pa_objetosc-brutto-2367","15":"pa_producent-yarrah-karma-dla-kotow-i-psow","16":"pa_producent-nazwa-adres-premium-petfood-brands-b-v-putterweg-5-ermelo-postal-p-o-box-1214-nl-3840-be-harderwijk-the-netherlands","17":"pa_tagi-bez-cukru-w-skladnikach","18":"pa_tagi-bez-glutenu-w-skladnikach","19":"pa_tagi-certyfikat-bio","20":"pa_tagi-weganski","21":"pa_tagi-wegetarianski","23":"first","24":"instock","25":"taxable","26":"shipping-taxable","27":"purchasable","28":"product-type-simple"},"acf":[],"_links":{"self":[{"href":"https:\/\/wiejskieprzysmaki.estima.site\/en\/wp-json\/wp\/v2\/product\/2558","targetHints":{"allow":["GET"]}}],"collection":[{"href":"https:\/\/wiejskieprzysmaki.estima.site\/en\/wp-json\/wp\/v2\/product"}],"about":[{"href":"https:\/\/wiejskieprzysmaki.estima.site\/en\/wp-json\/wp\/v2\/types\/product"}],"replies":[{"embeddable":true,"href":"https:\/\/wiejskieprzysmaki.estima.site\/en\/wp-json\/wp\/v2\/comments?post=2558"}],"wp:featuredmedia":[{"embeddable":true,"href":"https:\/\/wiejskieprzysmaki.estima.site\/en\/wp-json\/wp\/v2\/media\/2559"}],"wp:attachment":[{"href":"https:\/\/wiejskieprzysmaki.estima.site\/en\/wp-json\/wp\/v2\/media?parent=2558"}],"wp:term":[{"taxonomy":"product_brand","embeddable":true,"href":"https:\/\/wiejskieprzysmaki.estima.site\/en\/wp-json\/wp\/v2\/product_brand?post=2558"},{"taxonomy":"product_cat","embeddable":true,"href":"https:\/\/wiejskieprzysmaki.estima.site\/en\/wp-json\/wp\/v2\/product_cat?post=2558"},{"taxonomy":"product_tag","embeddable":true,"href":"https:\/\/wiejskieprzysmaki.estima.site\/en\/wp-json\/wp\/v2\/product_tag?post=2558"}],"curies":[{"name":"wp","href":"https:\/\/api.w.org\/{rel}","templated":true}]}}