{"id":2562,"date":"2025-02-18T10:44:19","date_gmt":"2025-02-18T09:44:19","guid":{"rendered":"https:\/\/wiejskieprzysmaki.estima.site\/produkt\/kawa-zbozowa-yannoh-bio-500-g-lima\/"},"modified":"2025-02-20T15:23:17","modified_gmt":"2025-02-20T14:23:17","slug":"kawa-zbozowa-yannoh-bio-500-g-lima","status":"publish","type":"product","link":"https:\/\/wiejskieprzysmaki.estima.site\/en\/product\/kawa-zbozowa-yannoh-bio-500-g-lima\/","title":{"rendered":"KAWA ZBO\u017bOWA YANNOH BIO 500 g &#8211; LIMA"},"content":{"rendered":"<p>SK\u0141ADNIKI<br \/>pra\u017cone ziarna zb\u00f3\u017c: J\u0118CZMIE\u0143*, \u017bYTO*, PSZENICA*, cykoria*, ciecierzyca*. (*certyfikowany sk\u0142adnik ekologiczny)<\/p>\n<p>OPIS<br \/>Kawa zbo\u017cowa to \u015bwietne zast\u0119pstwo tradycyjnej kawy prawdziwej. Pozbawiona kofeiny i bardzo smaczna jest produktem, kt\u00f3ry mo\u017cesz spo\u017cywa\u0107 ka\u017cdego dnia na \u015bniadanie.<br \/>Kawa z palonych zbo\u017cowych ziaren cechuje si\u0119 nie tylko doskona\u0142ym smakiem, ale te\u017c walorami zdrowotnymi. \u015awietnie smakuje zar\u00f3wno na gor\u0105co, jak i na zimno w upalne dni. Idealna jest tak\u017ce z mlekiem i cukrem. Nap\u00f3j z uwagi na swoje naturalne w\u0142a\u015bciwo\u015bci z dodatkiem MLEKA mo\u017ce by\u0107 z powodzeniem podawany dzieciom na \u015bniadanie.<\/p>\n<p>SPOS\u00d3B PRZYGOTOWANIA <br \/>Umie\u015bci\u0107 kaw\u0119 w filtrze do zaparzania kawy, doda\u0107 gor\u0105c\u0105 wod\u0119 i pozostawi\u0107 do zaparzenia. Wzi\u0105\u0107 1 \u0142y\u017ck\u0119 (7 g) kawy na szklank\u0119 wody (125 ml).<\/p>\n<p>WARTO\u015a\u0106 OD\u017bYWCZA W 100 ml po przygotowaniu<br \/>Warto\u015b\u0107 energetyczna &#8211; 24 kJ\/6 kcal <br \/>T\u0142uszcz &#8211; 0 g <br \/>w tym kwasy t\u0142uszczowe nasycone &#8211; 0 g <br \/>W\u0119glowodany &#8211; 1,4 g <br \/>w tym cukry &#8211; 1,2 g <br \/>B\u0142onnik &#8211; 0 g <br \/>Bia\u0142ko &#8211; 0 g <br \/>S\u00f3l &#8211; 0,1 g<\/p>\n<p>ZALECANE WARUNKI PRZECHOWYWANIA <br \/>Przechowywa\u0107 w suchym miejscu. <\/p>","protected":false},"excerpt":{"rendered":"<p>SK\u0141ADNIKIpra\u017cone ziarna zb\u00f3\u017c: J\u0118CZMIE\u0143*, \u017bYTO*, PSZENICA*, cykoria*, ciecierzyca*. (*certyfikowany sk\u0142adnik ekologiczny) OPISKawa zbo\u017cowa to \u015bwietne zast\u0119pstwo tradycyjnej kawy prawdziwej. Pozbawiona kofeiny i bardzo smaczna jest produktem, kt\u00f3ry mo\u017cesz spo\u017cywa\u0107 ka\u017cdego dnia na \u015bniadanie.Kawa z palonych zbo\u017cowych ziaren cechuje si\u0119 nie tylko doskona\u0142ym smakiem, ale te\u017c walorami zdrowotnymi. \u015awietnie smakuje zar\u00f3wno na gor\u0105co, jak i na [&hellip;]<\/p>","protected":false},"featured_media":2563,"comment_status":"closed","ping_status":"open","template":"","meta":{"_acf_changed":false},"product_brand":[],"product_cat":[897],"product_tag":[],"class_list":{"0":"post-2562","1":"product","2":"type-product","3":"status-publish","4":"has-post-thumbnail","6":"product_cat-kawa-i-kakao","7":"pa_ean-matka-2370","8":"pa_gwarancja-przydatnosci-320","9":"pa_ilosc-w-opakowaniu-298","10":"pa_jednostka-podstawowa-szt","11":"pa_kod-cn-2101-30-19","12":"pa_kraj-pochodzenia-skladnikow-turcja","13":"pa_masa-netto-347","14":"pa_objetosc-brutto-210","15":"pa_producent-lima-sosy-sojowe-kawy-zbozowe","16":"pa_producent-nazwa-adres-lima-n-v-groendreef-101-9880-aalter","17":"pa_tagi-bez-cukru-w-skladnikach","18":"pa_tagi-certyfikat-bio","19":"pa_tagi-weganski","20":"pa_tagi-wegetarianski","22":"first","23":"instock","24":"taxable","25":"shipping-taxable","26":"purchasable","27":"product-type-simple"},"acf":[],"_links":{"self":[{"href":"https:\/\/wiejskieprzysmaki.estima.site\/en\/wp-json\/wp\/v2\/product\/2562","targetHints":{"allow":["GET"]}}],"collection":[{"href":"https:\/\/wiejskieprzysmaki.estima.site\/en\/wp-json\/wp\/v2\/product"}],"about":[{"href":"https:\/\/wiejskieprzysmaki.estima.site\/en\/wp-json\/wp\/v2\/types\/product"}],"replies":[{"embeddable":true,"href":"https:\/\/wiejskieprzysmaki.estima.site\/en\/wp-json\/wp\/v2\/comments?post=2562"}],"wp:featuredmedia":[{"embeddable":true,"href":"https:\/\/wiejskieprzysmaki.estima.site\/en\/wp-json\/wp\/v2\/media\/2563"}],"wp:attachment":[{"href":"https:\/\/wiejskieprzysmaki.estima.site\/en\/wp-json\/wp\/v2\/media?parent=2562"}],"wp:term":[{"taxonomy":"product_brand","embeddable":true,"href":"https:\/\/wiejskieprzysmaki.estima.site\/en\/wp-json\/wp\/v2\/product_brand?post=2562"},{"taxonomy":"product_cat","embeddable":true,"href":"https:\/\/wiejskieprzysmaki.estima.site\/en\/wp-json\/wp\/v2\/product_cat?post=2562"},{"taxonomy":"product_tag","embeddable":true,"href":"https:\/\/wiejskieprzysmaki.estima.site\/en\/wp-json\/wp\/v2\/product_tag?post=2562"}],"curies":[{"name":"wp","href":"https:\/\/api.w.org\/{rel}","templated":true}]}}