{"id":2564,"date":"2025-02-18T10:44:19","date_gmt":"2025-02-18T09:44:19","guid":{"rendered":"https:\/\/wiejskieprzysmaki.estima.site\/produkt\/czekolada-o-smaku-cappuccino-bio-100-g-vivani\/"},"modified":"2025-02-18T10:44:30","modified_gmt":"2025-02-18T09:44:30","slug":"czekolada-o-smaku-cappuccino-bio-100-g-vivani","status":"publish","type":"product","link":"https:\/\/wiejskieprzysmaki.estima.site\/en\/product\/czekolada-o-smaku-cappuccino-bio-100-g-vivani\/","title":{"rendered":"CZEKOLADA O SMAKU CAPPUCCINO BIO 100 g &#8211; VIVANI"},"content":{"rendered":"<p>SK\u0141ADNIKI<br \/>cukier trzcinowy nierafinowany*, t\u0142uszcz kakaowy*, MLEKO pe\u0142ne w proszku*, miazga kakaowa*, \u015aMIETANA w proszku* (zawiera MLEKO), kawa* (2,5 %), odt\u0142uszczone MLEKO w proszku*, SERWATKA w proszku* (zawiera MLEKO), ekstrakt z wanilii Bourbon*. (*certyfikowany sk\u0142adnik ekologiczny). Masa kakaowa minimum 40 %. <\/p>\n<p>OPIS<br \/>Pyszna czekolada, kt\u00f3ra zachwyca bogatym, g\u0142\u0119bokim smakiem. Doskona\u0142a opcja na ka\u017cd\u0105 okazj\u0119 \u2013 czy to jako szybka przek\u0105ska, czy te\u017c jako ma\u0142y upominek dla kogo\u015b bliskiego.<\/p>\n<p>WARTO\u015a\u0106 OD\u017bYWCZA W 100 g<br \/>Warto\u015b\u0107 energetyczna: 2434 kJ\/585 kcal <br \/>T\u0142uszcz: 40,9 g <br \/>w tym kwasy t\u0142uszczowe nasycone: 25,5 g <br \/>W\u0119glowodany: 47,8 g <br \/>w tym cukry: 46,7 g <br \/>Bia\u0142ko: 5,4 g <br \/>S\u00f3l: 0,18 g<\/p>\n<p>INFORMACJA ALERGENNA<br \/>Mo\u017ce zawiera\u0107 ZBO\u017bA ZAWIERAJ\u0104CE GLUTEN, ORZESZKI ZIEMNE i inne ORZECHY<\/p>\n<p>ZALECANE WARUNKI PRZECHOWYWANIA<br \/>Przechowywa\u0107 w temperaturze 15 &#8211; 18\u2103. Chroni\u0107 przed ciep\u0142em.<\/p>","protected":false},"excerpt":{"rendered":"<p>SK\u0141ADNIKIcukier trzcinowy nierafinowany*, t\u0142uszcz kakaowy*, MLEKO pe\u0142ne w proszku*, miazga kakaowa*, \u015aMIETANA w proszku* (zawiera MLEKO), kawa* (2,5 %), odt\u0142uszczone MLEKO w proszku*, SERWATKA w proszku* (zawiera MLEKO), ekstrakt z wanilii Bourbon*. (*certyfikowany sk\u0142adnik ekologiczny). Masa kakaowa minimum 40 %. OPISPyszna czekolada, kt\u00f3ra zachwyca bogatym, g\u0142\u0119bokim smakiem. Doskona\u0142a opcja na ka\u017cd\u0105 okazj\u0119 \u2013 czy to [&hellip;]<\/p>","protected":false},"featured_media":2565,"comment_status":"closed","ping_status":"open","template":"","meta":{"_acf_changed":false},"product_brand":[],"product_cat":[1187,139],"product_tag":[],"class_list":{"0":"post-2564","1":"product","2":"type-product","3":"status-publish","4":"has-post-thumbnail","6":"product_cat-czekolady-i-czekoladki","7":"product_cat-slodycze-i-przekaski","8":"pa_ean-matka-2372","9":"pa_gwarancja-przydatnosci-311","10":"pa_ilosc-w-opakowaniu-350","11":"pa_jednostka-podstawowa-szt","12":"pa_kod-cn-1806-32-90","13":"pa_masa-netto-242","14":"pa_objetosc-brutto-2371","15":"pa_producent-vivani-czekolady-batony-kakao-instant","16":"pa_producent-nazwa-adres-ecofinia-gmbh-diebrocker-17-32051-herford","17":"pa_tagi-bez-glutenu-w-skladnikach","18":"pa_tagi-certyfikat-bio","19":"pa_tagi-wegetarianski","21":"first","22":"instock","23":"taxable","24":"shipping-taxable","25":"purchasable","26":"product-type-simple"},"acf":[],"_links":{"self":[{"href":"https:\/\/wiejskieprzysmaki.estima.site\/en\/wp-json\/wp\/v2\/product\/2564","targetHints":{"allow":["GET"]}}],"collection":[{"href":"https:\/\/wiejskieprzysmaki.estima.site\/en\/wp-json\/wp\/v2\/product"}],"about":[{"href":"https:\/\/wiejskieprzysmaki.estima.site\/en\/wp-json\/wp\/v2\/types\/product"}],"replies":[{"embeddable":true,"href":"https:\/\/wiejskieprzysmaki.estima.site\/en\/wp-json\/wp\/v2\/comments?post=2564"}],"wp:featuredmedia":[{"embeddable":true,"href":"https:\/\/wiejskieprzysmaki.estima.site\/en\/wp-json\/wp\/v2\/media\/2565"}],"wp:attachment":[{"href":"https:\/\/wiejskieprzysmaki.estima.site\/en\/wp-json\/wp\/v2\/media?parent=2564"}],"wp:term":[{"taxonomy":"product_brand","embeddable":true,"href":"https:\/\/wiejskieprzysmaki.estima.site\/en\/wp-json\/wp\/v2\/product_brand?post=2564"},{"taxonomy":"product_cat","embeddable":true,"href":"https:\/\/wiejskieprzysmaki.estima.site\/en\/wp-json\/wp\/v2\/product_cat?post=2564"},{"taxonomy":"product_tag","embeddable":true,"href":"https:\/\/wiejskieprzysmaki.estima.site\/en\/wp-json\/wp\/v2\/product_tag?post=2564"}],"curies":[{"name":"wp","href":"https:\/\/api.w.org\/{rel}","templated":true}]}}