{"id":2570,"date":"2025-02-18T10:44:19","date_gmt":"2025-02-18T09:44:19","guid":{"rendered":"https:\/\/wiejskieprzysmaki.estima.site\/produkt\/czekolada-gorzka-z-calymi-orzechami-laskowymi-bio-100-g-vivani\/"},"modified":"2025-02-18T10:44:32","modified_gmt":"2025-02-18T09:44:32","slug":"czekolada-gorzka-z-calymi-orzechami-laskowymi-bio-100-g-vivani","status":"publish","type":"product","link":"https:\/\/wiejskieprzysmaki.estima.site\/en\/product\/czekolada-gorzka-z-calymi-orzechami-laskowymi-bio-100-g-vivani\/","title":{"rendered":"CZEKOLADA GORZKA Z CA\u0141YMI ORZECHAMI LASKOWYMI BIO 100 g &#8211; VIVANI"},"content":{"rendered":"<p>SK\u0141ADNIKI<br \/>miazga kakaowa*, surowy cukier trzcinowy nierafinowany*, ORZECHY LASKOWE* (20 %), t\u0142uszcz kakaowy*, mi\u0105\u017csz MIGDA\u0141OWY*. (*certyfikowany sk\u0142adnik ekologiczny). Masa kakaowa minimum 55 %.<\/p>\n<p>OPIS<br \/>Pyszna czekolada, kt\u00f3ra zachwyca bogatym, g\u0142\u0119bokim smakiem. Doskona\u0142a opcja na ka\u017cd\u0105 okazj\u0119 \u2013 czy to jako szybka przek\u0105ska, czy te\u017c jako ma\u0142y upominek dla kogo\u015b bliskiego.<\/p>\n<p>WARTO\u015a\u0106 OD\u017bYWCZA W 100 g<br \/>Warto\u015b\u0107 energetyczna: 2419 kJ\/583 kcal <br \/>T\u0142uszcz: 42,6 g <br \/>w tym kwasy t\u0142uszczowe nasycone: 18,9 g <br \/>W\u0119glowodany: 38,2 g <br \/>w tym cukry: 32,1 g <br \/>Bia\u0142ko: 7,4 g <br \/>S\u00f3l: 0,01 g<\/p>\n<p>INFORMACJA ALERGENNA <br \/>mo\u017ce zawiera\u0107 ZBO\u017bA ZAWIERAJ\u0104CE GLUTEN, MLEKO \u0142\u0105cznie z LAKTOZ\u0104.<\/p>\n<p>ZALECANE WARUNKI PRZECHOWYWANIA<br \/>Przechowywa\u0107 w temperaturze 15 &#8211; 18\u2103. Chroni\u0107 przed ciep\u0142em.<\/p>","protected":false},"excerpt":{"rendered":"<p>SK\u0141ADNIKImiazga kakaowa*, surowy cukier trzcinowy nierafinowany*, ORZECHY LASKOWE* (20 %), t\u0142uszcz kakaowy*, mi\u0105\u017csz MIGDA\u0141OWY*. (*certyfikowany sk\u0142adnik ekologiczny). Masa kakaowa minimum 55 %. OPISPyszna czekolada, kt\u00f3ra zachwyca bogatym, g\u0142\u0119bokim smakiem. Doskona\u0142a opcja na ka\u017cd\u0105 okazj\u0119 \u2013 czy to jako szybka przek\u0105ska, czy te\u017c jako ma\u0142y upominek dla kogo\u015b bliskiego. WARTO\u015a\u0106 OD\u017bYWCZA W 100 gWarto\u015b\u0107 energetyczna: 2419 [&hellip;]<\/p>","protected":false},"featured_media":2571,"comment_status":"closed","ping_status":"open","template":"","meta":{"_acf_changed":false},"product_brand":[],"product_cat":[1187,139],"product_tag":[],"class_list":{"0":"post-2570","1":"product","2":"type-product","3":"status-publish","4":"has-post-thumbnail","6":"product_cat-czekolady-i-czekoladki","7":"product_cat-slodycze-i-przekaski","8":"pa_ean-matka-2376","9":"pa_gwarancja-przydatnosci-311","10":"pa_ilosc-w-opakowaniu-350","11":"pa_jednostka-podstawowa-szt","12":"pa_kod-cn-1806-32-10","13":"pa_masa-netto-242","14":"pa_objetosc-brutto-697","15":"pa_producent-vivani-czekolady-batony-kakao-instant","16":"pa_producent-nazwa-adres-ecofinia-gmbh-diebrocker-17-32051-herford","17":"pa_tagi-bez-glutenu-w-skladnikach","18":"pa_tagi-certyfikat-bio","19":"pa_tagi-weganski","20":"pa_tagi-wegetarianski","22":"first","23":"instock","24":"taxable","25":"shipping-taxable","26":"purchasable","27":"product-type-simple"},"acf":[],"_links":{"self":[{"href":"https:\/\/wiejskieprzysmaki.estima.site\/en\/wp-json\/wp\/v2\/product\/2570","targetHints":{"allow":["GET"]}}],"collection":[{"href":"https:\/\/wiejskieprzysmaki.estima.site\/en\/wp-json\/wp\/v2\/product"}],"about":[{"href":"https:\/\/wiejskieprzysmaki.estima.site\/en\/wp-json\/wp\/v2\/types\/product"}],"replies":[{"embeddable":true,"href":"https:\/\/wiejskieprzysmaki.estima.site\/en\/wp-json\/wp\/v2\/comments?post=2570"}],"wp:featuredmedia":[{"embeddable":true,"href":"https:\/\/wiejskieprzysmaki.estima.site\/en\/wp-json\/wp\/v2\/media\/2571"}],"wp:attachment":[{"href":"https:\/\/wiejskieprzysmaki.estima.site\/en\/wp-json\/wp\/v2\/media?parent=2570"}],"wp:term":[{"taxonomy":"product_brand","embeddable":true,"href":"https:\/\/wiejskieprzysmaki.estima.site\/en\/wp-json\/wp\/v2\/product_brand?post=2570"},{"taxonomy":"product_cat","embeddable":true,"href":"https:\/\/wiejskieprzysmaki.estima.site\/en\/wp-json\/wp\/v2\/product_cat?post=2570"},{"taxonomy":"product_tag","embeddable":true,"href":"https:\/\/wiejskieprzysmaki.estima.site\/en\/wp-json\/wp\/v2\/product_tag?post=2570"}],"curies":[{"name":"wp","href":"https:\/\/api.w.org\/{rel}","templated":true}]}}