{"id":2598,"date":"2025-02-18T10:44:37","date_gmt":"2025-02-18T09:44:37","guid":{"rendered":"https:\/\/wiejskieprzysmaki.estima.site\/produkt\/kawa-z-nasion-konopi-bio-200-g-dary-natury\/"},"modified":"2025-02-20T15:23:16","modified_gmt":"2025-02-20T14:23:16","slug":"kawa-z-nasion-konopi-bio-200-g-dary-natury","status":"publish","type":"product","link":"https:\/\/wiejskieprzysmaki.estima.site\/en\/product\/kawa-z-nasion-konopi-bio-200-g-dary-natury\/","title":{"rendered":"KAWA Z NASION KONOPI BIO 200 g &#8211; DARY NATURY"},"content":{"rendered":"<p>SK\u0141ADNIKI<br \/>pra\u017cone i mielone nasiona konopi* 98%, przyprawy*: go\u017adziki*, cynamon*, kardamon*, imbir* (*certyfikowany sk\u0142adnik ekologiczny)<\/p>\n<p>OPIS  <br \/>Ekologiczna kawa z pra\u017conych nasion konopi siewnych charakteryzuje si\u0119 delikatnym, orzechowym smakiem. Wspaniale komponuje si\u0119 z mlekiem, miodem czy cukrem brzozowym. Jako kawa bezkofeinowa, stanowi zdrowy zamiennik tradycyjnej kawy.<\/p>\n<p>SPOS\u00d3B PRZYGOTOWANIA<br \/>Jedn\u0105 czubat\u0105 \u0142y\u017ceczk\u0119 kawy w przeliczeniu na 1 szklank\u0119 wody, wsypa\u0107 do naczynia i gotowa\u0107 oko\u0142o 2-3 minut. Odstawi\u0107 na oko\u0142o 5-10 minut, przela\u0107 do fili\u017canek. <br \/>Mo\u017cna doda\u0107 MLEKO, \u015bmietank\u0119 lub pos\u0142odzi\u0107 wed\u0142ug upodoba\u0144<\/p>\n<p>ZALECANE WARUNKI PRZECHOWYWANIA<br \/>Przechowywa\u0107 w suchym miejscu  <\/p>","protected":false},"excerpt":{"rendered":"<p>SK\u0141ADNIKIpra\u017cone i mielone nasiona konopi* 98%, przyprawy*: go\u017adziki*, cynamon*, kardamon*, imbir* (*certyfikowany sk\u0142adnik ekologiczny) OPIS Ekologiczna kawa z pra\u017conych nasion konopi siewnych charakteryzuje si\u0119 delikatnym, orzechowym smakiem. Wspaniale komponuje si\u0119 z mlekiem, miodem czy cukrem brzozowym. Jako kawa bezkofeinowa, stanowi zdrowy zamiennik tradycyjnej kawy. SPOS\u00d3B PRZYGOTOWANIAJedn\u0105 czubat\u0105 \u0142y\u017ceczk\u0119 kawy w przeliczeniu na 1 szklank\u0119 wody, [&hellip;]<\/p>","protected":false},"featured_media":2599,"comment_status":"closed","ping_status":"open","template":"","meta":{"_acf_changed":false},"product_brand":[],"product_cat":[897],"product_tag":[],"class_list":{"0":"post-2598","1":"product","2":"type-product","3":"status-publish","4":"has-post-thumbnail","6":"product_cat-kawa-i-kakao","7":"pa_ean-matka-2396","8":"pa_gwarancja-przydatnosci-320","9":"pa_ilosc-w-opakowaniu-350","10":"pa_jednostka-podstawowa-szt","11":"pa_kod-cn-2101-30-19","12":"pa_kraj-pochodzenia-skladnikow-kanada","13":"pa_masa-netto-354","14":"pa_objetosc-brutto-2395","15":"pa_producent-dary-natury-inne","16":"pa_producent-nazwa-adres-miroslaw-angielczyk-dary-natury-koryciny-73-17-315-grodzisk","17":"pa_tagi-bez-cukru-w-skladnikach","18":"pa_tagi-bez-glutenu-w-skladnikach","19":"pa_tagi-certyfikat-bio","20":"pa_tagi-weganski","21":"pa_tagi-wegetarianski","23":"first","24":"instock","25":"taxable","26":"shipping-taxable","27":"purchasable","28":"product-type-simple"},"acf":[],"_links":{"self":[{"href":"https:\/\/wiejskieprzysmaki.estima.site\/en\/wp-json\/wp\/v2\/product\/2598","targetHints":{"allow":["GET"]}}],"collection":[{"href":"https:\/\/wiejskieprzysmaki.estima.site\/en\/wp-json\/wp\/v2\/product"}],"about":[{"href":"https:\/\/wiejskieprzysmaki.estima.site\/en\/wp-json\/wp\/v2\/types\/product"}],"replies":[{"embeddable":true,"href":"https:\/\/wiejskieprzysmaki.estima.site\/en\/wp-json\/wp\/v2\/comments?post=2598"}],"wp:featuredmedia":[{"embeddable":true,"href":"https:\/\/wiejskieprzysmaki.estima.site\/en\/wp-json\/wp\/v2\/media\/2599"}],"wp:attachment":[{"href":"https:\/\/wiejskieprzysmaki.estima.site\/en\/wp-json\/wp\/v2\/media?parent=2598"}],"wp:term":[{"taxonomy":"product_brand","embeddable":true,"href":"https:\/\/wiejskieprzysmaki.estima.site\/en\/wp-json\/wp\/v2\/product_brand?post=2598"},{"taxonomy":"product_cat","embeddable":true,"href":"https:\/\/wiejskieprzysmaki.estima.site\/en\/wp-json\/wp\/v2\/product_cat?post=2598"},{"taxonomy":"product_tag","embeddable":true,"href":"https:\/\/wiejskieprzysmaki.estima.site\/en\/wp-json\/wp\/v2\/product_tag?post=2598"}],"curies":[{"name":"wp","href":"https:\/\/api.w.org\/{rel}","templated":true}]}}