{"id":2608,"date":"2025-02-18T10:44:37","date_gmt":"2025-02-18T09:44:37","guid":{"rendered":"https:\/\/wiejskieprzysmaki.estima.site\/produkt\/wafle-z-sorgo-i-amarantusa-bezglutenowe-bio-120-g-fiorentini\/"},"modified":"2025-02-18T10:44:47","modified_gmt":"2025-02-18T09:44:47","slug":"wafle-z-sorgo-i-amarantusa-bezglutenowe-bio-120-g-fiorentini","status":"publish","type":"product","link":"https:\/\/wiejskieprzysmaki.estima.site\/en\/product\/wafle-z-sorgo-i-amarantusa-bezglutenowe-bio-120-g-fiorentini\/","title":{"rendered":"WAFLE Z SORGO I AMARANTUSA BEZGLUTENOWE BIO 120 g &#8211; FIORENTINI"},"content":{"rendered":"<p>SK\u0141ADNIKI<br \/>sorgo* (89,5 %), amarantus* (10 %) s\u00f3l morska. (*certyfikowany sk\u0142adnik ekologiczny)<\/p>\n<p>OPIS<br \/>\u0179r\u00f3d\u0142o fosforu i magnezu. \u0179r\u00f3d\u0142o b\u0142onnika pokarmowego. <\/p>\n<p>WARTO\u015a\u0106 OD\u017bYWCZA W 100 g  <br \/>Warto\u015b\u0107 energetyczna &#8211; 1669 kJ\/394 kcal  <br \/>T\u0142uszcz &#8211; 3,0 g  <br \/>w tym kwasy nasycone &#8211; 0,5 g  <br \/>W\u0119glowodany &#8211; 79 g  <br \/>w tym cukry &#8211; 0,4 g  <br \/>B\u0142onnik &#8211; 5,1 g  <br \/>Bia\u0142ko &#8211; 10 g  <br \/>S\u00f3l &#8211; 0,7 g  <br \/>Fosfor &#8211; 247 mg (35 %)**<br \/>Magnez &#8211; 104 mg (28 %)**<br \/>**dzienna referencyjna warto\u015b\u0107 spo\u017cycia (dla osoby doros\u0142ej)<\/p>\n<p>ZALECANE WARUNKI PRZECHOWYWANIA<br \/>Przechowywa\u0107 w suchym i ch\u0142odnym miejscu<\/p>","protected":false},"excerpt":{"rendered":"<p>SK\u0141ADNIKIsorgo* (89,5 %), amarantus* (10 %) s\u00f3l morska. (*certyfikowany sk\u0142adnik ekologiczny) OPIS\u0179r\u00f3d\u0142o fosforu i magnezu. \u0179r\u00f3d\u0142o b\u0142onnika pokarmowego. WARTO\u015a\u0106 OD\u017bYWCZA W 100 g Warto\u015b\u0107 energetyczna &#8211; 1669 kJ\/394 kcal T\u0142uszcz &#8211; 3,0 g w tym kwasy nasycone &#8211; 0,5 g W\u0119glowodany &#8211; 79 g w tym cukry &#8211; 0,4 g B\u0142onnik &#8211; 5,1 g Bia\u0142ko [&hellip;]<\/p>","protected":false},"featured_media":2609,"comment_status":"closed","ping_status":"open","template":"","meta":{"_acf_changed":false},"product_brand":[],"product_cat":[64,1079],"product_tag":[],"class_list":{"0":"post-2608","1":"product","2":"type-product","3":"status-publish","4":"has-post-thumbnail","6":"product_cat-pieczywo","7":"product_cat-pieczywo-chrupkie","8":"pa_ean-matka-2402","9":"pa_gwarancja-przydatnosci-324","10":"pa_ilosc-w-opakowaniu-374","11":"pa_jednostka-podstawowa-szt","12":"pa_kod-cn-1904-10-10","13":"pa_masa-netto-411","14":"pa_objetosc-brutto-414","15":"pa_producent-fiorentini-przekaski-bezglutenowe","16":"pa_producent-nazwa-adres-fiorentini-alimentari-spa-strada-del-francese-156-10156-torino","17":"pa_tagi-bez-cukru-w-skladnikach","18":"pa_tagi-bez-glutenu-deklaracja","19":"pa_tagi-bez-glutenu-w-skladnikach","20":"pa_tagi-certyfikat-bio","21":"pa_tagi-weganski","22":"pa_tagi-wegetarianski","24":"first","25":"instock","26":"taxable","27":"shipping-taxable","28":"purchasable","29":"product-type-simple"},"acf":[],"_links":{"self":[{"href":"https:\/\/wiejskieprzysmaki.estima.site\/en\/wp-json\/wp\/v2\/product\/2608","targetHints":{"allow":["GET"]}}],"collection":[{"href":"https:\/\/wiejskieprzysmaki.estima.site\/en\/wp-json\/wp\/v2\/product"}],"about":[{"href":"https:\/\/wiejskieprzysmaki.estima.site\/en\/wp-json\/wp\/v2\/types\/product"}],"replies":[{"embeddable":true,"href":"https:\/\/wiejskieprzysmaki.estima.site\/en\/wp-json\/wp\/v2\/comments?post=2608"}],"wp:featuredmedia":[{"embeddable":true,"href":"https:\/\/wiejskieprzysmaki.estima.site\/en\/wp-json\/wp\/v2\/media\/2609"}],"wp:attachment":[{"href":"https:\/\/wiejskieprzysmaki.estima.site\/en\/wp-json\/wp\/v2\/media?parent=2608"}],"wp:term":[{"taxonomy":"product_brand","embeddable":true,"href":"https:\/\/wiejskieprzysmaki.estima.site\/en\/wp-json\/wp\/v2\/product_brand?post=2608"},{"taxonomy":"product_cat","embeddable":true,"href":"https:\/\/wiejskieprzysmaki.estima.site\/en\/wp-json\/wp\/v2\/product_cat?post=2608"},{"taxonomy":"product_tag","embeddable":true,"href":"https:\/\/wiejskieprzysmaki.estima.site\/en\/wp-json\/wp\/v2\/product_tag?post=2608"}],"curies":[{"name":"wp","href":"https:\/\/api.w.org\/{rel}","templated":true}]}}