{"id":2614,"date":"2025-02-18T10:44:37","date_gmt":"2025-02-18T09:44:37","guid":{"rendered":"https:\/\/wiejskieprzysmaki.estima.site\/produkt\/makaron-konjac-bezglutenowy-bio-385-g-300-g-better-than-foods\/"},"modified":"2025-02-18T10:44:49","modified_gmt":"2025-02-18T09:44:49","slug":"makaron-konjac-bezglutenowy-bio-385-g-300-g-better-than-foods","status":"publish","type":"product","link":"https:\/\/wiejskieprzysmaki.estima.site\/en\/product\/makaron-konjac-bezglutenowy-bio-385-g-300-g-better-than-foods\/","title":{"rendered":"MAKARON (KONJAC) BEZGLUTENOWY BIO 385 g (300 g) &#8211; BETTER THAN FOODS"},"content":{"rendered":"<p>SK\u0141ADNIKI<br \/>woda oczyszczona, m\u0105ka konjac* 3,4%, b\u0142onnik OWSIANY* 1 %. (*certyfikowany sk\u0142adnik ekologiczny)<\/p>\n<p>OPIS<br \/>Makaron od Better Than Pasta nie zawiera PSZENICY, t\u0142uszczu, cukru i soli. Nadaje si\u0119 do wielu diet, w tym wega\u0144skiej, bezglutenowej, keto i FODMAP.<br \/>Jest wykonany z ekologicznej m\u0105ki konjac, kt\u00f3ra jest bogata w glukomannan, rozpuszczalny b\u0142onnik, kt\u00f3ry nie jest wch\u0142aniany przez organizm. Dlatego zawiera tak ma\u0142o kalorii i zero w\u0119glowodan\u00f3w.<\/p>\n<p>Co to jest m\u0105ka konjac?<br \/>M\u0105ka konjac jest wytwarzana z korzenia ro\u015bliny uprawianej w Azji Po\u0142udniowo-Wschodniej. M\u0105k\u0119 miesza si\u0119 wod\u0105, aby uzyska\u0107 makaron, kt\u00f3ry ma neutralny smak, ale po dodaniu do innych sk\u0142adnik\u00f3w dania, makaron wch\u0142ania ich smak, dzi\u0119ki czemu mo\u017cesz cieszy\u0107 si\u0119 zdrowym i pysznym posi\u0142kiem. <\/p>\n<p>Opakowanie zawiera 2-3 sugerowane porcje produktu do spo\u017cycia. <\/p>\n<p>SPOS\u00d3B PRZYGOTOWANIA <br \/>Krok 1: Odced\u017a wod\u0119 z opakowania i przep\u0142ucz makaron pod zimn\u0105 wod\u0105.<br \/>Krok 2: Dodaj do swojego ulubionego sosu, sa\u0142atki.<br \/>lub: Gotuj przez 1 minut\u0119, odced\u017a i dodaj do ulubionych sk\u0142adnik\u00f3w.<br \/>lub: Sma\u017c na suchej patelni z nieprzywieraj\u0105c\u0105 pow\u0142ok\u0105 przez 1 minut\u0119 i dodaj do ulubionych sk\u0142adnik\u00f3w<\/p>\n<p>WARTO\u015a\u0106 OD\u017bYWCZA W 100 g po ods\u0105czeniu<br \/>Warto\u015b\u0107 energetyczna 35 kJ \/ 9 kcal <br \/>T\u0142uszcz: 0 g <br \/>w tym kwasy t\u0142uszczowe nasycone: 0 g <br \/>W\u0119glowodany: 0 g <br \/>w tym cukry: 0 g <br \/>B\u0142onnik: 4 g <br \/>Bia\u0142ko: 0,2 g <br \/>S\u00f3l: 0 g<\/p>\n<p>INFORMACJA ALERGENNA <br \/>Produkowano w zak\u0142adzie przetwarzaj\u0105cym SOJ\u0118 i siarczyny.<\/p>\n<p>ZALECANE WARUNKI PRZECHOWYWANIA<br \/>Przechowywa\u0107 w ch\u0142odnym i suchym miejscu. Nie zamra\u017ca\u0107. Po otwarciu przechowywa\u0107 w wodzie przez maksymalnie 2 dni.<\/p>","protected":false},"excerpt":{"rendered":"<p>SK\u0141ADNIKIwoda oczyszczona, m\u0105ka konjac* 3,4%, b\u0142onnik OWSIANY* 1 %. (*certyfikowany sk\u0142adnik ekologiczny) OPISMakaron od Better Than Pasta nie zawiera PSZENICY, t\u0142uszczu, cukru i soli. Nadaje si\u0119 do wielu diet, w tym wega\u0144skiej, bezglutenowej, keto i FODMAP.Jest wykonany z ekologicznej m\u0105ki konjac, kt\u00f3ra jest bogata w glukomannan, rozpuszczalny b\u0142onnik, kt\u00f3ry nie jest wch\u0142aniany przez organizm. Dlatego [&hellip;]<\/p>","protected":false},"featured_media":2615,"comment_status":"closed","ping_status":"open","template":"","meta":{"_acf_changed":false},"product_brand":[],"product_cat":[1163,1162],"product_tag":[],"class_list":{"0":"post-2614","1":"product","2":"type-product","3":"status-publish","4":"has-post-thumbnail","6":"product_cat-bezglutenowe","7":"product_cat-makarony","8":"pa_ean-matka-2408","9":"pa_gwarancja-przydatnosci-311","10":"pa_ilosc-w-opakowaniu-327","11":"pa_jednostka-podstawowa-szt","12":"pa_kod-cn-1902-19-10","13":"pa_masa-netto-2404","14":"pa_objetosc-brutto-2312","15":"pa_producent-better-than-foods-makarony-konjac","16":"pa_producent-nazwa-adres-calorie-watchers-ltd-watkin-road-5a-ha9-0nl-wembley-middlesex","17":"pa_tagi-bez-cukru-w-skladnikach","18":"pa_tagi-bez-glutenu-deklaracja","19":"pa_tagi-certyfikat-bio","20":"pa_tagi-weganski","21":"pa_tagi-wegetarianski","23":"first","24":"instock","25":"taxable","26":"shipping-taxable","27":"purchasable","28":"product-type-simple"},"acf":[],"_links":{"self":[{"href":"https:\/\/wiejskieprzysmaki.estima.site\/en\/wp-json\/wp\/v2\/product\/2614","targetHints":{"allow":["GET"]}}],"collection":[{"href":"https:\/\/wiejskieprzysmaki.estima.site\/en\/wp-json\/wp\/v2\/product"}],"about":[{"href":"https:\/\/wiejskieprzysmaki.estima.site\/en\/wp-json\/wp\/v2\/types\/product"}],"replies":[{"embeddable":true,"href":"https:\/\/wiejskieprzysmaki.estima.site\/en\/wp-json\/wp\/v2\/comments?post=2614"}],"wp:featuredmedia":[{"embeddable":true,"href":"https:\/\/wiejskieprzysmaki.estima.site\/en\/wp-json\/wp\/v2\/media\/2615"}],"wp:attachment":[{"href":"https:\/\/wiejskieprzysmaki.estima.site\/en\/wp-json\/wp\/v2\/media?parent=2614"}],"wp:term":[{"taxonomy":"product_brand","embeddable":true,"href":"https:\/\/wiejskieprzysmaki.estima.site\/en\/wp-json\/wp\/v2\/product_brand?post=2614"},{"taxonomy":"product_cat","embeddable":true,"href":"https:\/\/wiejskieprzysmaki.estima.site\/en\/wp-json\/wp\/v2\/product_cat?post=2614"},{"taxonomy":"product_tag","embeddable":true,"href":"https:\/\/wiejskieprzysmaki.estima.site\/en\/wp-json\/wp\/v2\/product_tag?post=2614"}],"curies":[{"name":"wp","href":"https:\/\/api.w.org\/{rel}","templated":true}]}}