{"id":2626,"date":"2025-02-18T10:44:52","date_gmt":"2025-02-18T09:44:52","guid":{"rendered":"https:\/\/wiejskieprzysmaki.estima.site\/produkt\/herbata-zielona-energia-green-energy-bio-17-x-18-g-306-g-yogi-tea\/"},"modified":"2025-02-18T10:44:55","modified_gmt":"2025-02-18T09:44:55","slug":"herbata-zielona-energia-green-energy-bio-17-x-18-g-306-g-yogi-tea","status":"publish","type":"product","link":"https:\/\/wiejskieprzysmaki.estima.site\/en\/product\/herbata-zielona-energia-green-energy-bio-17-x-18-g-306-g-yogi-tea\/","title":{"rendered":"HERBATA ZIELONA ENERGIA (GREEN ENERGY) BIO (17 x 1,8 g) 30,6 g &#8211; YOGI TEA"},"content":{"rendered":"<p>SK\u0141ADNIKI<br \/>zielona herbata* 68 %, trawa cytrynowa*, guarana* 7 %, mi\u0119ta pieprzowa*, imbir* 3 %, naturalny aromat, czarny bez* 2 %, pieprz czarny*, nap\u00f3j z suszonej kombuczy*, olejek z bergamotki*, werbena cytrynowa* (*certyfikowany sk\u0142adnik ekologiczny)<\/p>\n<p>OPIS<br \/>Wyczerpany? Orze\u017awiaj\u0105cy smak tej herbaty na pewno Ci\u0119 na\u0142aduje. Owocowa werbena cytrynowa i kwiat czarnego bzu z odrobin\u0105 imbiru, guarany i wyci\u0105gu z kombuczy nadaj\u0105 zielonej herbacie co\u015b elektryzuj\u0105cego. W ten spos\u00f3b YOGI TEA\u00ae Green Energy doda Ci energii i r\u00f3wnocze\u015bnie wzmocni Ci\u0119 w ca\u0142kowicie naturalny spos\u00f3b!<br \/>Herbata dla wszystkich lubi\u0105cych \u017cy\u0107 intensywnie.<\/p>\n<p>SPOS\u00d3B PRZYGOTOWANIA<br \/>Zalej torebk\u0119 250 ml \u015bwie\u017co przegotowanej wody i pozostaw do zaparzenia na oko\u0142o 5 minut.<\/p>\n<p>ZALECANE WARUNKI PRZECHOWYWANIA <br \/>Przechowywa\u0107 w suchym i ch\u0142odnym miejscu<\/p>","protected":false},"excerpt":{"rendered":"<p>SK\u0141ADNIKIzielona herbata* 68 %, trawa cytrynowa*, guarana* 7 %, mi\u0119ta pieprzowa*, imbir* 3 %, naturalny aromat, czarny bez* 2 %, pieprz czarny*, nap\u00f3j z suszonej kombuczy*, olejek z bergamotki*, werbena cytrynowa* (*certyfikowany sk\u0142adnik ekologiczny) OPISWyczerpany? Orze\u017awiaj\u0105cy smak tej herbaty na pewno Ci\u0119 na\u0142aduje. Owocowa werbena cytrynowa i kwiat czarnego bzu z odrobin\u0105 imbiru, guarany i [&hellip;]<\/p>","protected":false},"featured_media":2627,"comment_status":"closed","ping_status":"open","template":"","meta":{"_acf_changed":false},"product_brand":[],"product_cat":[282,950],"product_tag":[],"class_list":{"0":"post-2626","1":"product","2":"type-product","3":"status-publish","4":"has-post-thumbnail","6":"product_cat-herbaty-i-ziola","7":"product_cat-zielone-w-tym-z-dodatkami","8":"pa_ean-matka-2414","9":"pa_gwarancja-przydatnosci-1427","10":"pa_ilosc-w-opakowaniu-298","11":"pa_jednostka-podstawowa-szt","12":"pa_kod-cn-0902-10-00","13":"pa_masa-netto-443","14":"pa_objetosc-brutto-1264","15":"pa_producent-yogi-tea-herbaty-i-herbatki","16":"pa_producent-nazwa-adres-yogi-tea-gmbh-burchardstrase-24-20095-hamburg","17":"pa_tagi-bez-cukru-w-skladnikach","18":"pa_tagi-bez-glutenu-w-skladnikach","19":"pa_tagi-certyfikat-bio","20":"pa_tagi-weganski","21":"pa_tagi-wegetarianski","23":"first","24":"instock","25":"taxable","26":"shipping-taxable","27":"purchasable","28":"product-type-simple"},"acf":[],"_links":{"self":[{"href":"https:\/\/wiejskieprzysmaki.estima.site\/en\/wp-json\/wp\/v2\/product\/2626","targetHints":{"allow":["GET"]}}],"collection":[{"href":"https:\/\/wiejskieprzysmaki.estima.site\/en\/wp-json\/wp\/v2\/product"}],"about":[{"href":"https:\/\/wiejskieprzysmaki.estima.site\/en\/wp-json\/wp\/v2\/types\/product"}],"replies":[{"embeddable":true,"href":"https:\/\/wiejskieprzysmaki.estima.site\/en\/wp-json\/wp\/v2\/comments?post=2626"}],"wp:featuredmedia":[{"embeddable":true,"href":"https:\/\/wiejskieprzysmaki.estima.site\/en\/wp-json\/wp\/v2\/media\/2627"}],"wp:attachment":[{"href":"https:\/\/wiejskieprzysmaki.estima.site\/en\/wp-json\/wp\/v2\/media?parent=2626"}],"wp:term":[{"taxonomy":"product_brand","embeddable":true,"href":"https:\/\/wiejskieprzysmaki.estima.site\/en\/wp-json\/wp\/v2\/product_brand?post=2626"},{"taxonomy":"product_cat","embeddable":true,"href":"https:\/\/wiejskieprzysmaki.estima.site\/en\/wp-json\/wp\/v2\/product_cat?post=2626"},{"taxonomy":"product_tag","embeddable":true,"href":"https:\/\/wiejskieprzysmaki.estima.site\/en\/wp-json\/wp\/v2\/product_tag?post=2626"}],"curies":[{"name":"wp","href":"https:\/\/api.w.org\/{rel}","templated":true}]}}