{"id":2678,"date":"2025-02-18T10:45:16","date_gmt":"2025-02-18T09:45:16","guid":{"rendered":"https:\/\/wiejskieprzysmaki.estima.site\/produkt\/ananas-plastry-w-soku-wlasnym-bio-400-g-225-g-amaizin\/"},"modified":"2025-02-18T10:45:26","modified_gmt":"2025-02-18T09:45:26","slug":"ananas-plastry-w-soku-wlasnym-bio-400-g-225-g-amaizin","status":"publish","type":"product","link":"https:\/\/wiejskieprzysmaki.estima.site\/en\/product\/ananas-plastry-w-soku-wlasnym-bio-400-g-225-g-amaizin\/","title":{"rendered":"ANANAS PLASTRY W SOKU W\u0141ASNYM BIO 400 g (225 g) &#8211; AMAIZIN"},"content":{"rendered":"<p>SK\u0141ADNIKI<br \/>ananas*, sok ananasowy*. (*certyfikowany sk\u0142adnik ekologiczny)<\/p>\n<p>WARTO\u015a\u0106 OD\u017bYWCZA W 100 g<br \/>Warto\u015b\u0107 energetyczna &#8211; 285 kJ \/ 68 kcal <br \/>T\u0142uszcz &#8211; 0,3 g <br \/>w tym kwasy t\u0142uszczowe nasycone &#8211; 0 g <br \/>W\u0119glowodany &#8211; 12 g <br \/>w tym cukry &#8211; 12 g <br \/>Bia\u0142ko &#8211; 1,1 g <br \/>S\u00f3l &#8211; 0,04 g<\/p>\n<p>ZALECANE WARUNKI PRZECHOWYWANIA <br \/>Przechowywa\u0107 w suchym i ch\u0142odnym miejscu. Po otwarciu przechowywa\u0107 w lod\u00f3wce, w szklanym lub plastikowym opakowaniu i spo\u017cy\u0107 w ci\u0105gu 3-4 dni. <\/p>","protected":false},"excerpt":{"rendered":"<p>SK\u0141ADNIKIananas*, sok ananasowy*. (*certyfikowany sk\u0142adnik ekologiczny) WARTO\u015a\u0106 OD\u017bYWCZA W 100 gWarto\u015b\u0107 energetyczna &#8211; 285 kJ \/ 68 kcal T\u0142uszcz &#8211; 0,3 g w tym kwasy t\u0142uszczowe nasycone &#8211; 0 g W\u0119glowodany &#8211; 12 g w tym cukry &#8211; 12 g Bia\u0142ko &#8211; 1,1 g S\u00f3l &#8211; 0,04 g ZALECANE WARUNKI PRZECHOWYWANIA Przechowywa\u0107 w suchym i [&hellip;]<\/p>","protected":false},"featured_media":2679,"comment_status":"closed","ping_status":"open","template":"","meta":{"_acf_changed":false},"product_brand":[],"product_cat":[1792,998],"product_tag":[],"class_list":{"0":"post-2678","1":"product","2":"type-product","3":"status-publish","4":"has-post-thumbnail","6":"product_cat-owoce-w-zalewie-kiszone","7":"product_cat-przetwory-warzywne-i-owocowe","8":"pa_ean-matka-2451","9":"pa_gwarancja-przydatnosci-324","10":"pa_ilosc-w-opakowaniu-374","11":"pa_jednostka-podstawowa-szt","12":"pa_kod-cn-2008-20-90","13":"pa_kraj-pochodzenia-skladnikow-sri-lanka","14":"pa_masa-netto-268","15":"pa_objetosc-brutto-2450","16":"pa_producent-amaizin-napoje-kokosowe-tortilla-chipsy-inne","17":"pa_producent-nazwa-adres-do-it-consumer-products-bv-hermesweg-7-3771-nd-barneveld","18":"pa_tagi-bez-cukru-w-skladnikach","19":"pa_tagi-bez-glutenu-w-skladnikach","20":"pa_tagi-certyfikat-bio","21":"pa_tagi-weganski","22":"pa_tagi-wegetarianski","24":"first","25":"instock","26":"taxable","27":"shipping-taxable","28":"purchasable","29":"product-type-simple"},"acf":[],"_links":{"self":[{"href":"https:\/\/wiejskieprzysmaki.estima.site\/en\/wp-json\/wp\/v2\/product\/2678","targetHints":{"allow":["GET"]}}],"collection":[{"href":"https:\/\/wiejskieprzysmaki.estima.site\/en\/wp-json\/wp\/v2\/product"}],"about":[{"href":"https:\/\/wiejskieprzysmaki.estima.site\/en\/wp-json\/wp\/v2\/types\/product"}],"replies":[{"embeddable":true,"href":"https:\/\/wiejskieprzysmaki.estima.site\/en\/wp-json\/wp\/v2\/comments?post=2678"}],"wp:featuredmedia":[{"embeddable":true,"href":"https:\/\/wiejskieprzysmaki.estima.site\/en\/wp-json\/wp\/v2\/media\/2679"}],"wp:attachment":[{"href":"https:\/\/wiejskieprzysmaki.estima.site\/en\/wp-json\/wp\/v2\/media?parent=2678"}],"wp:term":[{"taxonomy":"product_brand","embeddable":true,"href":"https:\/\/wiejskieprzysmaki.estima.site\/en\/wp-json\/wp\/v2\/product_brand?post=2678"},{"taxonomy":"product_cat","embeddable":true,"href":"https:\/\/wiejskieprzysmaki.estima.site\/en\/wp-json\/wp\/v2\/product_cat?post=2678"},{"taxonomy":"product_tag","embeddable":true,"href":"https:\/\/wiejskieprzysmaki.estima.site\/en\/wp-json\/wp\/v2\/product_tag?post=2678"}],"curies":[{"name":"wp","href":"https:\/\/api.w.org\/{rel}","templated":true}]}}