{"id":2684,"date":"2025-02-18T10:45:16","date_gmt":"2025-02-18T09:45:16","guid":{"rendered":"https:\/\/wiejskieprzysmaki.estima.site\/produkt\/olej-do-smazenia-z-ghee-bio-500-ml-bio-planete\/"},"modified":"2025-02-18T10:45:28","modified_gmt":"2025-02-18T09:45:28","slug":"olej-do-smazenia-z-ghee-bio-500-ml-bio-planete","status":"publish","type":"product","link":"https:\/\/wiejskieprzysmaki.estima.site\/en\/product\/olej-do-smazenia-z-ghee-bio-500-ml-bio-planete\/","title":{"rendered":"OLEJ DO SMA\u017bENIA Z GHEE BIO 500 ml &#8211; BIO PLANETE"},"content":{"rendered":"<p>SK\u0141ADNIKI<br \/>olej s\u0142onecznikowy* wysokooleinowy, rafinowany (80 %), MAS\u0141O Ghee* (20 %). (*certyfikowany sk\u0142adnik ekologiczny)<\/p>\n<p>OPIS<br \/>Lubisz ma\u015blany smak, ale nie chcesz u\u017cywa\u0107 mas\u0142a? W takim razie ekologiczny olej do sma\u017cenia z mas\u0142em Ghee jest w\u0142a\u015bnie dla Ciebie! Jest to niezawieraj\u0105ce laktozy po\u0142\u0105czenie bogatego w kwas oleinowy oleju s\u0142onecznikowego i intensywnego, ma\u015blanego smaku bez dodatkowych substancji aromatycznych.&nbsp;<br \/>Za t\u0119 delikatn\u0105 ma\u015blan\u0105 nut\u0119 odpowiada MAS\u0141O ghee, kt\u00f3re jest wykorzystywane g\u0142\u00f3wnie w kuchni ajurwedyjskiej. Z MAS\u0141A ghee w procesie klarowania usuwane s\u0105 bia\u0142ka MLEKA, woda i laktoza, co pozwala ostatecznie uzyska\u0107 MAS\u0141O klarowane. <br \/>Nasz ekologiczny olej do sma\u017cenia z mas\u0142em Ghee jest idealnym rozwi\u0105zaniem dla konsument\u00f3w kieruj\u0105cych si\u0119 zasadami \u015bwiadomego od\u017cywiania. Mo\u017cna go rozgrzewa\u0107 do wysokich temperatur i nadaje si\u0119 dla wszystkich, kt\u00f3rzy ceni\u0105 sobie delikatny, ma\u015blany smak podczas gotowania i sma\u017cenia. Mo\u017cna na nim sma\u017cy\u0107 \u015bwie\u017ce warzywa, ryby, omlety, ziemniaki, a nawet desery (np. tosty francuskie). W por\u00f3wnaniu z mas\u0142em lub mas\u0142em klarowanym p\u0142ynna konsystencja pozwala na wyj\u0105tkowo precyzyjne dozowanie.<\/p>\n<p>WARTO\u015a\u0106 OD\u017bYWCZA W 100 ml<br \/>Warto\u015b\u0107 energetyczna &#8211; 3404 kJ\/828 kcal <br \/>T\u0142uszcz &#8211; 92 g <br \/>w tym kwasy t\u0142uszczowe nasycone &#8211; 16 g <br \/>W\u0119glowodany &#8211; 0 g <br \/>w tym cukry &#8211; 0 g <br \/>Bia\u0142ko &#8211; 0 g <br \/>S\u00f3l &#8211; 0 g <br \/>Witamina E &#8211; 40 mg [333 % dziennej referencyjnej warto\u015bci spo\u017cycia witaminy E (dla osoby doros\u0142ej)]<\/p>\n<p>ZALECANE WARUNKI PRZECHOWYWANIA<br \/>Przechowywa\u0107 w temperaturze pokojowej, chroni\u0107 przed \u015bwiat\u0142em. <\/p>","protected":false},"excerpt":{"rendered":"<p>SK\u0141ADNIKIolej s\u0142onecznikowy* wysokooleinowy, rafinowany (80 %), MAS\u0141O Ghee* (20 %). (*certyfikowany sk\u0142adnik ekologiczny) OPISLubisz ma\u015blany smak, ale nie chcesz u\u017cywa\u0107 mas\u0142a? W takim razie ekologiczny olej do sma\u017cenia z mas\u0142em Ghee jest w\u0142a\u015bnie dla Ciebie! Jest to niezawieraj\u0105ce laktozy po\u0142\u0105czenie bogatego w kwas oleinowy oleju s\u0142onecznikowego i intensywnego, ma\u015blanego smaku bez dodatkowych substancji aromatycznych.&nbsp;Za t\u0119 [&hellip;]<\/p>","protected":false},"featured_media":2685,"comment_status":"closed","ping_status":"open","template":"","meta":{"_acf_changed":false},"product_brand":[],"product_cat":[993,1073],"product_tag":[],"class_list":{"0":"post-2684","1":"product","2":"type-product","3":"status-publish","4":"has-post-thumbnail","6":"product_cat-oleje-i-oliwy","7":"product_cat-oleje-plynne","8":"pa_ean-matka-2456","9":"pa_gwarancja-przydatnosci-324","10":"pa_ilosc-w-opakowaniu-298","11":"pa_jednostka-podstawowa-szt","12":"pa_kod-cn-1517-90-10","13":"pa_objetosc-brutto-1098","14":"pa_objetosc-netto-376","15":"pa_producent-bio-planete-oleje-i-oliwy","16":"pa_producent-nazwa-adres-olmuhle-moog-gmbh-klappendorf-1-1623-lommatzsch","17":"pa_tagi-bez-cukru-w-skladnikach","18":"pa_tagi-bez-glutenu-w-skladnikach","19":"pa_tagi-certyfikat-bio","20":"pa_tagi-wegetarianski","22":"first","23":"instock","24":"taxable","25":"shipping-taxable","26":"purchasable","27":"product-type-simple"},"acf":[],"_links":{"self":[{"href":"https:\/\/wiejskieprzysmaki.estima.site\/en\/wp-json\/wp\/v2\/product\/2684","targetHints":{"allow":["GET"]}}],"collection":[{"href":"https:\/\/wiejskieprzysmaki.estima.site\/en\/wp-json\/wp\/v2\/product"}],"about":[{"href":"https:\/\/wiejskieprzysmaki.estima.site\/en\/wp-json\/wp\/v2\/types\/product"}],"replies":[{"embeddable":true,"href":"https:\/\/wiejskieprzysmaki.estima.site\/en\/wp-json\/wp\/v2\/comments?post=2684"}],"wp:featuredmedia":[{"embeddable":true,"href":"https:\/\/wiejskieprzysmaki.estima.site\/en\/wp-json\/wp\/v2\/media\/2685"}],"wp:attachment":[{"href":"https:\/\/wiejskieprzysmaki.estima.site\/en\/wp-json\/wp\/v2\/media?parent=2684"}],"wp:term":[{"taxonomy":"product_brand","embeddable":true,"href":"https:\/\/wiejskieprzysmaki.estima.site\/en\/wp-json\/wp\/v2\/product_brand?post=2684"},{"taxonomy":"product_cat","embeddable":true,"href":"https:\/\/wiejskieprzysmaki.estima.site\/en\/wp-json\/wp\/v2\/product_cat?post=2684"},{"taxonomy":"product_tag","embeddable":true,"href":"https:\/\/wiejskieprzysmaki.estima.site\/en\/wp-json\/wp\/v2\/product_tag?post=2684"}],"curies":[{"name":"wp","href":"https:\/\/api.w.org\/{rel}","templated":true}]}}