{"id":2688,"date":"2025-02-18T10:45:16","date_gmt":"2025-02-18T09:45:16","guid":{"rendered":"https:\/\/wiejskieprzysmaki.estima.site\/produkt\/olej-kokosowy-virgin-bio-400-ml-bio-planete\/"},"modified":"2025-02-18T10:45:29","modified_gmt":"2025-02-18T09:45:29","slug":"olej-kokosowy-virgin-bio-400-ml-bio-planete","status":"publish","type":"product","link":"https:\/\/wiejskieprzysmaki.estima.site\/en\/product\/olej-kokosowy-virgin-bio-400-ml-bio-planete\/","title":{"rendered":"OLEJ KOKOSOWY VIRGIN BIO 400 ml &#8211; BIO PLANETE"},"content":{"rendered":"<p>SK\u0141ADNIKI<br \/>ekologiczny olej kokosowy virgin.<\/p>\n<p>OPIS<br \/>Uniwersalny ekologiczny olej kokosowy virgin ma w Bio Planete d\u0142ug\u0105 tradycj\u0119: ju\u017c od 2006 roku jako jeden z pierwszych producent\u00f3w \u017cywno\u015bci naturalnej oferujemy wysokiej jako\u015bci olej kokosowy virgin prosto z Filipin. Nasz olej kokosowy jest wyciskany na zimno z mi\u0105\u017cszu kokos\u00f3w bezpo\u015brednio po zbiorach. Jest to olej naturalny, kt\u00f3ry nie jest bielony, utwardzany ani dezodoryzowany. ORZECHY kokosowe s\u0105 uprawiane i przetwarzane zgodnie z surowymi standardami dotycz\u0105cymi upraw ekologicznych.<br \/>Za spraw\u0105 wspania\u0142ego aromatu \u015bwie\u017cych orzech\u00f3w kokosowych nasz produkt nadaje potrawom delikatn\u0105, egzotyczn\u0105 nut\u0119. Charakteryzuje si\u0119 du\u017c\u0105 odporno\u015bci\u0105 na wysokie temperatury, dzi\u0119ki czemu wspaniale nadaje si\u0119 do pieczenia i sma\u017cenia. Czysto bia\u0142y, kremowy, naturalny produkt smakuje niebia\u0144sko w s\u0142odyczach (np.&nbsp;truflach kokosowych),&nbsp;wega\u0144skich pastach do chleba&nbsp;i jest idealny r\u00f3wnie\u017c jako sk\u0142adnik&nbsp;ciast i ciasteczek.&nbsp;Olej kokosowy jest te\u017c wa\u017cnym sk\u0142adnikiem naturalnych kosmetyk\u00f3w i jest tradycyjnie stosowany do&nbsp;piel\u0119gnacji sk\u00f3ry i w\u0142os\u00f3w.<\/p>\n<p>WARTO\u015a\u0106 OD\u017bYWCZA W 100 g <br \/>Warto\u015b\u0107 energetyczna &#8211; 3404 kJ\/828 kcal <br \/>T\u0142uszcz &#8211; 92 g <br \/>w tym kwasy t\u0142uszczowe nasycone &#8211; 87 g <br \/>W\u0119glowodany &#8211; 0 g <br \/>w tym cukry &#8211; 0 g <br \/>Bia\u0142ko &#8211; 0 g <br \/>S\u00f3l &#8211; 0 g <\/p>\n<p>INFORMACJA ALERGENNA&nbsp;<br \/>Mo\u017ce zawiera\u0107 ORZECHY ZIEMNE, SEZAM, MIGDA\u0141Y, ORZECHY LASKOWE i ORZECHY W\u0141OSKIE.&nbsp;<\/p>\n<p>UWAGA<br \/>Zestalanie si\u0119 oleju w temperaturze pokojowej jest jego cech\u0105 naturaln\u0105 i nie wp\u0142ywa na jako\u015b\u0107 produktu.<br \/>W razie potrzeby nale\u017cy podgrza\u0107 s\u0142oik w k\u0105pieli wodnej.<\/p>\n<p>ZALECANE WARUNKI PRZECHOWYWANIA<br \/>Przechowywa\u0107 w suchym i ch\u0142odnym miejscu<\/p>","protected":false},"excerpt":{"rendered":"<p>SK\u0141ADNIKIekologiczny olej kokosowy virgin. OPISUniwersalny ekologiczny olej kokosowy virgin ma w Bio Planete d\u0142ug\u0105 tradycj\u0119: ju\u017c od 2006 roku jako jeden z pierwszych producent\u00f3w \u017cywno\u015bci naturalnej oferujemy wysokiej jako\u015bci olej kokosowy virgin prosto z Filipin. Nasz olej kokosowy jest wyciskany na zimno z mi\u0105\u017cszu kokos\u00f3w bezpo\u015brednio po zbiorach. Jest to olej naturalny, kt\u00f3ry nie jest [&hellip;]<\/p>","protected":false},"featured_media":2689,"comment_status":"closed","ping_status":"open","template":"","meta":{"_acf_changed":false},"product_brand":[],"product_cat":[993,994],"product_tag":[],"class_list":{"0":"post-2688","1":"product","2":"type-product","3":"status-publish","4":"has-post-thumbnail","6":"product_cat-oleje-i-oliwy","7":"product_cat-stale-kokosowe-kakaowe-shea","8":"pa_ean-matka-2459","9":"pa_gwarancja-przydatnosci-1534","10":"pa_ilosc-w-opakowaniu-298","11":"pa_jednostka-podstawowa-szt","12":"pa_kod-cn-1513-11-91","13":"pa_objetosc-brutto-990","14":"pa_objetosc-netto-987","15":"pa_producent-bio-planete-oleje-i-oliwy","16":"pa_producent-nazwa-adres-olmuhle-moog-gmbh-klappendorf-1-1623-lommatzsch","17":"pa_tagi-bez-cukru-w-skladnikach","18":"pa_tagi-bez-glutenu-w-skladnikach","19":"pa_tagi-certyfikat-bio","20":"pa_tagi-weganski","21":"pa_tagi-wegetarianski","23":"first","24":"instock","25":"taxable","26":"shipping-taxable","27":"purchasable","28":"product-type-simple"},"acf":[],"_links":{"self":[{"href":"https:\/\/wiejskieprzysmaki.estima.site\/en\/wp-json\/wp\/v2\/product\/2688","targetHints":{"allow":["GET"]}}],"collection":[{"href":"https:\/\/wiejskieprzysmaki.estima.site\/en\/wp-json\/wp\/v2\/product"}],"about":[{"href":"https:\/\/wiejskieprzysmaki.estima.site\/en\/wp-json\/wp\/v2\/types\/product"}],"replies":[{"embeddable":true,"href":"https:\/\/wiejskieprzysmaki.estima.site\/en\/wp-json\/wp\/v2\/comments?post=2688"}],"wp:featuredmedia":[{"embeddable":true,"href":"https:\/\/wiejskieprzysmaki.estima.site\/en\/wp-json\/wp\/v2\/media\/2689"}],"wp:attachment":[{"href":"https:\/\/wiejskieprzysmaki.estima.site\/en\/wp-json\/wp\/v2\/media?parent=2688"}],"wp:term":[{"taxonomy":"product_brand","embeddable":true,"href":"https:\/\/wiejskieprzysmaki.estima.site\/en\/wp-json\/wp\/v2\/product_brand?post=2688"},{"taxonomy":"product_cat","embeddable":true,"href":"https:\/\/wiejskieprzysmaki.estima.site\/en\/wp-json\/wp\/v2\/product_cat?post=2688"},{"taxonomy":"product_tag","embeddable":true,"href":"https:\/\/wiejskieprzysmaki.estima.site\/en\/wp-json\/wp\/v2\/product_tag?post=2688"}],"curies":[{"name":"wp","href":"https:\/\/api.w.org\/{rel}","templated":true}]}}