{"id":2690,"date":"2025-02-18T10:45:16","date_gmt":"2025-02-18T09:45:16","guid":{"rendered":"https:\/\/wiejskieprzysmaki.estima.site\/produkt\/pasta-kokosowa-bio-200-g-amaizin\/"},"modified":"2025-02-18T10:45:30","modified_gmt":"2025-02-18T09:45:30","slug":"pasta-kokosowa-bio-200-g-amaizin","status":"publish","type":"product","link":"https:\/\/wiejskieprzysmaki.estima.site\/en\/product\/pasta-kokosowa-bio-200-g-amaizin\/","title":{"rendered":"PASTA KOKOSOWA BIO 200 g &#8211; AMAIZIN"},"content":{"rendered":"<p>SK\u0141ADNIKI<br \/>kokos* 100% (*certyfikowany sk\u0142adnik ekologiczny)<\/p>\n<p>OPIS<br \/>Pasta kokosowa AMAIZIN to delikatny koncentrat powsta\u0142y z ods\u0105czonego, czystego mi\u0105\u017cszu z kokosa. Mo\u017ce by\u0107 u\u017cyta, aby wbogaci\u0107 smak Twoich ulubionych da\u0144 kuchni Azjatyckiej i innych. Idealna do deser\u00f3w, ciast czy jako nap\u00f3j kokosowy (50 g pasty wymiesza\u0107 ze 100 ml ciep\u0142ej wody).<\/p>\n<p>WARTO\u015a\u0106 OD\u017bYWCZA W 100 g<br \/>Warto\u015b\u0107 energetyczna: 2866 kJ\/685 kcal  <br \/>T\u0142uszcz &#8211; 69 g  <br \/>w tym kwasy t\u0142uszczowe nasycone &#8211; 66 g  <br \/>W\u0119glowodany &#8211; 21 g  <br \/>w tym cukry &#8211;  5,8 g  <br \/>Bia\u0142ko &#8211; 6,6 g  <br \/>S\u00f3l &#8211; 0,03 g<\/p>\n<p>ZALECANE WARUNKI PRZECHOWYWANIA  <br \/>Przechowywa\u0107 w suchym i ch\u0142odnym miejscu. W zale\u017cno\u015bci od temperatury przechowywania mo\u017ce wydzieli\u0107 si\u0119 niewielka ilo\u015b\u0107 oleju kokosowego, co nie ma wp\u0142ywu na jako\u015b\u0107 produktu.<\/p>","protected":false},"excerpt":{"rendered":"<p>SK\u0141ADNIKIkokos* 100% (*certyfikowany sk\u0142adnik ekologiczny) OPISPasta kokosowa AMAIZIN to delikatny koncentrat powsta\u0142y z ods\u0105czonego, czystego mi\u0105\u017cszu z kokosa. Mo\u017ce by\u0107 u\u017cyta, aby wbogaci\u0107 smak Twoich ulubionych da\u0144 kuchni Azjatyckiej i innych. Idealna do deser\u00f3w, ciast czy jako nap\u00f3j kokosowy (50 g pasty wymiesza\u0107 ze 100 ml ciep\u0142ej wody). WARTO\u015a\u0106 OD\u017bYWCZA W 100 gWarto\u015b\u0107 energetyczna: 2866 [&hellip;]<\/p>","protected":false},"featured_media":2691,"comment_status":"closed","ping_status":"open","template":"","meta":{"_acf_changed":false},"product_brand":[],"product_cat":[36],"product_tag":[],"class_list":{"0":"post-2690","1":"product","2":"type-product","3":"status-publish","4":"has-post-thumbnail","6":"product_cat-dodatki-do-wypiekow-i-deserow","7":"pa_ean-matka-2461","8":"pa_gwarancja-przydatnosci-311","9":"pa_ilosc-w-opakowaniu-374","10":"pa_jednostka-podstawowa-szt","11":"pa_kod-cn-2008-19-92","12":"pa_masa-netto-354","13":"pa_objetosc-brutto-2460","14":"pa_producent-amaizin-napoje-kokosowe-tortilla-chipsy-inne","15":"pa_producent-nazwa-adres-do-it-consumer-products-bv-hermesweg-7-3771-nd-barneveld","16":"pa_tagi-bez-cukru-w-skladnikach","17":"pa_tagi-bez-glutenu-w-skladnikach","18":"pa_tagi-certyfikat-bio","19":"pa_tagi-weganski","20":"pa_tagi-wegetarianski","22":"first","23":"instock","24":"taxable","25":"shipping-taxable","26":"purchasable","27":"product-type-simple"},"acf":[],"_links":{"self":[{"href":"https:\/\/wiejskieprzysmaki.estima.site\/en\/wp-json\/wp\/v2\/product\/2690","targetHints":{"allow":["GET"]}}],"collection":[{"href":"https:\/\/wiejskieprzysmaki.estima.site\/en\/wp-json\/wp\/v2\/product"}],"about":[{"href":"https:\/\/wiejskieprzysmaki.estima.site\/en\/wp-json\/wp\/v2\/types\/product"}],"replies":[{"embeddable":true,"href":"https:\/\/wiejskieprzysmaki.estima.site\/en\/wp-json\/wp\/v2\/comments?post=2690"}],"wp:featuredmedia":[{"embeddable":true,"href":"https:\/\/wiejskieprzysmaki.estima.site\/en\/wp-json\/wp\/v2\/media\/2691"}],"wp:attachment":[{"href":"https:\/\/wiejskieprzysmaki.estima.site\/en\/wp-json\/wp\/v2\/media?parent=2690"}],"wp:term":[{"taxonomy":"product_brand","embeddable":true,"href":"https:\/\/wiejskieprzysmaki.estima.site\/en\/wp-json\/wp\/v2\/product_brand?post=2690"},{"taxonomy":"product_cat","embeddable":true,"href":"https:\/\/wiejskieprzysmaki.estima.site\/en\/wp-json\/wp\/v2\/product_cat?post=2690"},{"taxonomy":"product_tag","embeddable":true,"href":"https:\/\/wiejskieprzysmaki.estima.site\/en\/wp-json\/wp\/v2\/product_tag?post=2690"}],"curies":[{"name":"wp","href":"https:\/\/api.w.org\/{rel}","templated":true}]}}