{"id":2694,"date":"2025-02-18T10:45:16","date_gmt":"2025-02-18T09:45:16","guid":{"rendered":"https:\/\/wiejskieprzysmaki.estima.site\/produkt\/herbata-czarna-assam-bio-20-x-2-g-40-g-lebensbaum\/"},"modified":"2025-02-18T10:45:32","modified_gmt":"2025-02-18T09:45:32","slug":"herbata-czarna-assam-bio-20-x-2-g-40-g-lebensbaum","status":"publish","type":"product","link":"https:\/\/wiejskieprzysmaki.estima.site\/en\/product\/herbata-czarna-assam-bio-20-x-2-g-40-g-lebensbaum\/","title":{"rendered":"HERBATA CZARNA ASSAM BIO (20 x 2 g) 40 g &#8211; LEBENSBAUM"},"content":{"rendered":"<p>SK\u0141ADNIKI<br \/>herbata czarna Assam* (*certyfikowany sk\u0142adnik ekologiczny)<\/p>\n<p>OPIS<br \/>Herbata Assam o ostrym s\u0142odowym, wyj\u0105tkowo bogatym smaku. <\/p>\n<p>SPOS\u00d3B PRZYGOTOWANIA<br \/>1 saszetk\u0119 w\u0142o\u017cy\u0107 do fili\u017canki i zala\u0107 wrz\u0105c\u0105 wod\u0105. Zaparza\u0107 3 &#8211; 5 minut.&nbsp;<\/p>\n<p>ZALECANE WARUNKI PRZECHOWYWANIA <br \/>Przechowywa\u0107 w suchym i ch\u0142odnym miejscu<\/p>","protected":false},"excerpt":{"rendered":"<p>SK\u0141ADNIKIherbata czarna Assam* (*certyfikowany sk\u0142adnik ekologiczny) OPISHerbata Assam o ostrym s\u0142odowym, wyj\u0105tkowo bogatym smaku. SPOS\u00d3B PRZYGOTOWANIA1 saszetk\u0119 w\u0142o\u017cy\u0107 do fili\u017canki i zala\u0107 wrz\u0105c\u0105 wod\u0105. Zaparza\u0107 3 &#8211; 5 minut.&nbsp; ZALECANE WARUNKI PRZECHOWYWANIA Przechowywa\u0107 w suchym i ch\u0142odnym miejscu<\/p>","protected":false},"featured_media":2695,"comment_status":"closed","ping_status":"open","template":"","meta":{"_acf_changed":false},"product_brand":[],"product_cat":[1267,282],"product_tag":[],"class_list":{"0":"post-2694","1":"product","2":"type-product","3":"status-publish","4":"has-post-thumbnail","6":"product_cat-czarne-w-tym-z-dodatkami","7":"product_cat-herbaty-i-ziola","8":"pa_ean-matka-2463","9":"pa_gwarancja-przydatnosci-320","10":"pa_ilosc-w-opakowaniu-331","11":"pa_jednostka-podstawowa-szt","12":"pa_kod-cn-0902-30-00","13":"pa_kraj-pochodzenia-skladnikow-indie","14":"pa_masa-netto-351","15":"pa_objetosc-brutto-1306","16":"pa_producent-lebensbaum-przyprawy-herbaty-kawy","17":"pa_producent-nazwa-adres-ulrich-walter-gmbh-dr-jurgen-ulderup-strase-12-49356-diepholz","18":"pa_tagi-bez-cukru-w-skladnikach","19":"pa_tagi-bez-glutenu-w-skladnikach","20":"pa_tagi-certyfikat-bio","21":"pa_tagi-weganski","22":"pa_tagi-wegetarianski","24":"first","25":"instock","26":"taxable","27":"shipping-taxable","28":"purchasable","29":"product-type-simple"},"acf":[],"_links":{"self":[{"href":"https:\/\/wiejskieprzysmaki.estima.site\/en\/wp-json\/wp\/v2\/product\/2694","targetHints":{"allow":["GET"]}}],"collection":[{"href":"https:\/\/wiejskieprzysmaki.estima.site\/en\/wp-json\/wp\/v2\/product"}],"about":[{"href":"https:\/\/wiejskieprzysmaki.estima.site\/en\/wp-json\/wp\/v2\/types\/product"}],"replies":[{"embeddable":true,"href":"https:\/\/wiejskieprzysmaki.estima.site\/en\/wp-json\/wp\/v2\/comments?post=2694"}],"wp:featuredmedia":[{"embeddable":true,"href":"https:\/\/wiejskieprzysmaki.estima.site\/en\/wp-json\/wp\/v2\/media\/2695"}],"wp:attachment":[{"href":"https:\/\/wiejskieprzysmaki.estima.site\/en\/wp-json\/wp\/v2\/media?parent=2694"}],"wp:term":[{"taxonomy":"product_brand","embeddable":true,"href":"https:\/\/wiejskieprzysmaki.estima.site\/en\/wp-json\/wp\/v2\/product_brand?post=2694"},{"taxonomy":"product_cat","embeddable":true,"href":"https:\/\/wiejskieprzysmaki.estima.site\/en\/wp-json\/wp\/v2\/product_cat?post=2694"},{"taxonomy":"product_tag","embeddable":true,"href":"https:\/\/wiejskieprzysmaki.estima.site\/en\/wp-json\/wp\/v2\/product_tag?post=2694"}],"curies":[{"name":"wp","href":"https:\/\/api.w.org\/{rel}","templated":true}]}}