{"id":2710,"date":"2025-02-18T10:45:33","date_gmt":"2025-02-18T09:45:33","guid":{"rendered":"https:\/\/wiejskieprzysmaki.estima.site\/produkt\/bulion-warzywny-granulowany-bezglutenowy-bio-120-g-alce-nero\/"},"modified":"2025-02-18T10:45:36","modified_gmt":"2025-02-18T09:45:36","slug":"bulion-warzywny-granulowany-bezglutenowy-bio-120-g-alce-nero","status":"publish","type":"product","link":"https:\/\/wiejskieprzysmaki.estima.site\/en\/product\/bulion-warzywny-granulowany-bezglutenowy-bio-120-g-alce-nero\/","title":{"rendered":"BULION WARZYWNY GRANULOWANY BEZGLUTENOWY BIO 120 g &#8211; ALCE NERO"},"content":{"rendered":"<p>SK\u0141ADNIKI<br \/>s\u00f3l, suszone p\u0142atki ziemniaczane*, m\u0105ka kukurydziana*, suszone warzywa* (9,4 %) [cebula* (5 %), marchew* (3,3 %), SELER* (1 %), pomidory* (0,1 %)], cukier trzcinowy*, kurkuma*, ga\u0142ka muszkato\u0142owa*, bazylia*, natka pietruszki* (0,4 %). (*sk\u0142adniki ekologiczne)<\/p>\n<p>OPIS<br \/>Bulion warzywny w proszku Alce Nero bez dodatku oleju palmowego, jest idealny do przyrz\u0105dzania wszelkiego rodzaju zup, sos\u00f3w czy risotto. <\/p>\n<p>WARTO\u015a\u0106 OD\u017bYWCZA W 100 g<br \/>Warto\u015b\u0107 energetyczna &#8211; 722 kJ \/172 kcal<br \/>T\u0142uszcz &#8211; 0,7 g<br \/>w tym kwasy t\u0142uszczowe nasycone &#8211; 0,1 g<br \/>W\u0119glowodany &#8211; 36 g<br \/>w tym cukry &#8211; 4,9 g<br \/>B\u0142onnik &#8211; 2,9 g<br \/>Bia\u0142ko &#8211; 3,9 g<br \/>S\u00f3l &#8211; 53 g<\/p>\n<p>INFORMACJA ALERGENNA<br \/>Produkt mo\u017ce zawiera\u0107 MLEKO (\u0142\u0105cznie z LAKTOZ\u0104).<\/p>\n<p>SPOS\u00d3B U\u017bYCIA <br \/>Rozpu\u015bci\u0107 10 g (ok. 1 \u0142y\u017ck\u0119) w 0,5 l wrz\u0105cej wody lub u\u017cy\u0107 jako przyprawy do potraw.<\/p>\n<p>ZALECANE WARUNKI PRZECHOWYWANIA<br \/>Przechowywa\u0107 w suchym i ch\u0142odnym miejscu, z dala od bezpo\u015brednich \u017ar\u00f3de\u0142 pary.<\/p>","protected":false},"excerpt":{"rendered":"<p>SK\u0141ADNIKIs\u00f3l, suszone p\u0142atki ziemniaczane*, m\u0105ka kukurydziana*, suszone warzywa* (9,4 %) [cebula* (5 %), marchew* (3,3 %), SELER* (1 %), pomidory* (0,1 %)], cukier trzcinowy*, kurkuma*, ga\u0142ka muszkato\u0142owa*, bazylia*, natka pietruszki* (0,4 %). (*sk\u0142adniki ekologiczne) OPISBulion warzywny w proszku Alce Nero bez dodatku oleju palmowego, jest idealny do przyrz\u0105dzania wszelkiego rodzaju zup, sos\u00f3w czy risotto. WARTO\u015a\u0106 [&hellip;]<\/p>","protected":false},"featured_media":2711,"comment_status":"closed","ping_status":"open","template":"","meta":{"_acf_changed":false},"product_brand":[],"product_cat":[229],"product_tag":[],"class_list":{"0":"post-2710","1":"product","2":"type-product","3":"status-publish","4":"has-post-thumbnail","6":"product_cat-przyprawy-i-ziola","7":"pa_ean-matka-2476","8":"pa_gwarancja-przydatnosci-1922","9":"pa_ilosc-w-opakowaniu-374","10":"pa_jednostka-podstawowa-szt","11":"pa_kod-cn-2104-10-00","12":"pa_kraj-pochodzenia-skladnikow-turcja","13":"pa_masa-netto-411","14":"pa_objetosc-brutto-2045","15":"pa_producent-alce-nero-wloskie-produkty","16":"pa_producent-nazwa-adres-alce-nero-s-p-a-via-palazzetti-5c-40068-san-lazzaro-di-savena-bo","17":"pa_tagi-bez-glutenu-deklaracja","18":"pa_tagi-bez-glutenu-w-skladnikach","19":"pa_tagi-certyfikat-bio","20":"pa_tagi-weganski","21":"pa_tagi-wegetarianski","23":"first","24":"instock","25":"taxable","26":"shipping-taxable","27":"purchasable","28":"product-type-simple"},"acf":[],"_links":{"self":[{"href":"https:\/\/wiejskieprzysmaki.estima.site\/en\/wp-json\/wp\/v2\/product\/2710","targetHints":{"allow":["GET"]}}],"collection":[{"href":"https:\/\/wiejskieprzysmaki.estima.site\/en\/wp-json\/wp\/v2\/product"}],"about":[{"href":"https:\/\/wiejskieprzysmaki.estima.site\/en\/wp-json\/wp\/v2\/types\/product"}],"replies":[{"embeddable":true,"href":"https:\/\/wiejskieprzysmaki.estima.site\/en\/wp-json\/wp\/v2\/comments?post=2710"}],"wp:featuredmedia":[{"embeddable":true,"href":"https:\/\/wiejskieprzysmaki.estima.site\/en\/wp-json\/wp\/v2\/media\/2711"}],"wp:attachment":[{"href":"https:\/\/wiejskieprzysmaki.estima.site\/en\/wp-json\/wp\/v2\/media?parent=2710"}],"wp:term":[{"taxonomy":"product_brand","embeddable":true,"href":"https:\/\/wiejskieprzysmaki.estima.site\/en\/wp-json\/wp\/v2\/product_brand?post=2710"},{"taxonomy":"product_cat","embeddable":true,"href":"https:\/\/wiejskieprzysmaki.estima.site\/en\/wp-json\/wp\/v2\/product_cat?post=2710"},{"taxonomy":"product_tag","embeddable":true,"href":"https:\/\/wiejskieprzysmaki.estima.site\/en\/wp-json\/wp\/v2\/product_tag?post=2710"}],"curies":[{"name":"wp","href":"https:\/\/api.w.org\/{rel}","templated":true}]}}